{"id":24,"date":"2015-10-17T21:22:42","date_gmt":"2015-10-18T01:22:42","guid":{"rendered":"https:\/\/wp.ufpel.edu.br\/aditeme\/?page_id=24"},"modified":"2015-11-11T18:12:22","modified_gmt":"2015-11-11T20:12:22","slug":"voce-conhece-o-pecos","status":"publish","type":"page","link":"https:\/\/wp.ufpel.edu.br\/aditeme\/atendimento-especial-de-pacientes-com-disfuncao-da-articulacao-temporomandibular-aditeme\/voce-conhece-o-pecos\/","title":{"rendered":"Conheces o PECOS?"},"content":{"rendered":"<p>A Plataforma de Ensino Continuado de Odontologia e Sa\u00fade (PECOS) \u00e9 uma plataforma eletr\u00f4nica vinculada \u00e0 Universidade Federal de Pelotas, RS (UFPel), cuja a finalidade \u00e9 contribuir, atrav\u00e9s da divulga\u00e7\u00e3o de conhecimentos espec\u00edficos da Odontologia e das demais \u00e1reas afins, com a forma\u00e7\u00e3o e o ensino continuado de discentes, Cirurgi\u00f5es-Dentistas e demais profissionais ligados \u00e0 \u00e1rea da sa\u00fade.<\/p>\n<p><a href=\"https:\/\/wp.ufpel.edu.br\/pecos\/missao\/\" target=\"_blank\">Acesse aqui!<\/a><\/p>\n","protected":false},"excerpt":{"rendered":"<p>A Plataforma de Ensino Continuado de Odontologia e Sa\u00fade (PECOS) \u00e9 uma plataforma eletr\u00f4nica vinculada \u00e0 Universidade Federal de Pelotas, RS (UFPel), cuja a finalidade \u00e9 contribuir, atrav\u00e9s da divulga\u00e7\u00e3o de conhecimentos espec\u00edficos da Odontologia e das demais \u00e1reas afins, &hellip; <a href=\"https:\/\/wp.ufpel.edu.br\/aditeme\/atendimento-especial-de-pacientes-com-disfuncao-da-articulacao-temporomandibular-aditeme\/voce-conhece-o-pecos\/\">Continue lendo <span class=\"meta-nav\">&rarr;<\/span><\/a><\/p>\n","protected":false},"author":575,"featured_media":0,"parent":6,"menu_order":5,"comment_status":"closed","ping_status":"closed","template":"","meta":{"jetpack_post_was_ever_published":false,"footnotes":""},"class_list":["post-24","page","type-page","status-publish","hentry"],"jetpack_sharing_enabled":true,"jetpack_shortlink":"https:\/\/wp.me\/P6TkMU-o","jetpack-related-posts":[],"_links":{"self":[{"href":"https:\/\/wp.ufpel.edu.br\/aditeme\/wp-json\/wp\/v2\/pages\/24","targetHints":{"allow":["GET"]}}],"collection":[{"href":"https:\/\/wp.ufpel.edu.br\/aditeme\/wp-json\/wp\/v2\/pages"}],"about":[{"href":"https:\/\/wp.ufpel.edu.br\/aditeme\/wp-json\/wp\/v2\/types\/page"}],"author":[{"embeddable":true,"href":"https:\/\/wp.ufpel.edu.br\/aditeme\/wp-json\/wp\/v2\/users\/575"}],"replies":[{"embeddable":true,"href":"https:\/\/wp.ufpel.edu.br\/aditeme\/wp-json\/wp\/v2\/comments?post=24"}],"version-history":[{"count":2,"href":"https:\/\/wp.ufpel.edu.br\/aditeme\/wp-json\/wp\/v2\/pages\/24\/revisions"}],"predecessor-version":[{"id":130,"href":"https:\/\/wp.ufpel.edu.br\/aditeme\/wp-json\/wp\/v2\/pages\/24\/revisions\/130"}],"up":[{"embeddable":true,"href":"https:\/\/wp.ufpel.edu.br\/aditeme\/wp-json\/wp\/v2\/pages\/6"}],"wp:attachment":[{"href":"https:\/\/wp.ufpel.edu.br\/aditeme\/wp-json\/wp\/v2\/media?parent=24"}],"curies":[{"name":"wp","href":"https:\/\/api.w.org\/{rel}","templated":true}]}}