{"id":167,"date":"2016-02-24T16:01:14","date_gmt":"2016-02-24T19:01:14","guid":{"rendered":"https:\/\/wp.ufpel.edu.br\/aditeme\/?page_id=167"},"modified":"2016-03-02T22:29:16","modified_gmt":"2016-03-03T01:29:16","slug":"corpo-editorial","status":"publish","type":"page","link":"https:\/\/wp.ufpel.edu.br\/aditeme\/atendimento-especial-de-pacientes-com-disfuncao-da-articulacao-temporomandibular-aditeme\/corpo-editorial\/","title":{"rendered":"Corpo Editorial"},"content":{"rendered":"<p><strong>Editores<\/strong><\/p>\n<p>Editor Chefe:<\/p>\n<p>Guilherme Bri\u00e3o Camacho<br \/>\nProfessor Titular da Faculdade de Odontologia da Universidade Federal de Pelotas, RS, Brasil<\/p>\n<p>Editores Adjuntos:<\/p>\n<p>Renato Fabr\u00edcio de Andrade Waldemarin<br \/>\nProfessor Adjunto da Faculdade de Odontologia da Universidade Federal de Pelotas, RS, Brasil<\/p>\n<p>Eduardo Luiz Barbin<br \/>\nProfessor Adjunto da Faculdade de Odontologia da Universidade Federal de Pelotas, RS, Brasil<\/p>\n<p>J\u00falio C\u00e9sar Emboava Span\u00f3<br \/>\nProfessor Adjunto da Faculdade de Odontologia da Universidade Federal de Pelotas, RS, Brasil<\/p>\n<p>&nbsp;<\/p>\n","protected":false},"excerpt":{"rendered":"<p>Editores Editor Chefe: Guilherme Bri\u00e3o Camacho Professor Titular da Faculdade de Odontologia da Universidade Federal de Pelotas, RS, Brasil Editores Adjuntos: Renato Fabr\u00edcio de Andrade Waldemarin Professor Adjunto da Faculdade de Odontologia da Universidade Federal de Pelotas, RS, Brasil Eduardo &hellip; <a href=\"https:\/\/wp.ufpel.edu.br\/aditeme\/atendimento-especial-de-pacientes-com-disfuncao-da-articulacao-temporomandibular-aditeme\/corpo-editorial\/\">Continue lendo <span class=\"meta-nav\">&rarr;<\/span><\/a><\/p>\n","protected":false},"author":575,"featured_media":0,"parent":6,"menu_order":7,"comment_status":"closed","ping_status":"closed","template":"","meta":{"jetpack_post_was_ever_published":false,"footnotes":""},"class_list":["post-167","page","type-page","status-publish","hentry"],"jetpack_sharing_enabled":true,"jetpack_shortlink":"https:\/\/wp.me\/P6TkMU-2H","jetpack-related-posts":[],"_links":{"self":[{"href":"https:\/\/wp.ufpel.edu.br\/aditeme\/wp-json\/wp\/v2\/pages\/167","targetHints":{"allow":["GET"]}}],"collection":[{"href":"https:\/\/wp.ufpel.edu.br\/aditeme\/wp-json\/wp\/v2\/pages"}],"about":[{"href":"https:\/\/wp.ufpel.edu.br\/aditeme\/wp-json\/wp\/v2\/types\/page"}],"author":[{"embeddable":true,"href":"https:\/\/wp.ufpel.edu.br\/aditeme\/wp-json\/wp\/v2\/users\/575"}],"replies":[{"embeddable":true,"href":"https:\/\/wp.ufpel.edu.br\/aditeme\/wp-json\/wp\/v2\/comments?post=167"}],"version-history":[{"count":4,"href":"https:\/\/wp.ufpel.edu.br\/aditeme\/wp-json\/wp\/v2\/pages\/167\/revisions"}],"predecessor-version":[{"id":196,"href":"https:\/\/wp.ufpel.edu.br\/aditeme\/wp-json\/wp\/v2\/pages\/167\/revisions\/196"}],"up":[{"embeddable":true,"href":"https:\/\/wp.ufpel.edu.br\/aditeme\/wp-json\/wp\/v2\/pages\/6"}],"wp:attachment":[{"href":"https:\/\/wp.ufpel.edu.br\/aditeme\/wp-json\/wp\/v2\/media?parent=167"}],"curies":[{"name":"wp","href":"https:\/\/api.w.org\/{rel}","templated":true}]}}