{"id":132,"date":"2015-11-19T22:16:46","date_gmt":"2015-11-20T00:16:46","guid":{"rendered":"https:\/\/wp.ufpel.edu.br\/aditeme\/?page_id=132"},"modified":"2015-11-30T16:24:09","modified_gmt":"2015-11-30T18:24:09","slug":"discentes-2015","status":"publish","type":"page","link":"https:\/\/wp.ufpel.edu.br\/aditeme\/atendimento-especial-de-pacientes-com-disfuncao-da-articulacao-temporomandibular-aditeme\/discentes-2015\/","title":{"rendered":"Discentes"},"content":{"rendered":"<p style=\"padding-left: 30px\">TURMA ATUAL 2015\/2:<\/p>\n<p style=\"padding-left: 60px\">Sabrina Machado Marques<\/p>\n<p style=\"padding-left: 60px\">Maria Giulia Laroque Silva<\/p>\n<p style=\"padding-left: 60px\">Andressa Gomes<\/p>\n<p style=\"padding-left: 60px\">Ingrid Santos Castro<\/p>\n<p style=\"padding-left: 60px\">Nat\u00e1lia Gon\u00e7alves Macedo<\/p>\n<p style=\"padding-left: 60px\">J\u00e9ssika Leandra Lopes Gruendemann<\/p>\n<p style=\"padding-left: 60px\">Marina de Brito Teixeira<\/p>\n<p style=\"padding-left: 60px\">Natalia Yumi Silveira Makino<\/p>\n<p style=\"padding-left: 60px\">Salma Rose Buchnveitz Salybi<\/p>\n<p style=\"padding-left: 60px\">Camila Iorio Mattar<\/p>\n<p style=\"padding-left: 60px\">Larissa Silveira Pinto<\/p>\n<p style=\"padding-left: 60px\">Mayara dos Santos Moraes<\/p>\n<p style=\"padding-left: 60px\">Marcos Vin\u00edcius Pegoraro<\/p>\n<p style=\"padding-left: 60px\">Sara Alice Zago Jeziorski<\/p>\n","protected":false},"excerpt":{"rendered":"<p>TURMA ATUAL 2015\/2: Sabrina Machado Marques Maria Giulia Laroque Silva Andressa Gomes Ingrid Santos Castro Nat\u00e1lia Gon\u00e7alves Macedo J\u00e9ssika Leandra Lopes Gruendemann Marina de Brito Teixeira Natalia Yumi Silveira Makino Salma Rose Buchnveitz Salybi Camila Iorio Mattar Larissa Silveira Pinto &hellip; <a href=\"https:\/\/wp.ufpel.edu.br\/aditeme\/atendimento-especial-de-pacientes-com-disfuncao-da-articulacao-temporomandibular-aditeme\/discentes-2015\/\">Continue lendo <span class=\"meta-nav\">&rarr;<\/span><\/a><\/p>\n","protected":false},"author":575,"featured_media":0,"parent":6,"menu_order":0,"comment_status":"closed","ping_status":"closed","template":"","meta":{"jetpack_post_was_ever_published":false,"footnotes":""},"class_list":["post-132","page","type-page","status-publish","hentry"],"jetpack_sharing_enabled":true,"jetpack_shortlink":"https:\/\/wp.me\/P6TkMU-28","jetpack-related-posts":[],"_links":{"self":[{"href":"https:\/\/wp.ufpel.edu.br\/aditeme\/wp-json\/wp\/v2\/pages\/132","targetHints":{"allow":["GET"]}}],"collection":[{"href":"https:\/\/wp.ufpel.edu.br\/aditeme\/wp-json\/wp\/v2\/pages"}],"about":[{"href":"https:\/\/wp.ufpel.edu.br\/aditeme\/wp-json\/wp\/v2\/types\/page"}],"author":[{"embeddable":true,"href":"https:\/\/wp.ufpel.edu.br\/aditeme\/wp-json\/wp\/v2\/users\/575"}],"replies":[{"embeddable":true,"href":"https:\/\/wp.ufpel.edu.br\/aditeme\/wp-json\/wp\/v2\/comments?post=132"}],"version-history":[{"count":8,"href":"https:\/\/wp.ufpel.edu.br\/aditeme\/wp-json\/wp\/v2\/pages\/132\/revisions"}],"predecessor-version":[{"id":150,"href":"https:\/\/wp.ufpel.edu.br\/aditeme\/wp-json\/wp\/v2\/pages\/132\/revisions\/150"}],"up":[{"embeddable":true,"href":"https:\/\/wp.ufpel.edu.br\/aditeme\/wp-json\/wp\/v2\/pages\/6"}],"wp:attachment":[{"href":"https:\/\/wp.ufpel.edu.br\/aditeme\/wp-json\/wp\/v2\/media?parent=132"}],"curies":[{"name":"wp","href":"https:\/\/api.w.org\/{rel}","templated":true}]}}