{"id":126,"date":"2015-11-11T18:05:41","date_gmt":"2015-11-11T20:05:41","guid":{"rendered":"https:\/\/wp.ufpel.edu.br\/aditeme\/?page_id=126"},"modified":"2015-11-11T18:20:00","modified_gmt":"2015-11-11T20:20:00","slug":"unidades-de-protese-dentaria","status":"publish","type":"page","link":"https:\/\/wp.ufpel.edu.br\/aditeme\/atendimento-especial-de-pacientes-com-disfuncao-da-articulacao-temporomandibular-aditeme\/unidades-de-protese-dentaria\/","title":{"rendered":"Pr\u00f3tese Dent\u00e1ria"},"content":{"rendered":"<p>Voc\u00ea conhece as disciplinas de pr\u00f3tese da gradua\u00e7\u00e3o da Faculdade de Odontologia da Universidade Federal de Pelotas?<\/p>\n<p>N\u00e3o? Clique <a href=\"https:\/\/wp.ufpel.edu.br\/protparcial\/\" target=\"_blank\">AQUI!<\/a><\/p>\n","protected":false},"excerpt":{"rendered":"<p>Voc\u00ea conhece as disciplinas de pr\u00f3tese da gradua\u00e7\u00e3o da Faculdade de Odontologia da Universidade Federal de Pelotas? N\u00e3o? Clique AQUI!<\/p>\n","protected":false},"author":575,"featured_media":0,"parent":6,"menu_order":6,"comment_status":"closed","ping_status":"closed","template":"onecolumn-page.php","meta":{"jetpack_post_was_ever_published":false,"footnotes":""},"class_list":["post-126","page","type-page","status-publish","hentry"],"jetpack_sharing_enabled":true,"jetpack_shortlink":"https:\/\/wp.me\/P6TkMU-22","jetpack-related-posts":[],"_links":{"self":[{"href":"https:\/\/wp.ufpel.edu.br\/aditeme\/wp-json\/wp\/v2\/pages\/126","targetHints":{"allow":["GET"]}}],"collection":[{"href":"https:\/\/wp.ufpel.edu.br\/aditeme\/wp-json\/wp\/v2\/pages"}],"about":[{"href":"https:\/\/wp.ufpel.edu.br\/aditeme\/wp-json\/wp\/v2\/types\/page"}],"author":[{"embeddable":true,"href":"https:\/\/wp.ufpel.edu.br\/aditeme\/wp-json\/wp\/v2\/users\/575"}],"replies":[{"embeddable":true,"href":"https:\/\/wp.ufpel.edu.br\/aditeme\/wp-json\/wp\/v2\/comments?post=126"}],"version-history":[{"count":2,"href":"https:\/\/wp.ufpel.edu.br\/aditeme\/wp-json\/wp\/v2\/pages\/126\/revisions"}],"predecessor-version":[{"id":128,"href":"https:\/\/wp.ufpel.edu.br\/aditeme\/wp-json\/wp\/v2\/pages\/126\/revisions\/128"}],"up":[{"embeddable":true,"href":"https:\/\/wp.ufpel.edu.br\/aditeme\/wp-json\/wp\/v2\/pages\/6"}],"wp:attachment":[{"href":"https:\/\/wp.ufpel.edu.br\/aditeme\/wp-json\/wp\/v2\/media?parent=126"}],"curies":[{"name":"wp","href":"https:\/\/api.w.org\/{rel}","templated":true}]}}