{"id":984,"date":"2022-08-10T14:03:48","date_gmt":"2022-08-10T17:03:48","guid":{"rendered":"https:\/\/wp.ufpel.edu.br\/acessoainformacao\/?page_id=984"},"modified":"2025-01-10T10:35:40","modified_gmt":"2025-01-10T13:35:40","slug":"institucional","status":"publish","type":"page","link":"https:\/\/wp.ufpel.edu.br\/acessoainformacao\/institucional\/","title":{"rendered":"Institucional"},"content":{"rendered":"<p>Se\u00e7\u00e3o reservada a divulga\u00e7\u00e3o de informa\u00e7\u00f5es referentes ao ambiente institucional, descritas em um <a href=\"https:\/\/portal.ufpel.edu.br\/historico\/\">Hist\u00f3rico Institucional<\/a>, bem como, sua estrutura organizacional representada no <a href=\"https:\/\/institucional.ufpel.edu.br\/unidades\/#organograma\">Organograma da UFPel<\/a>.<\/p>\n<p><strong>Base Jur\u00eddica<\/strong><\/p>\n<p>As atas, comiss\u00f5es, resolu\u00e7\u00f5es, pareceres normativos e outros documentos est\u00e3o dispon\u00edveis na p\u00e1gina da <a href=\"https:\/\/wp.ufpel.edu.br\/scs\/\">Secretaria dos Conselhos Superiores<\/a>:<\/p>\n<p><a href=\"https:\/\/wp.ufpel.edu.br\/scs\/regimento\/\">Regimento Geral da UFPEL<\/a><br \/>\n<a href=\"https:\/\/wp.ufpel.edu.br\/scs\/estatuto\/\">Estatuto da Funda\u00e7\u00e3o<\/a><\/p>\n<p>&nbsp;<\/p>\n<p><strong>Portal Institucional<\/strong><\/p>\n<p>Para consulta das informa\u00e7\u00f5es institucionais dos servidores (telefones, endere\u00e7os e e-mail de contato) acesse o <a href=\"https:\/\/institucional.ufpel.edu.br\/\">Portal Institucional da UFPel<\/a> e informe o nome do servidor. Para obter informa\u00e7\u00f5es referentes aos servidores envolvidos na gest\u00e3o da UFPel, acesse o item <a href=\"https:\/\/institucional.ufpel.edu.br\/gestao\">Gest\u00e3o<\/a>, do Portal Institucional.<\/p>\n","protected":false},"excerpt":{"rendered":"<p>Se\u00e7\u00e3o reservada a divulga\u00e7\u00e3o de informa\u00e7\u00f5es referentes ao ambiente institucional, descritas em um Hist\u00f3rico Institucional, bem como, sua estrutura organizacional representada no Organograma da UFPel. Base Jur\u00eddica As atas, comiss\u00f5es, resolu\u00e7\u00f5es, pareceres normativos e outros documentos est\u00e3o dispon\u00edveis na p\u00e1gina da Secretaria dos Conselhos Superiores: Regimento Geral da UFPEL Estatuto da Funda\u00e7\u00e3o &nbsp; Portal Institucional [&hellip;]<\/p>\n","protected":false},"author":540,"featured_media":0,"parent":0,"menu_order":0,"comment_status":"closed","ping_status":"closed","template":"","meta":{"footnotes":""},"class_list":["post-984","page","type-page","status-publish","hentry"],"jetpack_sharing_enabled":true,"_links":{"self":[{"href":"https:\/\/wp.ufpel.edu.br\/acessoainformacao\/wp-json\/wp\/v2\/pages\/984","targetHints":{"allow":["GET"]}}],"collection":[{"href":"https:\/\/wp.ufpel.edu.br\/acessoainformacao\/wp-json\/wp\/v2\/pages"}],"about":[{"href":"https:\/\/wp.ufpel.edu.br\/acessoainformacao\/wp-json\/wp\/v2\/types\/page"}],"author":[{"embeddable":true,"href":"https:\/\/wp.ufpel.edu.br\/acessoainformacao\/wp-json\/wp\/v2\/users\/540"}],"replies":[{"embeddable":true,"href":"https:\/\/wp.ufpel.edu.br\/acessoainformacao\/wp-json\/wp\/v2\/comments?post=984"}],"version-history":[{"count":62,"href":"https:\/\/wp.ufpel.edu.br\/acessoainformacao\/wp-json\/wp\/v2\/pages\/984\/revisions"}],"predecessor-version":[{"id":1380,"href":"https:\/\/wp.ufpel.edu.br\/acessoainformacao\/wp-json\/wp\/v2\/pages\/984\/revisions\/1380"}],"wp:attachment":[{"href":"https:\/\/wp.ufpel.edu.br\/acessoainformacao\/wp-json\/wp\/v2\/media?parent=984"}],"curies":[{"name":"wp","href":"https:\/\/api.w.org\/{rel}","templated":true}]}}