{"id":912,"date":"2022-07-29T10:59:09","date_gmt":"2022-07-29T13:59:09","guid":{"rendered":"https:\/\/wp.ufpel.edu.br\/acessoainformacao\/?page_id=912"},"modified":"2022-08-24T17:43:20","modified_gmt":"2022-08-24T20:43:20","slug":"priorizacoes-pda-2022-2024","status":"publish","type":"page","link":"https:\/\/wp.ufpel.edu.br\/acessoainformacao\/priorizacoes-pda-2022-2024\/","title":{"rendered":"Prioriza\u00e7\u00f5es PDA (2022-2024)"},"content":{"rendered":"<p><div id=\"polls-3\" class=\"wp-polls\">\n\t\t<p style=\"text-align: center;\"><strong>Voc\u00ea conhecia o <a href=\"https:\/\/dados.ufpel.edu.br\">Portal de Dados Abertos da UFPel<\/a> e a sua finalidade?<\/strong><\/p><div id=\"polls-3-ans\" class=\"wp-polls-ans\"><ul class=\"wp-polls-ul\">\n\t\t<li>Sim <small>(56%, 52 Votos)<\/small><div class=\"pollbar\" style=\"width: 56%;\" title=\"Sim (56% | 52 Votos)\"><\/div><\/li>\n\t\t<li>N\u00e3o <small>(44%, 41 Votos)<\/small><div class=\"pollbar\" style=\"width: 44%;\" title=\"N\u00e3o (44% | 41 Votos)\"><\/div><\/li>\n\t\t<\/ul><p style=\"text-align: center;\">Total de Participantes:: <strong>93<\/strong><\/p><\/div>\n\t\t<input type=\"hidden\" id=\"poll_3_nonce\" name=\"wp-polls-nonce\" value=\"8dc8f1666a\" \/>\n<\/div>\n<div id=\"polls-3-loading\" class=\"wp-polls-loading\"><img src=\"https:\/\/wp.ufpel.edu.br\/acessoainformacao\/wp-content\/plugins\/wp-polls\/images\/loading.gif\" width=\"16\" height=\"16\" alt=\"Carregando ...\" title=\"Carregando ...\" class=\"wp-polls-image\" \/>&nbsp;Carregando ...<\/div>\n<br \/>\n<div id=\"polls-4\" class=\"wp-polls\">\n\t\t<p style=\"text-align: center;\"><strong>O Portal possui um conjunto de bases de dados (acad\u00eamicas, administrativas etc). Essas bases, j\u00e1 abertas, est\u00e3o de acordo com suas expectativas?<\/strong><\/p><div id=\"polls-4-ans\" class=\"wp-polls-ans\"><ul class=\"wp-polls-ul\">\n\t\t<li>Sim <small>(62%, 57 Votos)<\/small><div class=\"pollbar\" style=\"width: 62%;\" title=\"Sim (62% | 57 Votos)\"><\/div><\/li>\n\t\t<li>N\u00e3o <small>(38%, 35 Votos)<\/small><div class=\"pollbar\" style=\"width: 38%;\" title=\"N\u00e3o (38% | 35 Votos)\"><\/div><\/li>\n\t\t<\/ul><p style=\"text-align: center;\">Total de Participantes:: <strong>92<\/strong><\/p><\/div>\n\t\t<input type=\"hidden\" id=\"poll_4_nonce\" name=\"wp-polls-nonce\" value=\"f1e5009620\" \/>\n<\/div>\n<div id=\"polls-4-loading\" class=\"wp-polls-loading\"><img src=\"https:\/\/wp.ufpel.edu.br\/acessoainformacao\/wp-content\/plugins\/wp-polls\/images\/loading.gif\" width=\"16\" height=\"16\" alt=\"Carregando ...\" title=\"Carregando ...\" class=\"wp-polls-image\" \/>&nbsp;Carregando ...<\/div>\n<br \/>\n<div id=\"polls-2\" class=\"wp-polls\">\n\t\t<p style=\"text-align: center;\"><strong>Para o pr\u00f3ximo per\u00edodo ser\u00e3o abertas as bases descritas abaixo. Por favor, assinale a seguir, qual(is) a(s) base(s) que voc\u00ea acha importante(s)?<\/strong><\/p><div id=\"polls-2-ans\" class=\"wp-polls-ans\"><ul class=\"wp-polls-ul\">\n\t\t<li>Dados referentes aos benef\u00edcios concedidos; <small>(17%, 61 Votos)<\/small><div class=\"pollbar\" style=\"width: 17%;\" title=\"Dados referentes aos benef\u00edcios concedidos; (17% | 61 Votos)\"><\/div><\/li>\n\t\t<li>Dados referentes \u00e0s turmas ofertadas; <small>(16%, 58 Votos)<\/small><div class=\"pollbar\" style=\"width: 16%;\" title=\"Dados referentes \u00e0s turmas ofertadas; (16% | 58 Votos)\"><\/div><\/li>\n\t\t<li>Dados dos consumos do RU agrupados por m\u00eas; <small>(15%, 52 Votos)<\/small><div class=\"pollbar\" style=\"width: 15%;\" title=\"Dados dos consumos do RU agrupados por m\u00eas; (15% | 52 Votos)\"><\/div><\/li>\n\t\t<li>Lista dos ve\u00edculos oficiais da universidade; <small>(14%, 51 Votos)<\/small><div class=\"pollbar\" style=\"width: 14%;\" title=\"Lista dos ve\u00edculos oficiais da universidade; (14% | 51 Votos)\"><\/div><\/li>\n\t\t<li>Lista das viagens realizadas com os ve\u00edculos oficiais; <small>(14%, 50 Votos)<\/small><div class=\"pollbar\" style=\"width: 14%;\" title=\"Lista das viagens realizadas com os ve\u00edculos oficiais; (14% | 50 Votos)\"><\/div><\/li>\n\t\t<li>Lista dos componentes curriculares dos cursos; <small>(14%, 50 Votos)<\/small><div class=\"pollbar\" style=\"width: 14%;\" title=\"Lista dos componentes curriculares dos cursos; (14% | 50 Votos)\"><\/div><\/li>\n\t\t<li>Dados referentes aos seguros dos alunos, agrupados por curso e turno. <small>(9%, 32 Votos)<\/small><div class=\"pollbar\" style=\"width: 9%;\" title=\"Dados referentes aos seguros dos alunos, agrupados por curso e turno. (9% | 32 Votos)\"><\/div><\/li>\n\t\t<\/ul><p style=\"text-align: center;\">Total de Participantes:: <strong>93<\/strong><\/p><\/div>\n\t\t<input type=\"hidden\" id=\"poll_2_nonce\" name=\"wp-polls-nonce\" value=\"18ae285788\" \/>\n<\/div>\n<div id=\"polls-2-loading\" class=\"wp-polls-loading\"><img src=\"https:\/\/wp.ufpel.edu.br\/acessoainformacao\/wp-content\/plugins\/wp-polls\/images\/loading.gif\" width=\"16\" height=\"16\" alt=\"Carregando ...\" title=\"Carregando ...\" class=\"wp-polls-image\" \/>&nbsp;Carregando ...<\/div>\n<\/p>\n<p><input name=\"vote\" type=\"button\" value=\"votar\" onclick=\"if((document.getElementById('poll-answer-13').checked||document.getElementById('poll-answer-14').checked)&#038;&#038;(document.getElementById('poll-answer-15').checked||document.getElementById('poll-answer-16').checked)&#038;&#038;(document.getElementById('poll-answer-6').checked || document.getElementById('poll-answer-7').checked || document.getElementById('poll-answer-8').checked || document.getElementById('poll-answer-9').checked || document.getElementById('poll-answer-10').checked || document.getElementById('poll-answer-11').checked || document.getElementById('poll-answer-12').checked)){poll_vote(2);poll_vote(3);poll_vote(4);document.getElementById('single_post_inside').setAttribute('style','display:none'); alert('Voto computado com sucesso!');window.location.reload();}else{alert('\u00c9 necess\u00e1rio responder todas as quest\u00f5es.');}\" \/><\/p>\n<style>\n.Buttons{display:none !important;}\n.wp-polls > form > p {\n    text-align: left !important;}\n.wp-polls-ans p { display: none;}\n\/*backup\n<input name=\"vote\" type=\"button\" value=\"votar\" onclick=\"if((document.getElementById('poll-answer-13').checked||document.getElementById('poll-answer-14').checked)&#038;&#038;(document.getElementById('poll-answer-15').checked||document.getElementById('poll-answer-16').checked)&#038;&#038;(document.getElementById('poll-answer-6').checked || document.getElementById('poll-answer-7').checked || document.getElementById('poll-answer-8').checked || document.getElementById('poll-answer-9').checked || document.getElementById('poll-answer-10').checked || document.getElementById('poll-answer-11').checked || document.getElementById('poll-answer-12').checked)){poll_vote(2);poll_vote(3);poll_vote(4);document.getElementById('single_post_inside').setAttribute('style','display:none'); alert('Voto computado com sucesso!');window.location.reload();}else{alert('\u00c9 necess\u00e1rio responder todas as quest\u00f5es.');}\" \/>\n*\/\n<\/style>\n","protected":false},"excerpt":{"rendered":"","protected":false},"author":667,"featured_media":0,"parent":0,"menu_order":0,"comment_status":"closed","ping_status":"closed","template":"","meta":{"footnotes":""},"class_list":["post-912","page","type-page","status-publish","hentry"],"jetpack_sharing_enabled":true,"_links":{"self":[{"href":"https:\/\/wp.ufpel.edu.br\/acessoainformacao\/wp-json\/wp\/v2\/pages\/912","targetHints":{"allow":["GET"]}}],"collection":[{"href":"https:\/\/wp.ufpel.edu.br\/acessoainformacao\/wp-json\/wp\/v2\/pages"}],"about":[{"href":"https:\/\/wp.ufpel.edu.br\/acessoainformacao\/wp-json\/wp\/v2\/types\/page"}],"author":[{"embeddable":true,"href":"https:\/\/wp.ufpel.edu.br\/acessoainformacao\/wp-json\/wp\/v2\/users\/667"}],"replies":[{"embeddable":true,"href":"https:\/\/wp.ufpel.edu.br\/acessoainformacao\/wp-json\/wp\/v2\/comments?post=912"}],"version-history":[{"count":33,"href":"https:\/\/wp.ufpel.edu.br\/acessoainformacao\/wp-json\/wp\/v2\/pages\/912\/revisions"}],"predecessor-version":[{"id":1388,"href":"https:\/\/wp.ufpel.edu.br\/acessoainformacao\/wp-json\/wp\/v2\/pages\/912\/revisions\/1388"}],"wp:attachment":[{"href":"https:\/\/wp.ufpel.edu.br\/acessoainformacao\/wp-json\/wp\/v2\/media?parent=912"}],"curies":[{"name":"wp","href":"https:\/\/api.w.org\/{rel}","templated":true}]}}