{"id":9,"date":"2012-04-05T10:16:58","date_gmt":"2012-04-05T13:16:58","guid":{"rendered":"https:\/\/wp.ufpel.edu.br\/acessoainformacao\/"},"modified":"2023-05-04T17:01:17","modified_gmt":"2023-05-04T20:01:17","slug":"convenios","status":"publish","type":"page","link":"https:\/\/wp.ufpel.edu.br\/acessoainformacao\/convenios\/","title":{"rendered":"Conv\u00eanios"},"content":{"rendered":"<p>Nesta se\u00e7\u00e3o s\u00e3o divulgadas informa\u00e7\u00f5es sobre os repasses e transfer\u00eancias de recursos financeiros efetuados pela Universidade Federal de Pelotas.<\/p>\n<p><a href=\"https:\/\/wp.ufpel.edu.br\/convenios\/\" target=\"_blank\" rel=\"noopener\">Coordenadoria de Conv\u00eanios UFPel<\/a><\/p>\n<p><strong>Conv\u00eanios SICONV<\/strong><br \/>\nAcesse o relat\u00f3rio dos conv\u00eanios, atrav\u00e9s da p\u00e1gina da Coordenadoria de Conv\u00eanios, no \u00edtem &#8220;Presta\u00e7\u00e3o de Contas&#8221;, &#8220;Relat\u00f3rio Situacional&#8221; e clique em &#8220;Conv\u00eanios SICONV&#8221;, no &#8220;Relat\u00f3rio de Presta\u00e7\u00e3o de Contas de Conv\u00eanios SICONV&#8221;, escolha e clique no n\u00famero correspondente ao conv\u00eanio, na coluna &#8220;SICONV&#8221;. Esta a\u00e7\u00e3o, ir\u00e1 mostrar a proposta de maneira detalhada na p\u00e1gina da &#8220;Plataforma Mais Brasil.&#8221;<\/p>\n<p><strong>Contratos<\/strong><br \/>\nAcesse o relat\u00f3rio dos contratos, atrav\u00e9s da p\u00e1gina da Coordenadoria de Conv\u00eanios, no \u00edtem &#8220;Presta\u00e7\u00e3o de Contas&#8221;, &#8220;Relat\u00f3rio Situacional&#8221; e clique em &#8220;Contratos&#8221;, esta a\u00e7\u00e3o ir\u00e1 mostrar o &#8220;Relat\u00f3rio de Presta\u00e7\u00e3o de Contas de Contratos.&#8221;<\/p>\n<p><strong>Portal da transpar\u00eancia<\/strong><br \/>\nAcompanhe de forma detalhada os contratos da UFPel, acessando o <a href=\"https:\/\/www.portaldatransparencia.gov.br\/\" target=\"_blank\" rel=\"noopener\">Portal da Transpar\u00eancia<\/a>. No site do Portal, v\u00e1 em &#8220;Consulta Detalhada&#8221; e clique em &#8220;Contratos&#8221;. Agilize sua busca aplicando alguns &#8220;Filtros&#8221;, como o per\u00edodo de assinatura do contrato e o &#8220;Org\u00e3o&#8221; ao qual deseja obter informa\u00e7\u00f5es, clique em &#8220;Consulta&#8221; e visualize todas os dados do contrato clicando em &#8220;Detalhar&#8221; na coluna correspondente.<\/p>\n<p><!--<a href=\"https:\/\/www.convenios.gov.br\/portal\/acessoLivre.html\" target=\"_blank\" rel=\"noopener\">Clique aqui e consulte as informa\u00e7\u00f5es diretamente no Portal dos Conv\u00eanios do Governo Federal<\/a>.--><\/p>\n","protected":false},"excerpt":{"rendered":"<p>Nesta se\u00e7\u00e3o s\u00e3o divulgadas informa\u00e7\u00f5es sobre os repasses e transfer\u00eancias de recursos financeiros efetuados pela Universidade Federal de Pelotas. Coordenadoria de Conv\u00eanios UFPel Conv\u00eanios SICONV Acesse o relat\u00f3rio dos conv\u00eanios, atrav\u00e9s da p\u00e1gina da Coordenadoria de Conv\u00eanios, no \u00edtem &#8220;Presta\u00e7\u00e3o de Contas&#8221;, &#8220;Relat\u00f3rio Situacional&#8221; e clique em &#8220;Conv\u00eanios SICONV&#8221;, no &#8220;Relat\u00f3rio de Presta\u00e7\u00e3o de Contas [&hellip;]<\/p>\n","protected":false},"author":145,"featured_media":0,"parent":0,"menu_order":0,"comment_status":"closed","ping_status":"closed","template":"","meta":{"footnotes":""},"class_list":["post-9","page","type-page","status-publish","hentry"],"jetpack_sharing_enabled":true,"_links":{"self":[{"href":"https:\/\/wp.ufpel.edu.br\/acessoainformacao\/wp-json\/wp\/v2\/pages\/9","targetHints":{"allow":["GET"]}}],"collection":[{"href":"https:\/\/wp.ufpel.edu.br\/acessoainformacao\/wp-json\/wp\/v2\/pages"}],"about":[{"href":"https:\/\/wp.ufpel.edu.br\/acessoainformacao\/wp-json\/wp\/v2\/types\/page"}],"author":[{"embeddable":true,"href":"https:\/\/wp.ufpel.edu.br\/acessoainformacao\/wp-json\/wp\/v2\/users\/145"}],"replies":[{"embeddable":true,"href":"https:\/\/wp.ufpel.edu.br\/acessoainformacao\/wp-json\/wp\/v2\/comments?post=9"}],"version-history":[{"count":25,"href":"https:\/\/wp.ufpel.edu.br\/acessoainformacao\/wp-json\/wp\/v2\/pages\/9\/revisions"}],"predecessor-version":[{"id":1103,"href":"https:\/\/wp.ufpel.edu.br\/acessoainformacao\/wp-json\/wp\/v2\/pages\/9\/revisions\/1103"}],"wp:attachment":[{"href":"https:\/\/wp.ufpel.edu.br\/acessoainformacao\/wp-json\/wp\/v2\/media?parent=9"}],"curies":[{"name":"wp","href":"https:\/\/api.w.org\/{rel}","templated":true}]}}