{"id":87,"date":"2012-05-08T10:39:32","date_gmt":"2012-05-08T13:39:32","guid":{"rendered":"https:\/\/wp.ufpel.edu.br\/acessoainformacao\/?page_id=87"},"modified":"2024-04-09T09:24:56","modified_gmt":"2024-04-09T12:24:56","slug":"apresentacao","status":"publish","type":"page","link":"https:\/\/wp.ufpel.edu.br\/acessoainformacao\/","title":{"rendered":"Apresenta\u00e7\u00e3o"},"content":{"rendered":"<p>A <a href=\"http:\/\/www.planalto.gov.br\/ccivil_03\/_ato2011-2014\/2011\/lei\/l12527.htm\">Lei 12.527, de 18\/11\/2011<\/a>, regulamenta que o acesso \u00e0 informa\u00e7\u00e3o seja, por regra, imediato a qualquer interessado (o sigilo passa a ser expressamente exce\u00e7\u00e3o), impondo aos gestores a disponibiliza\u00e7\u00e3o das averigua\u00e7\u00f5es solicitadas.<\/p>\n<p>Nesse sentido, a UFPel trabalha para fazer da transpar\u00eancia ativa uma realidade institucional, facilitando o acesso e a socializa\u00e7\u00e3o dos seus atos.<\/p>\n<p>Sendo assim, apresentam-se a seguir os principais canais de comunica\u00e7\u00e3o da Universidade, por meio dos quais a comunidade pode sanar d\u00favidas, consultar informa\u00e7\u00f5es institucionais, encaminhar questionamentos e obter suporte.<\/p>\n<p><a href=\"https:\/\/institucional.ufpel.edu.br\/\">Portal Institucional<\/a>: \u00c9 o local definitivo para consulta de informa\u00e7\u00f5es acad\u00eamicas e administrativas da UFPel.<\/p>\n<p><a href=\"http:\/\/dados.ufpel.edu.br\/\">Portal de Dados Abertos<\/a>: Espa\u00e7o virtual onde a UFPel implementa os normativos que instituem a Infraestrutura Nacional de Dados Abertos (INDA) e a Pol\u00edtica Nacional de Dados Abertos, compromissos assumidos no \u00e2mbito do Governo Aberto, bem como, outros normativos que abordam o tema de transpar\u00eancia.<\/p>\n<p><a href=\"https:\/\/wp.ufpel.edu.br\/ouvidoria\/\">Ouvidoria<\/a>: Canal de comunica\u00e7\u00e3o entre o cidad\u00e3o e a Institui\u00e7\u00e3o, \u00e9 respons\u00e1vel pelo tratamento das reclama\u00e7\u00f5es, solicita\u00e7\u00f5es, den\u00fancias, sugest\u00f5es, elogios e pedidos de simplifica\u00e7\u00e3o relativos \u00e0s pol\u00edticas e aos servi\u00e7os p\u00fablicos prestados pela UFPel, com foco no incentivo ao aprimoramento da gest\u00e3o p\u00fablica e \u00e0 transpar\u00eancia em suas a\u00e7\u00f5es.<\/p>\n<p><a href=\"https:\/\/atendimento.ufpel.edu.br\/\">Solicita\u00e7\u00e3o de Atendimento<\/a>: Canal de atendimento virtual para encaminhamento de solicita\u00e7\u00e3o de suporte e apoio a diferentes servi\u00e7os e sistemas da UFPel.<\/p>\n<p>Para que o direito de acesso seja respeitado, a Lei de Acesso \u00e0 Informa\u00e7\u00e3o (LAI), estabelece que todos os \u00f3rg\u00e3os e entidades p\u00fablicos devem indicar um servidor para verificar o cumprimento da LAI na institui\u00e7\u00e3o. Na UFPel a autoridade est\u00e1 diretamente subordinada \u00e0 dirigente m\u00e1xima do \u00f3rg\u00e3o.<\/p>\n<p><strong>Alfredo Luiz da Costa Tillmann<\/strong><br \/>\nAutoridade de monitoramento da LAI<br \/>\nE-mail: autoridade.lai@ufpel.edu.br<\/p>\n<p><a href=\"https:\/\/esic.cgu.gov.br\/falabr.html\" target=\"_blank\" rel=\"noopener\"><img class=\"alignnone\" style=\"font-family: arial, helvetica, sans-serif;\" src=\"https:\/\/www.saaec.com.br\/wp-content\/uploads\/img_acesso_informacao.png\" alt=\"\" width=\"44\" height=\"59\" \/><\/a><\/p>\n","protected":false},"excerpt":{"rendered":"<p>A Lei 12.527, de 18\/11\/2011, regulamenta que o acesso \u00e0 informa\u00e7\u00e3o seja, por regra, imediato a qualquer interessado (o sigilo passa a ser expressamente exce\u00e7\u00e3o), impondo aos gestores a disponibiliza\u00e7\u00e3o das averigua\u00e7\u00f5es solicitadas. Nesse sentido, a UFPel trabalha para fazer da transpar\u00eancia ativa uma realidade institucional, facilitando o acesso e a socializa\u00e7\u00e3o dos seus atos. [&hellip;]<\/p>\n","protected":false},"author":145,"featured_media":0,"parent":0,"menu_order":0,"comment_status":"closed","ping_status":"closed","template":"","meta":{"_crdt_document":"","footnotes":""},"class_list":["post-87","page","type-page","status-publish","hentry"],"jetpack_sharing_enabled":true,"_links":{"self":[{"href":"https:\/\/wp.ufpel.edu.br\/acessoainformacao\/wp-json\/wp\/v2\/pages\/87","targetHints":{"allow":["GET"]}}],"collection":[{"href":"https:\/\/wp.ufpel.edu.br\/acessoainformacao\/wp-json\/wp\/v2\/pages"}],"about":[{"href":"https:\/\/wp.ufpel.edu.br\/acessoainformacao\/wp-json\/wp\/v2\/types\/page"}],"author":[{"embeddable":true,"href":"https:\/\/wp.ufpel.edu.br\/acessoainformacao\/wp-json\/wp\/v2\/users\/145"}],"replies":[{"embeddable":true,"href":"https:\/\/wp.ufpel.edu.br\/acessoainformacao\/wp-json\/wp\/v2\/comments?post=87"}],"version-history":[{"count":50,"href":"https:\/\/wp.ufpel.edu.br\/acessoainformacao\/wp-json\/wp\/v2\/pages\/87\/revisions"}],"predecessor-version":[{"id":1277,"href":"https:\/\/wp.ufpel.edu.br\/acessoainformacao\/wp-json\/wp\/v2\/pages\/87\/revisions\/1277"}],"wp:attachment":[{"href":"https:\/\/wp.ufpel.edu.br\/acessoainformacao\/wp-json\/wp\/v2\/media?parent=87"}],"curies":[{"name":"wp","href":"https:\/\/api.w.org\/{rel}","templated":true}]}}