{"id":827,"date":"2021-12-21T14:45:02","date_gmt":"2021-12-21T17:45:02","guid":{"rendered":"https:\/\/wp.ufpel.edu.br\/acessoainformacao\/?page_id=827"},"modified":"2023-05-04T16:11:12","modified_gmt":"2023-05-04T19:11:12","slug":"carta-de-servicos-ao-cidadao-2","status":"publish","type":"page","link":"https:\/\/wp.ufpel.edu.br\/acessoainformacao\/carta-de-servicos-ao-cidadao-2\/","title":{"rendered":"Carta de Servi\u00e7os ao Usu\u00e1rio"},"content":{"rendered":"<p>A Carta de Servi\u00e7os ao Usu\u00e1rio, institu\u00edda pelo Decreto Federal n\u00ba 6.939 de 11 de agosto de 2009, tem como objetivo disponibilizar as informa\u00e7\u00f5es sobre a Universidade Federal de Pelotas, relativamente aos servi\u00e7os prestados por esta Institui\u00e7\u00e3o, visando, ainda, o compromisso com o atendimento e os padr\u00f5es de qualidade estabelecidos, incluindo as suas tr\u00eas grandes \u00e1reas de atua\u00e7\u00e3o: Ensino, Pesquisa e Extens\u00e3o.<\/p>\n<p><a href=\"https:\/\/wp.ufpel.edu.br\/acessoainformacao\/files\/2018\/03\/Carta-de-Servicos-ao-Cidadao.pdf\">Carta de Servi\u00e7os ao Usu\u00e1rio (UFPel 2018)<\/a><\/p>\n","protected":false},"excerpt":{"rendered":"<p>A Carta de Servi\u00e7os ao Usu\u00e1rio, institu\u00edda pelo Decreto Federal n\u00ba 6.939 de 11 de agosto de 2009, tem como objetivo disponibilizar as informa\u00e7\u00f5es sobre a Universidade Federal de Pelotas, relativamente aos servi\u00e7os prestados por esta Institui\u00e7\u00e3o, visando, ainda, o compromisso com o atendimento e os padr\u00f5es de qualidade estabelecidos, incluindo as suas tr\u00eas grandes [&hellip;]<\/p>\n","protected":false},"author":540,"featured_media":0,"parent":0,"menu_order":0,"comment_status":"closed","ping_status":"closed","template":"","meta":{"footnotes":""},"class_list":["post-827","page","type-page","status-publish","hentry"],"jetpack_sharing_enabled":true,"_links":{"self":[{"href":"https:\/\/wp.ufpel.edu.br\/acessoainformacao\/wp-json\/wp\/v2\/pages\/827","targetHints":{"allow":["GET"]}}],"collection":[{"href":"https:\/\/wp.ufpel.edu.br\/acessoainformacao\/wp-json\/wp\/v2\/pages"}],"about":[{"href":"https:\/\/wp.ufpel.edu.br\/acessoainformacao\/wp-json\/wp\/v2\/types\/page"}],"author":[{"embeddable":true,"href":"https:\/\/wp.ufpel.edu.br\/acessoainformacao\/wp-json\/wp\/v2\/users\/540"}],"replies":[{"embeddable":true,"href":"https:\/\/wp.ufpel.edu.br\/acessoainformacao\/wp-json\/wp\/v2\/comments?post=827"}],"version-history":[{"count":9,"href":"https:\/\/wp.ufpel.edu.br\/acessoainformacao\/wp-json\/wp\/v2\/pages\/827\/revisions"}],"predecessor-version":[{"id":1288,"href":"https:\/\/wp.ufpel.edu.br\/acessoainformacao\/wp-json\/wp\/v2\/pages\/827\/revisions\/1288"}],"wp:attachment":[{"href":"https:\/\/wp.ufpel.edu.br\/acessoainformacao\/wp-json\/wp\/v2\/media?parent=827"}],"curies":[{"name":"wp","href":"https:\/\/api.w.org\/{rel}","templated":true}]}}