{"id":821,"date":"2021-12-21T14:18:37","date_gmt":"2021-12-21T17:18:37","guid":{"rendered":"https:\/\/wp.ufpel.edu.br\/acessoainformacao\/?page_id=821"},"modified":"2026-03-12T17:38:47","modified_gmt":"2026-03-12T20:38:47","slug":"plano-de-integridade-ufpel","status":"publish","type":"page","link":"https:\/\/wp.ufpel.edu.br\/acessoainformacao\/plano-de-integridade-ufpel\/","title":{"rendered":"Plano de Integridade UFPel"},"content":{"rendered":"<p>O Plano de Integridade da UFPel \u00e9 um conjunto estruturado de medidas institucionais voltadas \u00e0 preven\u00e7\u00e3o, detec\u00e7\u00e3o, puni\u00e7\u00e3o e remedia\u00e7\u00e3o de fraudes e atos de corrup\u00e7\u00e3o, em apoio \u00e0 boa governan\u00e7a.<\/p>\n<p><a href=\"https:\/\/wp.ufpel.edu.br\/acessoainformacao\/files\/2026\/03\/Plano-de-Integridade-do-CGINT-2026_2027.pdf\">Plano de Integridade da UFPEL (2026\/2027)<\/a><\/p>\n","protected":false},"excerpt":{"rendered":"<p>O Plano de Integridade da UFPel \u00e9 um conjunto estruturado de medidas institucionais voltadas \u00e0 preven\u00e7\u00e3o, detec\u00e7\u00e3o, puni\u00e7\u00e3o e remedia\u00e7\u00e3o de fraudes e atos de corrup\u00e7\u00e3o, em apoio \u00e0 boa governan\u00e7a. Plano de Integridade da UFPEL (2026\/2027)<\/p>\n","protected":false},"author":540,"featured_media":0,"parent":0,"menu_order":0,"comment_status":"closed","ping_status":"closed","template":"","meta":{"footnotes":""},"class_list":["post-821","page","type-page","status-publish","hentry"],"jetpack_sharing_enabled":true,"_links":{"self":[{"href":"https:\/\/wp.ufpel.edu.br\/acessoainformacao\/wp-json\/wp\/v2\/pages\/821","targetHints":{"allow":["GET"]}}],"collection":[{"href":"https:\/\/wp.ufpel.edu.br\/acessoainformacao\/wp-json\/wp\/v2\/pages"}],"about":[{"href":"https:\/\/wp.ufpel.edu.br\/acessoainformacao\/wp-json\/wp\/v2\/types\/page"}],"author":[{"embeddable":true,"href":"https:\/\/wp.ufpel.edu.br\/acessoainformacao\/wp-json\/wp\/v2\/users\/540"}],"replies":[{"embeddable":true,"href":"https:\/\/wp.ufpel.edu.br\/acessoainformacao\/wp-json\/wp\/v2\/comments?post=821"}],"version-history":[{"count":3,"href":"https:\/\/wp.ufpel.edu.br\/acessoainformacao\/wp-json\/wp\/v2\/pages\/821\/revisions"}],"predecessor-version":[{"id":1437,"href":"https:\/\/wp.ufpel.edu.br\/acessoainformacao\/wp-json\/wp\/v2\/pages\/821\/revisions\/1437"}],"wp:attachment":[{"href":"https:\/\/wp.ufpel.edu.br\/acessoainformacao\/wp-json\/wp\/v2\/media?parent=821"}],"curies":[{"name":"wp","href":"https:\/\/api.w.org\/{rel}","templated":true}]}}