{"id":585,"date":"2018-05-18T11:02:12","date_gmt":"2018-05-18T14:02:12","guid":{"rendered":"https:\/\/wp.ufpel.edu.br\/acessoainformacao\/?page_id=585"},"modified":"2025-12-12T09:55:01","modified_gmt":"2025-12-12T12:55:01","slug":"relatorios","status":"publish","type":"page","link":"https:\/\/wp.ufpel.edu.br\/acessoainformacao\/relatorios\/","title":{"rendered":"Servi\u00e7o de Informa\u00e7\u00e3o ao Cidad\u00e3o"},"content":{"rendered":"<p>\u00c9 a unidade respons\u00e1vel por atender os pedidos de acesso \u00e0 informa\u00e7\u00e3o.<\/p>\n<ul>\n<li>Localiza\u00e7\u00e3o: Rua Gomes Carneiro n\u00ba. 01, Bairro Centro, Pelotas\/RS, Gabinete da Reitora, junto a Ouvidoria na Sala 404 B.<\/li>\n<li>Hor\u00e1rio: de Segunda a Sexta-feira, nos per\u00edodos da manh\u00e3 e tarde.<\/li>\n<li>Respons\u00e1vel pelo SIC: Biolange Oliveira Piegas<\/li>\n<li>E-mail: ouvidoria@ufpel.edu.br<\/li>\n<li>Telefone: (53)3284.4098<\/li>\n<\/ul>\n<p><strong>Solicita\u00e7\u00e3o de acesso \u00e0 informa\u00e7\u00e3o<\/strong><br \/>\nPara protocolar manifesta\u00e7\u00e3o, acesse a <a href=\"http:\/\/falabr.cgu.gov.br\"><b>Plataforma Integrada de Ouvidoria e Acesso \u00e0 Informa\u00e7\u00e3o &#8211; FALA.BR<\/b><br \/>\n<img class=\"wp-image-1186 aligncenter\" src=\"https:\/\/wp.ufpel.edu.br\/acessoainformacao\/files\/2023\/01\/Captura-de-Tela-63.png\" alt=\"\" width=\"222\" height=\"173\" \/><\/a><br \/>\nOu fa\u00e7a o encaminhamento atrav\u00e9s de <a href=\"https:\/\/wp.ufpel.edu.br\/acessoainformacao\/formularios\/\"><b>formul\u00e1rio<\/b><\/a> impresso.<\/p>\n<p><strong>Autoridade de monitoramento da LAI<\/strong><\/p>\n<ul>\n<li>Respons\u00e1vel: Alfredo Luiz da Costa Tillmann<\/li>\n<li>E-mail: autoridade.lai@ufpel.edu.br<\/li>\n<\/ul>\n<p><b>Relat\u00f3rios Estat\u00edsticos de Atendimento \u00e0 LAI<\/b><br \/>\nA <a href=\"https:\/\/www.planalto.gov.br\/ccivil_03\/_ato2011-2014\/2011\/lei\/l12527.htm\" target=\"_blank\" rel=\"noopener\">Lei de Acesso \u00e0 Informa\u00e7\u00e3o N\u00ba 12.527\/2011<\/a>, no seu artigo 30, disp\u00f5e que a institui\u00e7\u00e3o deve disponibilizar relat\u00f3rio estat\u00edstico contendo a quantidade de pedidos de informa\u00e7\u00e3o recebidos, atendidos e indeferidos, bem como informa\u00e7\u00f5es gen\u00e9ricas sobre os solicitantes. Os pedidos de acesso \u00e0 informa\u00e7\u00e3o da UFPel s\u00e3o cadastrados atualmente na Plataforma Integrada Fala.BR, desenvolvido pela Controladoria-Geral da Uni\u00e3o (CGU), que gerencia e disponibiliza os dados que podem ser acessados no seguinte link: <a href=\"https:\/\/centralpaineis.cgu.gov.br\/visualizar\/lai\" target=\"_blank\" rel=\"noopener\"><b>Painel Lei da Acesso \u00e0 Informa\u00e7\u00e3o<\/b><\/a> (para acessar as informa\u00e7\u00f5es referentes aos pedidos encaminhados \u00e0 UFPel, informe o nome do \u00f3rg\u00e3o e selecione o per\u00edodo pretendido).<\/p>\n<p>A seguir os RELAT\u00d3RIOS DA AUTORIDADE DE MONITORAMENTO DA LAI DA UFPEL, organizados por ano:<\/p>\n<p><a href=\"https:\/\/wp.ufpel.edu.br\/acessoainformacao\/files\/2025\/12\/RELATORIO-2023_AUTORIDADE-DE-MONITORAMENTO-DA-LAI-1.pdf\">Relat\u00f3rio 2023<\/a><br \/>\n<a href=\"https:\/\/wp.ufpel.edu.br\/acessoainformacao\/files\/2025\/12\/RELATORIO-2024_AUTORIDADE-DE-MONITORAMENTO-DA-LAI.pdf\">Relat\u00f3rio 2024<\/a><\/p>\n","protected":false},"excerpt":{"rendered":"<p>\u00c9 a unidade respons\u00e1vel por atender os pedidos de acesso \u00e0 informa\u00e7\u00e3o. Localiza\u00e7\u00e3o: Rua Gomes Carneiro n\u00ba. 01, Bairro Centro, Pelotas\/RS, Gabinete da Reitora, junto a Ouvidoria na Sala 404 B. Hor\u00e1rio: de Segunda a Sexta-feira, nos per\u00edodos da manh\u00e3 e tarde. Respons\u00e1vel pelo SIC: Biolange Oliveira Piegas E-mail: ouvidoria@ufpel.edu.br Telefone: (53)3284.4098 Solicita\u00e7\u00e3o de acesso [&hellip;]<\/p>\n","protected":false},"author":798,"featured_media":0,"parent":0,"menu_order":0,"comment_status":"closed","ping_status":"closed","template":"","meta":{"_crdt_document":"","footnotes":""},"class_list":["post-585","page","type-page","status-publish","hentry"],"jetpack_sharing_enabled":true,"_links":{"self":[{"href":"https:\/\/wp.ufpel.edu.br\/acessoainformacao\/wp-json\/wp\/v2\/pages\/585","targetHints":{"allow":["GET"]}}],"collection":[{"href":"https:\/\/wp.ufpel.edu.br\/acessoainformacao\/wp-json\/wp\/v2\/pages"}],"about":[{"href":"https:\/\/wp.ufpel.edu.br\/acessoainformacao\/wp-json\/wp\/v2\/types\/page"}],"author":[{"embeddable":true,"href":"https:\/\/wp.ufpel.edu.br\/acessoainformacao\/wp-json\/wp\/v2\/users\/798"}],"replies":[{"embeddable":true,"href":"https:\/\/wp.ufpel.edu.br\/acessoainformacao\/wp-json\/wp\/v2\/comments?post=585"}],"version-history":[{"count":3,"href":"https:\/\/wp.ufpel.edu.br\/acessoainformacao\/wp-json\/wp\/v2\/pages\/585\/revisions"}],"predecessor-version":[{"id":1431,"href":"https:\/\/wp.ufpel.edu.br\/acessoainformacao\/wp-json\/wp\/v2\/pages\/585\/revisions\/1431"}],"wp:attachment":[{"href":"https:\/\/wp.ufpel.edu.br\/acessoainformacao\/wp-json\/wp\/v2\/media?parent=585"}],"curies":[{"name":"wp","href":"https:\/\/api.w.org\/{rel}","templated":true}]}}