{"id":515,"date":"2017-04-05T12:53:03","date_gmt":"2017-04-05T15:53:03","guid":{"rendered":"https:\/\/wp.ufpel.edu.br\/acessoainformacao\/?page_id=515"},"modified":"2025-08-12T08:58:45","modified_gmt":"2025-08-12T11:58:45","slug":"participacao-social","status":"publish","type":"page","link":"https:\/\/wp.ufpel.edu.br\/acessoainformacao\/participacao-social\/","title":{"rendered":"Participa\u00e7\u00e3o Social"},"content":{"rendered":"<p>Nesta se\u00e7\u00e3o, s\u00e3o divulgadas informa\u00e7\u00f5es referentes \u00e0 realiza\u00e7\u00e3o de audi\u00eancias p\u00fablicas, consultas p\u00fablicas ou outras formas de incentivo \u00e0 participa\u00e7\u00e3o popular realizadas pela UFPEL.<\/p>\n<p><strong>A participa\u00e7\u00e3o social e a Pol\u00edtica de Dados Abertos na UFPEL<\/strong><\/p>\n<p>A participa\u00e7\u00e3o social na prioriza\u00e7\u00e3o de abertura de bases atende \u00e0 determina\u00e7\u00e3o do\u00a0<a href=\"https:\/\/www.planalto.gov.br\/ccivil_03\/_ato2015-2018\/2016\/decreto\/d8777.htm#view\" target=\"_blank\" rel=\"noopener\">Decreto 8.777\/2016<\/a>, que criou a\u00a0<a href=\"https:\/\/dados.gov.br\/dados\/conteudo\/politica-de-dados-abertos\">Pol\u00edtica de Dados Abertos da Administra\u00e7\u00e3o P\u00fablica Federal<\/a>, e \u00e0\u00a0<a href=\"https:\/\/repositorio.cgu.gov.br\/bitstream\/1\/64747\/3\/Resolucao_n_3_CGINDA_IN.pdf\">Resolu\u00e7\u00e3o n\u00ba 3<\/a>\u00a0do\u00a0<a href=\"https:\/\/dados.gov.br\/dados\/conteudo\/comite-gestor-da-inda\">Comit\u00ea Gestor da Infraestrutura Nacional de Dados Abertos (CGINDA)<\/a>, que regulamenta dispositivos do Decreto.<\/p>\n<p><b>Pol\u00edtica de Dados Abertos do Governo Federal:<\/b>\u00a0regulamentada pelo Decreto 8777\/2016 e Resolu\u00e7\u00e3o n\u00ba 03 da CGINDA, a Pol\u00edtica estabelece regras para disponibiliza\u00e7\u00e3o de dados abertos no \u00e2mbito do poder Executivo Federal. Os principais objetivos da Pol\u00edtica est\u00e3o elencados no art. 1\u00ba do Decreto, cabendo destacar alguns deles: promover a publica\u00e7\u00e3o de dados continuados em bases de dados de \u00f3rg\u00e3o e entidades da administra\u00e7\u00e3o p\u00fablica federal direta, aut\u00e1rquica e fundacional sob a forma de dados abertos; aprimorar a cultura de transpar\u00eancia p\u00fablica; e franquear aos cidad\u00e3os o acesso, de forma aberta, aos dados produzidos ou acumulados pelo Poder Executivo Federal.<\/p>\n<p><b>Dados Abertos:<\/b>\u00a0s\u00e3o dados que podem ser livremente acessados, utilizados, modificados e compartilhados por qualquer pessoa, estando sujeito a, no m\u00e1ximo, exig\u00eancias que visem preservar sua proveni\u00eancia e abertura. (Fonte: Open Knowledge).<\/p>\n<p><b>Plano de Dados Abertos (PDA):<\/b>\u00a0\u00e9 um instrumento que operacionaliza a Pol\u00edtica de Dados Abertos, pois organiza o planejamento das a\u00e7\u00f5es de implementa\u00e7\u00e3o e promo\u00e7\u00e3o da abertura de dados dos \u00f3rg\u00e3os. O Art. 5\u00ba do decreto n\u00ba 8777\/2016 estabelece os itens que devem estar presentes nos Planos e a Resolu\u00e7\u00e3o n\u00ba 03 da CGINDA estabelece normas sobre a elabora\u00e7\u00e3o e publica\u00e7\u00e3o de PDAs.<\/p>\n<p>Fonte:\u00a0<a href=\"https:\/\/www.gov.br\/cgu\/pt-br\" target=\"_blank\" rel=\"noopener\">Minist\u00e9rio da Transpar\u00eancia e Controladoria Geral da Uni\u00e3o<\/a><\/p>\n<p><span style=\"font-size: 10pt; font-family: arial, helvetica, sans-serif;\"><strong>A Consulta p\u00fablica sobre a abertura de bases de dados da UFPEL<\/strong><\/span><\/p>\n<p>Esta a\u00e7\u00e3o visa a fomentar a participa\u00e7\u00e3o da sociedade e otimizar os esfor\u00e7os para abertura de bases da UFPEL em formato aberto e em conformidade com os anseios do cidad\u00e3o.\u00a0Dessa forma, \u00e9 necess\u00e1rio que\u00a0o cidad\u00e3o manifeste seu interesse pela abertura das bases de dados do \u00f3rg\u00e3o, com vistas a contribuir\u00a0para a estrutura\u00e7\u00e3o do Plano de Dados Abertos da UFPEL e a prioriza\u00e7\u00e3o dos dados a serem disponibilizados.<\/p>\n<p>&nbsp;<\/p>\n<p><a href=\"https:\/\/wp.ufpel.edu.br\/acessoainformacao\/priorizacoes-pda-2025-2027\/\">Resultado da enquete sobre prioriza\u00e7\u00e3o da abertura de novas bases de dados na UFPEL, relativa ao per\u00edodo de 2025-2027<\/a><\/p>\n<p><!--<b><a href=\"https:\/\/wp.ufpel.edu.br\/acessoainformacao\/consulta-publica-ufpel-dados-abertos\/\">CLIQUE AQUI PARA ACESSAR O FORMUL\u00c1RIO E ENVIAR SUA MANIFESTA\u00c7\u00c3O<\/a><\/b>--><\/p>\n<p><a href=\"https:\/\/wp.ufpel.edu.br\/acessoainformacao\/priorizacoes-pda-2022-2024\/\"><span style=\"text-decoration: underline;\">Resultado da enquete\u00a0<\/span><\/a><span style=\"text-decoration: underline;\">sobre <a href=\"https:\/\/wp.ufpel.edu.br\/acessoainformacao\/priorizacoes-pda-2022-2024\/\">prioriza\u00e7\u00e3o da abertura de novas bases de dados na UFPel, relativa ao pe\u00b4r\u00edodo de 2022-2024<\/a><\/span><\/p>\n","protected":false},"excerpt":{"rendered":"<p>Nesta se\u00e7\u00e3o, s\u00e3o divulgadas informa\u00e7\u00f5es referentes \u00e0 realiza\u00e7\u00e3o de audi\u00eancias p\u00fablicas, consultas p\u00fablicas ou outras formas de incentivo \u00e0 participa\u00e7\u00e3o popular realizadas pela UFPEL. A participa\u00e7\u00e3o social e a Pol\u00edtica de Dados Abertos na UFPEL A participa\u00e7\u00e3o social na prioriza\u00e7\u00e3o de abertura de bases atende \u00e0 determina\u00e7\u00e3o do\u00a0Decreto 8.777\/2016, que criou a\u00a0Pol\u00edtica de Dados Abertos [&hellip;]<\/p>\n","protected":false},"author":254,"featured_media":0,"parent":0,"menu_order":0,"comment_status":"closed","ping_status":"closed","template":"","meta":{"footnotes":""},"class_list":["post-515","page","type-page","status-publish","hentry"],"jetpack_sharing_enabled":true,"_links":{"self":[{"href":"https:\/\/wp.ufpel.edu.br\/acessoainformacao\/wp-json\/wp\/v2\/pages\/515","targetHints":{"allow":["GET"]}}],"collection":[{"href":"https:\/\/wp.ufpel.edu.br\/acessoainformacao\/wp-json\/wp\/v2\/pages"}],"about":[{"href":"https:\/\/wp.ufpel.edu.br\/acessoainformacao\/wp-json\/wp\/v2\/types\/page"}],"author":[{"embeddable":true,"href":"https:\/\/wp.ufpel.edu.br\/acessoainformacao\/wp-json\/wp\/v2\/users\/254"}],"replies":[{"embeddable":true,"href":"https:\/\/wp.ufpel.edu.br\/acessoainformacao\/wp-json\/wp\/v2\/comments?post=515"}],"version-history":[{"count":5,"href":"https:\/\/wp.ufpel.edu.br\/acessoainformacao\/wp-json\/wp\/v2\/pages\/515\/revisions"}],"predecessor-version":[{"id":1417,"href":"https:\/\/wp.ufpel.edu.br\/acessoainformacao\/wp-json\/wp\/v2\/pages\/515\/revisions\/1417"}],"wp:attachment":[{"href":"https:\/\/wp.ufpel.edu.br\/acessoainformacao\/wp-json\/wp\/v2\/media?parent=515"}],"curies":[{"name":"wp","href":"https:\/\/api.w.org\/{rel}","templated":true}]}}