{"id":326,"date":"2013-09-06T16:22:02","date_gmt":"2013-09-06T19:22:02","guid":{"rendered":"https:\/\/wp.ufpel.edu.br\/acessoainformacao\/?page_id=326"},"modified":"2025-05-22T23:38:35","modified_gmt":"2025-05-23T02:38:35","slug":"classificadas","status":"publish","type":"page","link":"https:\/\/wp.ufpel.edu.br\/acessoainformacao\/classificadas\/","title":{"rendered":"Informa\u00e7\u00f5es Classificadas"},"content":{"rendered":"<p>A Universidade Federal de Pelotas &#8211; UFPel informa que n\u00e3o houve informa\u00e7\u00f5es classificadas como secretas\/ultrassecretas, ou, ainda, desclassificadas nos termos do \u00a71\u00ba do art. 24 da Lei n\u00ba 12.527\/2011 nos \u00faltimos 12 meses. (atualizada em janeiro\/2025).<\/p>\n<p><strong>Pedido de Desclassifica\u00e7\u00e3o ou Reavalia\u00e7\u00e3o e Recursos<\/strong><\/p>\n<p>De acordo com o art. 29 da Lei de Acesso \u00e0 Informa\u00e7\u00e3o, a classifica\u00e7\u00e3o das informa\u00e7\u00f5es poder\u00e1 ser reavaliada mediante provoca\u00e7\u00e3o. Por isso, a UFPel disponibiliza aos cidad\u00e3os, formul\u00e1rios para pedido de desclassifica\u00e7\u00e3o e interposi\u00e7\u00e3o de recurso referente a pedido de desclassifica\u00e7\u00e3o.<\/p>\n<p><a href=\"https:\/\/wp.ufpel.edu.br\/acessoainformacao\/files\/2023\/01\/form-pedido-desclassificacao_pn.doc\">Pedido de desclassifica\u00e7\u00e3o ou reavalia\u00e7\u00e3o &#8211; Pessoa Natural (DOC)<\/a><br \/>\n<a href=\"https:\/\/wp.ufpel.edu.br\/acessoainformacao\/files\/2023\/01\/form-pedido-desclassificacao_pj.doc\">Pedido de desclassifica\u00e7\u00e3o ou reavalia\u00e7\u00e3o &#8211; Pessoa Jur\u00eddica (DOC)<\/a><br \/>\n<a href=\"https:\/\/wp.ufpel.edu.br\/acessoainformacao\/files\/2023\/01\/form-recurso-desclassificacao_pn.doc\">Recurso referente a pedido de desclassifica\u00e7\u00e3o &#8211; Pessoa Natural (DOC)<\/a><br \/>\n<a href=\"https:\/\/wp.ufpel.edu.br\/acessoainformacao\/files\/2023\/01\/form-recurso-desclassificacao_pj.doc\">Recurso referente a pedido de desclassifica\u00e7\u00e3o &#8211; Pessoa Jur\u00eddica (DOC)<\/a><\/p>\n","protected":false},"excerpt":{"rendered":"<p>A Universidade Federal de Pelotas &#8211; UFPel informa que n\u00e3o houve informa\u00e7\u00f5es classificadas como secretas\/ultrassecretas, ou, ainda, desclassificadas nos termos do \u00a71\u00ba do art. 24 da Lei n\u00ba 12.527\/2011 nos \u00faltimos 12 meses. (atualizada em janeiro\/2025). Pedido de Desclassifica\u00e7\u00e3o ou Reavalia\u00e7\u00e3o e Recursos De acordo com o art. 29 da Lei de Acesso \u00e0 Informa\u00e7\u00e3o, [&hellip;]<\/p>\n","protected":false},"author":244,"featured_media":0,"parent":0,"menu_order":0,"comment_status":"closed","ping_status":"closed","template":"","meta":{"footnotes":""},"class_list":["post-326","page","type-page","status-publish","hentry"],"jetpack_sharing_enabled":true,"_links":{"self":[{"href":"https:\/\/wp.ufpel.edu.br\/acessoainformacao\/wp-json\/wp\/v2\/pages\/326","targetHints":{"allow":["GET"]}}],"collection":[{"href":"https:\/\/wp.ufpel.edu.br\/acessoainformacao\/wp-json\/wp\/v2\/pages"}],"about":[{"href":"https:\/\/wp.ufpel.edu.br\/acessoainformacao\/wp-json\/wp\/v2\/types\/page"}],"author":[{"embeddable":true,"href":"https:\/\/wp.ufpel.edu.br\/acessoainformacao\/wp-json\/wp\/v2\/users\/244"}],"replies":[{"embeddable":true,"href":"https:\/\/wp.ufpel.edu.br\/acessoainformacao\/wp-json\/wp\/v2\/comments?post=326"}],"version-history":[{"count":26,"href":"https:\/\/wp.ufpel.edu.br\/acessoainformacao\/wp-json\/wp\/v2\/pages\/326\/revisions"}],"predecessor-version":[{"id":1385,"href":"https:\/\/wp.ufpel.edu.br\/acessoainformacao\/wp-json\/wp\/v2\/pages\/326\/revisions\/1385"}],"wp:attachment":[{"href":"https:\/\/wp.ufpel.edu.br\/acessoainformacao\/wp-json\/wp\/v2\/media?parent=326"}],"curies":[{"name":"wp","href":"https:\/\/api.w.org\/{rel}","templated":true}]}}