{"id":15,"date":"2012-04-05T10:17:30","date_gmt":"2012-04-05T13:17:30","guid":{"rendered":"https:\/\/wp.ufpel.edu.br\/acessoainformacao\/"},"modified":"2023-05-04T16:52:42","modified_gmt":"2023-05-04T19:52:42","slug":"servidores","status":"publish","type":"page","link":"https:\/\/wp.ufpel.edu.br\/acessoainformacao\/servidores\/","title":{"rendered":"Servidores"},"content":{"rendered":"<p>Nesta se\u00e7\u00e3o s\u00e3o divulgadas informa\u00e7\u00f5es sobre os servidores p\u00fablicos lotados e em exerc\u00edcio na Universidade Federal de Pelotas, bem como, os editais de concursos p\u00fablicos realizados nesta Universidade.<\/p>\n<p><a href=\"https:\/\/institucional.ufpel.edu.br\/\"><b>Portal Institucional<\/b><\/a> \u00e9 o local definitivo para consulta de informa\u00e7\u00f5es acad\u00eamicas e administrativas da UFPel.<\/p>\n<p>Acesse o <a href=\"http:\/\/concursos.ufpel.edu.br\/wp\/\" target=\"_blank\" rel=\"noopener\"> <b>N\u00facleo de Gerenciamento de Concursos e Vagas<\/b><\/a>, para acompanhar os editais de concursos p\u00fablicos realizados na UFPel.<\/p>\n<p>Verifique informa\u00e7\u00f5es detalhadas dos servidores da UFPel no <a href=\"http:\/\/www.portaldatransparencia.gov.br\/servidores\/consulta?paginacaoSimples=true&amp;tamanhoPagina=&amp;offset=&amp;direcaoOrdenacao=asc&amp;palavraChave=Universidade+Federal+de+Pelotas&amp;colunasSelecionadas=detalhar%2Ctipo%2Ccpf%2Cnome%2CorgaoServidorLotacao%2Cmatricula%2Csituacao%2Cfuncao%2Ccargo%2Cquantidade&amp;t=HKBEwhyB59D8ZDWSdCwW\" target=\"_blank\" rel=\"noopener\"><b>Portal da Transpar\u00eancia do Governo Federal<\/b><\/a>.<\/p>\n<p><!--Informa\u00e7\u00f5es referentes aos <a href=\"link para arquivo\"><b>Empregados Terceirizados<\/b><\/a>, em atividade na UFPel.--><\/p>\n","protected":false},"excerpt":{"rendered":"<p>Nesta se\u00e7\u00e3o s\u00e3o divulgadas informa\u00e7\u00f5es sobre os servidores p\u00fablicos lotados e em exerc\u00edcio na Universidade Federal de Pelotas, bem como, os editais de concursos p\u00fablicos realizados nesta Universidade. Portal Institucional \u00e9 o local definitivo para consulta de informa\u00e7\u00f5es acad\u00eamicas e administrativas da UFPel. Acesse o N\u00facleo de Gerenciamento de Concursos e Vagas, para acompanhar os [&hellip;]<\/p>\n","protected":false},"author":145,"featured_media":0,"parent":0,"menu_order":0,"comment_status":"closed","ping_status":"closed","template":"","meta":{"footnotes":""},"class_list":["post-15","page","type-page","status-publish","hentry"],"jetpack_sharing_enabled":true,"_links":{"self":[{"href":"https:\/\/wp.ufpel.edu.br\/acessoainformacao\/wp-json\/wp\/v2\/pages\/15","targetHints":{"allow":["GET"]}}],"collection":[{"href":"https:\/\/wp.ufpel.edu.br\/acessoainformacao\/wp-json\/wp\/v2\/pages"}],"about":[{"href":"https:\/\/wp.ufpel.edu.br\/acessoainformacao\/wp-json\/wp\/v2\/types\/page"}],"author":[{"embeddable":true,"href":"https:\/\/wp.ufpel.edu.br\/acessoainformacao\/wp-json\/wp\/v2\/users\/145"}],"replies":[{"embeddable":true,"href":"https:\/\/wp.ufpel.edu.br\/acessoainformacao\/wp-json\/wp\/v2\/comments?post=15"}],"version-history":[{"count":26,"href":"https:\/\/wp.ufpel.edu.br\/acessoainformacao\/wp-json\/wp\/v2\/pages\/15\/revisions"}],"predecessor-version":[{"id":791,"href":"https:\/\/wp.ufpel.edu.br\/acessoainformacao\/wp-json\/wp\/v2\/pages\/15\/revisions\/791"}],"wp:attachment":[{"href":"https:\/\/wp.ufpel.edu.br\/acessoainformacao\/wp-json\/wp\/v2\/media?parent=15"}],"curies":[{"name":"wp","href":"https:\/\/api.w.org\/{rel}","templated":true}]}}