{"id":143,"date":"2013-02-15T10:31:32","date_gmt":"2013-02-15T12:31:32","guid":{"rendered":"https:\/\/wp.ufpel.edu.br\/acessoainformacao\/?page_id=143"},"modified":"2023-05-04T15:58:25","modified_gmt":"2023-05-04T18:58:25","slug":"termos-de-cooperacao","status":"publish","type":"page","link":"https:\/\/wp.ufpel.edu.br\/acessoainformacao\/termos-de-cooperacao\/","title":{"rendered":"Termos de Coopera\u00e7\u00e3o"},"content":{"rendered":"<p>Confira os Termos de Coopera\u00e7\u00e3o em\u00a0 <a href=\"https:\/\/wp.ufpel.edu.br\/convenios\/\">Coordenadoria de Conv\u00eanios UFPel<\/a>.<\/p>\n","protected":false},"excerpt":{"rendered":"<p>Confira os Termos de Coopera\u00e7\u00e3o em\u00a0 Coordenadoria de Conv\u00eanios UFPel.<\/p>\n","protected":false},"author":244,"featured_media":0,"parent":0,"menu_order":0,"comment_status":"closed","ping_status":"closed","template":"","meta":{"footnotes":""},"class_list":["post-143","page","type-page","status-publish","hentry"],"jetpack_sharing_enabled":true,"_links":{"self":[{"href":"https:\/\/wp.ufpel.edu.br\/acessoainformacao\/wp-json\/wp\/v2\/pages\/143","targetHints":{"allow":["GET"]}}],"collection":[{"href":"https:\/\/wp.ufpel.edu.br\/acessoainformacao\/wp-json\/wp\/v2\/pages"}],"about":[{"href":"https:\/\/wp.ufpel.edu.br\/acessoainformacao\/wp-json\/wp\/v2\/types\/page"}],"author":[{"embeddable":true,"href":"https:\/\/wp.ufpel.edu.br\/acessoainformacao\/wp-json\/wp\/v2\/users\/244"}],"replies":[{"embeddable":true,"href":"https:\/\/wp.ufpel.edu.br\/acessoainformacao\/wp-json\/wp\/v2\/comments?post=143"}],"version-history":[{"count":10,"href":"https:\/\/wp.ufpel.edu.br\/acessoainformacao\/wp-json\/wp\/v2\/pages\/143\/revisions"}],"predecessor-version":[{"id":1281,"href":"https:\/\/wp.ufpel.edu.br\/acessoainformacao\/wp-json\/wp\/v2\/pages\/143\/revisions\/1281"}],"wp:attachment":[{"href":"https:\/\/wp.ufpel.edu.br\/acessoainformacao\/wp-json\/wp\/v2\/media?parent=143"}],"curies":[{"name":"wp","href":"https:\/\/api.w.org\/{rel}","templated":true}]}}