{"id":1395,"date":"2025-06-27T12:52:52","date_gmt":"2025-06-27T15:52:52","guid":{"rendered":"https:\/\/wp.ufpel.edu.br\/acessoainformacao\/?page_id=1395"},"modified":"2025-07-03T14:50:33","modified_gmt":"2025-07-03T17:50:33","slug":"priorizacoes-pda-2025-2027","status":"publish","type":"page","link":"https:\/\/wp.ufpel.edu.br\/acessoainformacao\/priorizacoes-pda-2025-2027\/","title":{"rendered":"priorizacoes-pda-2025-2027\/"},"content":{"rendered":"<p><div id=\"polls-41\" class=\"wp-polls\">\n\t\t<p style=\"text-align: center;\"><strong>Para o pr\u00f3ximo per\u00edodo ser\u00e3o abertas as bases descritas abaixo. Assinale a seguir quais bases voc\u00ea considera mais importantes:<\/strong><\/p><div id=\"polls-41-ans\" class=\"wp-polls-ans\"><ul class=\"wp-polls-ul\">\n\t\t<li>Dados referentes aos benef\u00edcios concedidos <small>(21%, 25 Votos)<\/small><div class=\"pollbar\" style=\"width: 21%;\" title=\"Dados referentes aos benef\u00edcios concedidos (21% | 25 Votos)\"><\/div><\/li>\n\t\t<li>Dados referentes a Distribui\u00e7\u00e3o de Vagas dos docentes <small>(20%, 24 Votos)<\/small><div class=\"pollbar\" style=\"width: 20%;\" title=\"Dados referentes a Distribui\u00e7\u00e3o de Vagas dos docentes (20% | 24 Votos)\"><\/div><\/li>\n\t\t<li>Lista das viagens realizadas com os ve\u00edculos oficiais <small>(19%, 23 Votos)<\/small><div class=\"pollbar\" style=\"width: 19%;\" title=\"Lista das viagens realizadas com os ve\u00edculos oficiais (19% | 23 Votos)\"><\/div><\/li>\n\t\t<li>Dados referentes aos Afastamentos de Servidores(as) para qualifica\u00e7\u00e3o <small>(18%, 21 Votos)<\/small><div class=\"pollbar\" style=\"width: 18%;\" title=\"Dados referentes aos Afastamentos de Servidores(as) para qualifica\u00e7\u00e3o (18% | 21 Votos)\"><\/div><\/li>\n\t\t<li>Lista dos ve\u00edculos oficiais da universidade <small>(13%, 15 Votos)<\/small><div class=\"pollbar\" style=\"width: 13%;\" title=\"Lista dos ve\u00edculos oficiais da universidade (13% | 15 Votos)\"><\/div><\/li>\n\t\t<li>Dados referentes aos seguros dos alunos, agrupados por curso e turno <small>(9%, 11 Votos)<\/small><div class=\"pollbar\" style=\"width: 9%;\" title=\"Dados referentes aos seguros dos alunos, agrupados por curso e turno (9% | 11 Votos)\"><\/div><\/li>\n\t\t<\/ul><p style=\"text-align: center;\">Total de Participantes:: <strong>42<\/strong><\/p><\/div>\n\t\t<input type=\"hidden\" id=\"poll_41_nonce\" name=\"wp-polls-nonce\" value=\"9306994ded\" \/>\n<\/div>\n<div id=\"polls-41-loading\" class=\"wp-polls-loading\"><img src=\"https:\/\/wp.ufpel.edu.br\/acessoainformacao\/wp-content\/plugins\/wp-polls\/images\/loading.gif\" width=\"16\" height=\"16\" alt=\"Carregando ...\" title=\"Carregando ...\" class=\"wp-polls-image\" \/>&nbsp;Carregando ...<\/div>\n<br \/>\n<div id=\"polls-42\" class=\"wp-polls\">\n\t\t<p style=\"text-align: center;\"><strong>Voc\u00ea conhecia o <a href=\"https:\/\/dados.ufpel.edu.br\">Portal de Dados Abertos da UFPel<\/a> e a sua finalidade?<\/strong><\/p><div id=\"polls-42-ans\" class=\"wp-polls-ans\"><ul class=\"wp-polls-ul\">\n\t\t<li>N\u00e3o <small>(53%, 21 Votos)<\/small><div class=\"pollbar\" style=\"width: 53%;\" title=\"N\u00e3o (53% | 21 Votos)\"><\/div><\/li>\n\t\t<li>Sim <small>(48%, 19 Votos)<\/small><div class=\"pollbar\" style=\"width: 48%;\" title=\"Sim (48% | 19 Votos)\"><\/div><\/li>\n\t\t<\/ul><p style=\"text-align: center;\">Total de Participantes:: <strong>40<\/strong><\/p><\/div>\n\t\t<input type=\"hidden\" id=\"poll_42_nonce\" name=\"wp-polls-nonce\" value=\"68209324c0\" \/>\n<\/div>\n<div id=\"polls-42-loading\" class=\"wp-polls-loading\"><img src=\"https:\/\/wp.ufpel.edu.br\/acessoainformacao\/wp-content\/plugins\/wp-polls\/images\/loading.gif\" width=\"16\" height=\"16\" alt=\"Carregando ...\" title=\"Carregando ...\" class=\"wp-polls-image\" \/>&nbsp;Carregando ...<\/div>\n<br \/>\n<div id=\"polls-43\" class=\"wp-polls\">\n\t\t<p style=\"text-align: center;\"><strong>O Portal possui um conjunto de bases de dados (acad\u00eamicas, administrativas etc). Essas bases, j\u00e1 abertas, est\u00e3o de acordo com suas expectativas?<\/strong><\/p><div id=\"polls-43-ans\" class=\"wp-polls-ans\"><ul class=\"wp-polls-ul\">\n\t\t<li>Sim <small>(54%, 19 Votos)<\/small><div class=\"pollbar\" style=\"width: 54%;\" title=\"Sim (54% | 19 Votos)\"><\/div><\/li>\n\t\t<li>N\u00e3o <small>(46%, 16 Votos)<\/small><div class=\"pollbar\" style=\"width: 46%;\" title=\"N\u00e3o (46% | 16 Votos)\"><\/div><\/li>\n\t\t<\/ul><p style=\"text-align: center;\">Total de Participantes:: <strong>35<\/strong><\/p><\/div>\n\t\t<input type=\"hidden\" id=\"poll_43_nonce\" name=\"wp-polls-nonce\" value=\"df8a28c34b\" \/>\n<\/div>\n<div id=\"polls-43-loading\" class=\"wp-polls-loading\"><img src=\"https:\/\/wp.ufpel.edu.br\/acessoainformacao\/wp-content\/plugins\/wp-polls\/images\/loading.gif\" width=\"16\" height=\"16\" alt=\"Carregando ...\" title=\"Carregando ...\" class=\"wp-polls-image\" \/>&nbsp;Carregando ...<\/div>\n<\/p>\n<style>\n.Buttons {<br \/>\n    display: none !important;<br \/>\n}<\/p>\n<p>\n.wp-polls > form > p {<br \/>\n    text-align: left !important;<br \/>\n}<\/p>\n<p>\n.wp-polls a[href=\"#ViewPollResults\"] {<br \/>\n    display: none !important;<br \/>\n}<br \/>\n<\/style>\n<p><script>\ndocument.addEventListener('DOMContentLoaded', function () {\n    const resultadosVisiveis = document.querySelectorAll('.wp-polls-ans');\n    const botaoVotar = document.getElementById('voto-unico');<\/p>\n<p>    let temResultado = false;<\/p>\n<p>    resultadosVisiveis.forEach(function (el) {\n        if (el.innerText.includes('%')) {\n            temResultado = true;\n        }\n    });<\/p>\n<p>    if (temResultado && botaoVotar) {\n        botaoVotar.style.display = 'none';\n    }\n});\n<\/script><\/p>\n","protected":false},"excerpt":{"rendered":"","protected":false},"author":1353,"featured_media":0,"parent":0,"menu_order":0,"comment_status":"closed","ping_status":"closed","template":"","meta":{"footnotes":""},"class_list":["post-1395","page","type-page","status-publish","hentry"],"jetpack_sharing_enabled":true,"_links":{"self":[{"href":"https:\/\/wp.ufpel.edu.br\/acessoainformacao\/wp-json\/wp\/v2\/pages\/1395","targetHints":{"allow":["GET"]}}],"collection":[{"href":"https:\/\/wp.ufpel.edu.br\/acessoainformacao\/wp-json\/wp\/v2\/pages"}],"about":[{"href":"https:\/\/wp.ufpel.edu.br\/acessoainformacao\/wp-json\/wp\/v2\/types\/page"}],"author":[{"embeddable":true,"href":"https:\/\/wp.ufpel.edu.br\/acessoainformacao\/wp-json\/wp\/v2\/users\/1353"}],"replies":[{"embeddable":true,"href":"https:\/\/wp.ufpel.edu.br\/acessoainformacao\/wp-json\/wp\/v2\/comments?post=1395"}],"version-history":[{"count":12,"href":"https:\/\/wp.ufpel.edu.br\/acessoainformacao\/wp-json\/wp\/v2\/pages\/1395\/revisions"}],"predecessor-version":[{"id":1407,"href":"https:\/\/wp.ufpel.edu.br\/acessoainformacao\/wp-json\/wp\/v2\/pages\/1395\/revisions\/1407"}],"wp:attachment":[{"href":"https:\/\/wp.ufpel.edu.br\/acessoainformacao\/wp-json\/wp\/v2\/media?parent=1395"}],"curies":[{"name":"wp","href":"https:\/\/api.w.org\/{rel}","templated":true}]}}