{"id":1339,"date":"2024-07-09T17:09:29","date_gmt":"2024-07-09T20:09:29","guid":{"rendered":"https:\/\/wp.ufpel.edu.br\/acessoainformacao\/?page_id=1339"},"modified":"2024-07-09T17:52:11","modified_gmt":"2024-07-09T20:52:11","slug":"atividades-desenvolvidas-em-cooperacao-com-ministerio-da-saude","status":"publish","type":"page","link":"https:\/\/wp.ufpel.edu.br\/acessoainformacao\/atividades-desenvolvidas-em-cooperacao-com-ministerio-da-saude\/","title":{"rendered":"Atividades desenvolvidas em coopera\u00e7\u00e3o com o Minist\u00e9rio da Sa\u00fade"},"content":{"rendered":"<p align=\"justify\">Em observ\u00e2ncia \u00e0s disposi\u00e7\u00f5es da Lei n\u00ba 12.527\/2011 (Lei de Acesso \u00e0 Informa\u00e7\u00e3o &#8211; LAI), e atendendo a solicita\u00e7\u00e3o do Minist\u00e9rio da Sa\u00fade, segue abaixo a lista das unidades acad\u00eamicas e administrativas da UFPel que desenvolveram atividades em coopera\u00e7\u00e3o com este \u00d3rg\u00e3o, bem como, os links das respectivas informa\u00e7\u00f5es dos projetos.<\/p>\n<p>&nbsp;<\/p>\n<p><strong>HE &#8211; Hospital Escola<\/strong><\/p>\n<p><a href=\"https:\/\/wp.ufpel.edu.br\/acessoainformacao\/files\/2024\/07\/Relatorio-HE_UFPel_EBSERH.pdf\">Relatorio HE_UFPel_EBSERH<\/a> \u2013 endere\u00e7os para acesso \u00e0s informa\u00e7\u00f5es est\u00e3o descritos no documento.<\/p>\n<p>&nbsp;<\/p>\n<p><strong>FMed &#8211; Faculdade de Medicina<\/strong><\/p>\n<p>&nbsp;<\/p>\n<p><strong>FEn &#8211; Faculdade de Enfermagem<br \/>\n<\/strong><\/p>\n<p>&nbsp;<\/p>\n<p><strong>FO &#8211; Faculdade de Odontologia<\/strong><\/p>\n<p><a href=\"https:\/\/wp.ufpel.edu.br\/acessoainformacao\/files\/2024\/07\/Relatorio-FO_UFPel_CEOJequitiba.pdf\">Relatorio FO_UFPel_CEOJequitiba<\/a><\/p>\n<p>&nbsp;<\/p>\n<p><strong>FN &#8211; Faculdade de Nutri\u00e7\u00e3o<br \/>\n<\/strong><\/p>\n<p>&nbsp;<\/p>\n<p><strong>ESEF &#8211; Escola Superior de Educa\u00e7\u00e3o F\u00edsica e Fisioterapia<br \/>\n<\/strong><\/p>\n<p>Projeto &#8220;EPICOVID 2.0&#8221;:<\/p>\n<p><a href=\"https:\/\/transparencia.fundacoesufpel.com.br\/PortalTransparenciaFDMS\/docs_pt?Codigo=7#\">https:\/\/transparencia.fundacoesufpel.com.br\/PortalTransparenciaFDMS\/docs_pt?Codigo=7#<\/a><\/p>\n<p><a href=\"https:\/\/wp.ufpel.edu.br\/convenios\/relatorios-semestrais-e-de-pagamentos-de-bolsas\/\">Relat\u00f3rios Semestrais e de Pagamentos de Bolsas<\/a><\/p>\n<p>&nbsp;<\/p>\n<p><strong>CCQFA &#8211; Centro de Ci\u00eancias Qu\u00edmicas, Farmac\u00eauticas e de Alimentos<br \/>\n<\/strong><\/p>\n<p>&nbsp;<\/p>\n<p><strong>CDTec &#8211; Centro de Desenvolvimento Tecnol\u00f3gico<\/strong><\/p>\n<p>&nbsp;<\/p>\n<p><strong>CCONC &#8211; Coordena\u00e7\u00e3o de Conv\u00eanios e Contratos<br \/>\n<\/strong><\/p>\n<p>&nbsp;<\/p>\n","protected":false},"excerpt":{"rendered":"<p>Em observ\u00e2ncia \u00e0s disposi\u00e7\u00f5es da Lei n\u00ba 12.527\/2011 (Lei de Acesso \u00e0 Informa\u00e7\u00e3o &#8211; LAI), e atendendo a solicita\u00e7\u00e3o do Minist\u00e9rio da Sa\u00fade, segue abaixo a lista das unidades acad\u00eamicas e administrativas da UFPel que desenvolveram atividades em coopera\u00e7\u00e3o com este \u00d3rg\u00e3o, bem como, os links das respectivas informa\u00e7\u00f5es dos projetos. &nbsp; HE &#8211; Hospital [&hellip;]<\/p>\n","protected":false},"author":540,"featured_media":0,"parent":0,"menu_order":0,"comment_status":"closed","ping_status":"closed","template":"","meta":{"footnotes":""},"class_list":["post-1339","page","type-page","status-publish","hentry"],"jetpack_sharing_enabled":true,"_links":{"self":[{"href":"https:\/\/wp.ufpel.edu.br\/acessoainformacao\/wp-json\/wp\/v2\/pages\/1339","targetHints":{"allow":["GET"]}}],"collection":[{"href":"https:\/\/wp.ufpel.edu.br\/acessoainformacao\/wp-json\/wp\/v2\/pages"}],"about":[{"href":"https:\/\/wp.ufpel.edu.br\/acessoainformacao\/wp-json\/wp\/v2\/types\/page"}],"author":[{"embeddable":true,"href":"https:\/\/wp.ufpel.edu.br\/acessoainformacao\/wp-json\/wp\/v2\/users\/540"}],"replies":[{"embeddable":true,"href":"https:\/\/wp.ufpel.edu.br\/acessoainformacao\/wp-json\/wp\/v2\/comments?post=1339"}],"version-history":[{"count":12,"href":"https:\/\/wp.ufpel.edu.br\/acessoainformacao\/wp-json\/wp\/v2\/pages\/1339\/revisions"}],"predecessor-version":[{"id":1348,"href":"https:\/\/wp.ufpel.edu.br\/acessoainformacao\/wp-json\/wp\/v2\/pages\/1339\/revisions\/1348"}],"wp:attachment":[{"href":"https:\/\/wp.ufpel.edu.br\/acessoainformacao\/wp-json\/wp\/v2\/media?parent=1339"}],"curies":[{"name":"wp","href":"https:\/\/api.w.org\/{rel}","templated":true}]}}