{"id":13,"date":"2012-04-05T10:17:52","date_gmt":"2012-04-05T13:17:52","guid":{"rendered":"https:\/\/wp.ufpel.edu.br\/acessoainformacao\/"},"modified":"2024-01-08T13:29:01","modified_gmt":"2024-01-08T16:29:01","slug":"licitacoes-e-contratos","status":"publish","type":"page","link":"https:\/\/wp.ufpel.edu.br\/acessoainformacao\/licitacoes-e-contratos\/","title":{"rendered":"Licita\u00e7\u00f5es e Contratos"},"content":{"rendered":"<p>Para obter os dados referentes \u00e0s licita\u00e7\u00f5es e contratos, acesse o link https:\/\/portaldatransparencia.gov.br\/url\/2dfea4a3<\/p>\n","protected":false},"excerpt":{"rendered":"<p>Para obter os dados referentes \u00e0s licita\u00e7\u00f5es e contratos, acesse o link https:\/\/portaldatransparencia.gov.br\/url\/2dfea4a3<\/p>\n","protected":false},"author":145,"featured_media":0,"parent":0,"menu_order":0,"comment_status":"closed","ping_status":"closed","template":"","meta":{"footnotes":""},"class_list":["post-13","page","type-page","status-publish","hentry"],"jetpack_sharing_enabled":true,"_links":{"self":[{"href":"https:\/\/wp.ufpel.edu.br\/acessoainformacao\/wp-json\/wp\/v2\/pages\/13","targetHints":{"allow":["GET"]}}],"collection":[{"href":"https:\/\/wp.ufpel.edu.br\/acessoainformacao\/wp-json\/wp\/v2\/pages"}],"about":[{"href":"https:\/\/wp.ufpel.edu.br\/acessoainformacao\/wp-json\/wp\/v2\/types\/page"}],"author":[{"embeddable":true,"href":"https:\/\/wp.ufpel.edu.br\/acessoainformacao\/wp-json\/wp\/v2\/users\/145"}],"replies":[{"embeddable":true,"href":"https:\/\/wp.ufpel.edu.br\/acessoainformacao\/wp-json\/wp\/v2\/comments?post=13"}],"version-history":[{"count":35,"href":"https:\/\/wp.ufpel.edu.br\/acessoainformacao\/wp-json\/wp\/v2\/pages\/13\/revisions"}],"predecessor-version":[{"id":1321,"href":"https:\/\/wp.ufpel.edu.br\/acessoainformacao\/wp-json\/wp\/v2\/pages\/13\/revisions\/1321"}],"wp:attachment":[{"href":"https:\/\/wp.ufpel.edu.br\/acessoainformacao\/wp-json\/wp\/v2\/media?parent=13"}],"curies":[{"name":"wp","href":"https:\/\/api.w.org\/{rel}","templated":true}]}}