{"id":11,"date":"2012-04-05T10:18:55","date_gmt":"2012-04-05T13:18:55","guid":{"rendered":"https:\/\/wp.ufpel.edu.br\/acessoainformacao\/"},"modified":"2023-05-04T16:58:25","modified_gmt":"2023-05-04T19:58:25","slug":"receitas-e-despesas","status":"publish","type":"page","link":"https:\/\/wp.ufpel.edu.br\/acessoainformacao\/receitas-e-despesas\/","title":{"rendered":"Receitas e Despesas"},"content":{"rendered":"<p>Nesta se\u00e7\u00e3o s\u00e3o divulgadas informa\u00e7\u00f5es sobre a execu\u00e7\u00e3o or\u00e7ament\u00e1ria e financeira detalhada da Universidade Federal de Pelotas. Os links a seguir apontam para o Portal da Transpar\u00eancia.<\/p>\n<ul>\n<li><a href=\"http:\/\/www.transparencia.gov.br\/receitas\/consulta.asp?paginacaoSimples=true&amp;tamanhoPagina=&amp;offset=&amp;direcaoOrdenacao=asc&amp;orgaos=OR26278%2CUG154047&amp;colunasSelecionadas=ano%2CorgaoSuperior%2Corgao%2CunidadeGestora%2Ccategoria%2Corigem%2Cespecie%2Cdetalhamento%2CvalorPrevistoAtualizado%2CvalorRealizado%2CpercentualRealizado%2CvalorLancado\" target=\"_blank\" rel=\"noopener\">Receitas<\/a><\/li>\n<li><a href=\"http:\/\/www.transparencia.gov.br\/orcamento\/despesas?paginacaoSimples=true&amp;tamanhoPagina=&amp;offset=&amp;direcaoOrdenacao=asc&amp;orgaos=OR26278&amp;colunasSelecionadas=ano%2CorgaoSuperior%2CorgaoVinculado%2Cfuncao%2CsubFuncao%2Cprograma%2Cacao%2CcategoriaEconomica%2CgrupoDespesa%2CelementoDespesa%2CorcamentoInicial%2CorcamentoAtualizado%2CorcamentoRealizado%2CpercentualRealizado\" target=\"_blank\" rel=\"noopener noreferrer\">Despesas<\/a><\/li>\n<li><a href=\"http:\/\/www.transparencia.gov.br\/orcamento\/despesas?paginacaoSimples=true&amp;tamanhoPagina=&amp;offset=&amp;direcaoOrdenacao=asc&amp;orgaos=OR26278&amp;elemento=14&amp;colunasSelecionadas=ano%2CorgaoSuperior%2CorgaoVinculado%2Cfuncao%2CsubFuncao%2Cprograma%2Cacao%2CcategoriaEconomica%2CgrupoDespesa%2CelementoDespesa%2CorcamentoInicial%2CorcamentoAtualizado%2CorcamentoRealizado%2CpercentualRealizado\" target=\"_blank\" rel=\"noopener noreferrer\">Di\u00e1rias<\/a><\/li>\n<li><a href=\"http:\/\/www.transparencia.gov.br\/orcamento\/despesas?paginacaoSimples=true&amp;tamanhoPagina=&amp;offset=&amp;direcaoOrdenacao=asc&amp;orgaos=OR26278&amp;elemento=33&amp;colunasSelecionadas=ano%2CorgaoSuperior%2CorgaoVinculado%2Cfuncao%2CsubFuncao%2Cprograma%2Cacao%2CcategoriaEconomica%2CgrupoDespesa%2CelementoDespesa%2CorcamentoInicial%2CorcamentoAtualizado%2CorcamentoRealizado%2CpercentualRealizado\" target=\"_blank\" rel=\"noopener\">Passagens<\/a><\/li>\n<\/ul>\n","protected":false},"excerpt":{"rendered":"<p>Nesta se\u00e7\u00e3o s\u00e3o divulgadas informa\u00e7\u00f5es sobre a execu\u00e7\u00e3o or\u00e7ament\u00e1ria e financeira detalhada da Universidade Federal de Pelotas. Os links a seguir apontam para o Portal da Transpar\u00eancia. Receitas Despesas Di\u00e1rias Passagens<\/p>\n","protected":false},"author":145,"featured_media":0,"parent":0,"menu_order":0,"comment_status":"closed","ping_status":"closed","template":"","meta":{"footnotes":""},"class_list":["post-11","page","type-page","status-publish","hentry"],"jetpack_sharing_enabled":true,"_links":{"self":[{"href":"https:\/\/wp.ufpel.edu.br\/acessoainformacao\/wp-json\/wp\/v2\/pages\/11","targetHints":{"allow":["GET"]}}],"collection":[{"href":"https:\/\/wp.ufpel.edu.br\/acessoainformacao\/wp-json\/wp\/v2\/pages"}],"about":[{"href":"https:\/\/wp.ufpel.edu.br\/acessoainformacao\/wp-json\/wp\/v2\/types\/page"}],"author":[{"embeddable":true,"href":"https:\/\/wp.ufpel.edu.br\/acessoainformacao\/wp-json\/wp\/v2\/users\/145"}],"replies":[{"embeddable":true,"href":"https:\/\/wp.ufpel.edu.br\/acessoainformacao\/wp-json\/wp\/v2\/comments?post=11"}],"version-history":[{"count":25,"href":"https:\/\/wp.ufpel.edu.br\/acessoainformacao\/wp-json\/wp\/v2\/pages\/11\/revisions"}],"predecessor-version":[{"id":781,"href":"https:\/\/wp.ufpel.edu.br\/acessoainformacao\/wp-json\/wp\/v2\/pages\/11\/revisions\/781"}],"wp:attachment":[{"href":"https:\/\/wp.ufpel.edu.br\/acessoainformacao\/wp-json\/wp\/v2\/media?parent=11"}],"curies":[{"name":"wp","href":"https:\/\/api.w.org\/{rel}","templated":true}]}}