{"id":1076,"date":"2022-11-25T00:46:44","date_gmt":"2022-11-25T03:46:44","guid":{"rendered":"https:\/\/wp.ufpel.edu.br\/acessoainformacao\/?page_id=1076"},"modified":"2025-01-10T11:56:44","modified_gmt":"2025-01-10T14:56:44","slug":"e-agendas","status":"publish","type":"page","link":"https:\/\/wp.ufpel.edu.br\/acessoainformacao\/e-agendas\/","title":{"rendered":"e-Agendas"},"content":{"rendered":"<p>Seguindo determina\u00e7\u00e3o da Lei de Conflito de Interesses \u2013 LCI (<a href=\"http:\/\/www.planalto.gov.br\/ccivil_03\/_ato2011-2014\/2013\/lei\/l12813.htm\" target=\"_blank\" rel=\"noopener\">Lei n\u00ba12.813 de 16 de maio de 2013<\/a>) e do <a href=\"https:\/\/www.planalto.gov.br\/ccivil_03\/_ato2019-2022\/2021\/decreto\/d10889.htm\" target=\"_blank\" rel=\"noopener\">Decreto n\u00ba 10.889, de 9 de dezembro de 2021<\/a>, cujo objetivo maior \u00e9 fortalecer as a\u00e7\u00f5es de integridade no \u00e2mbito do Poder Executivo federal, na medida em que proporciona maior transpar\u00eancia \u00e0s rela\u00e7\u00f5es de representa\u00e7\u00e3o privada de interesses que ocorrem no relacionamento do Governo Federal com o mercado e com os diversos segmentos da sociedade, destinat\u00e1ria final das pol\u00edticas p\u00fablicas, a UFpel adotou a publica\u00e7\u00e3o da agenda de compromissos oficiais por meio do <a href=\"https:\/\/eagendas.cgu.gov.br\/\" target=\"_blank\" rel=\"noopener\">Sistema e-Agendas<\/a>.<\/p>\n","protected":false},"excerpt":{"rendered":"<p>Seguindo determina\u00e7\u00e3o da Lei de Conflito de Interesses \u2013 LCI (Lei n\u00ba12.813 de 16 de maio de 2013) e do Decreto n\u00ba 10.889, de 9 de dezembro de 2021, cujo objetivo maior \u00e9 fortalecer as a\u00e7\u00f5es de integridade no \u00e2mbito do Poder Executivo federal, na medida em que proporciona maior transpar\u00eancia \u00e0s rela\u00e7\u00f5es de representa\u00e7\u00e3o [&hellip;]<\/p>\n","protected":false},"author":540,"featured_media":0,"parent":0,"menu_order":0,"comment_status":"closed","ping_status":"closed","template":"","meta":{"_crdt_document":"","footnotes":""},"class_list":["post-1076","page","type-page","status-publish","hentry"],"jetpack_sharing_enabled":true,"_links":{"self":[{"href":"https:\/\/wp.ufpel.edu.br\/acessoainformacao\/wp-json\/wp\/v2\/pages\/1076","targetHints":{"allow":["GET"]}}],"collection":[{"href":"https:\/\/wp.ufpel.edu.br\/acessoainformacao\/wp-json\/wp\/v2\/pages"}],"about":[{"href":"https:\/\/wp.ufpel.edu.br\/acessoainformacao\/wp-json\/wp\/v2\/types\/page"}],"author":[{"embeddable":true,"href":"https:\/\/wp.ufpel.edu.br\/acessoainformacao\/wp-json\/wp\/v2\/users\/540"}],"replies":[{"embeddable":true,"href":"https:\/\/wp.ufpel.edu.br\/acessoainformacao\/wp-json\/wp\/v2\/comments?post=1076"}],"version-history":[{"count":6,"href":"https:\/\/wp.ufpel.edu.br\/acessoainformacao\/wp-json\/wp\/v2\/pages\/1076\/revisions"}],"predecessor-version":[{"id":1383,"href":"https:\/\/wp.ufpel.edu.br\/acessoainformacao\/wp-json\/wp\/v2\/pages\/1076\/revisions\/1383"}],"wp:attachment":[{"href":"https:\/\/wp.ufpel.edu.br\/acessoainformacao\/wp-json\/wp\/v2\/media?parent=1076"}],"curies":[{"name":"wp","href":"https:\/\/api.w.org\/{rel}","templated":true}]}}