{"id":345,"date":"2017-07-20T11:44:21","date_gmt":"2017-07-20T14:44:21","guid":{"rendered":"https:\/\/wp.ufpel.edu.br\/acessiarq\/?page_id=345"},"modified":"2017-10-03T08:46:27","modified_gmt":"2017-10-03T11:46:27","slug":"evolucao-das-leis-de-acessibilidade","status":"publish","type":"page","link":"https:\/\/wp.ufpel.edu.br\/acessiarq\/evolucao-das-leis-de-acessibilidade\/","title":{"rendered":"Evolu\u00e7\u00e3o das Leis de Acessibilidade"},"content":{"rendered":"<p>&nbsp;<\/p>\n<table class=\"alignleft\" border=\"0px\">\n<tbody>\n<tr>\n<td><a href=\"https:\/\/wp.ufpel.edu.br\/acessiarq\/1981-ano-internacional-da-pessoa-com-deficiencia\/\"><img loading=\"lazy\" decoding=\"async\" class=\"alignleft wp-image-344\" src=\"https:\/\/wp.ufpel.edu.br\/acessiarq\/files\/2017\/07\/CirculoDiabetes.jpg\" alt=\"\" width=\"64\" height=\"63\" srcset=\"https:\/\/wp.ufpel.edu.br\/acessiarq\/files\/2017\/07\/CirculoDiabetes.jpg 395w, https:\/\/wp.ufpel.edu.br\/acessiarq\/files\/2017\/07\/CirculoDiabetes-161x159.jpg 161w, https:\/\/wp.ufpel.edu.br\/acessiarq\/files\/2017\/07\/CirculoDiabetes-321x318.jpg 321w\" sizes=\"auto, (max-width: 64px) 100vw, 64px\" \/><\/a><\/td>\n<td>1981 &#8211; Ano Internacional da Pessoa com Defici\u00eancia<\/td>\n<\/tr>\n<tr>\n<td><a href=\"https:\/\/wp.ufpel.edu.br\/acessiarq\/evolucao-das-leis-de-acessibilidade\/1985-criacao-da-nbr-9050\/\"><img loading=\"lazy\" decoding=\"async\" class=\"alignleft wp-image-344\" src=\"https:\/\/wp.ufpel.edu.br\/acessiarq\/files\/2017\/07\/CirculoDiabetes.jpg\" alt=\"\" width=\"64\" height=\"63\" srcset=\"https:\/\/wp.ufpel.edu.br\/acessiarq\/files\/2017\/07\/CirculoDiabetes.jpg 395w, https:\/\/wp.ufpel.edu.br\/acessiarq\/files\/2017\/07\/CirculoDiabetes-161x159.jpg 161w, https:\/\/wp.ufpel.edu.br\/acessiarq\/files\/2017\/07\/CirculoDiabetes-321x318.jpg 321w\" sizes=\"auto, (max-width: 64px) 100vw, 64px\" \/><\/a><\/td>\n<td>1985 &#8211; Cria\u00e7\u00e3o da NBR 9050<\/td>\n<\/tr>\n<tr>\n<td><a href=\"https:\/\/wp.ufpel.edu.br\/acessiarq\/evolucao-das-leis-de-acessibilidade\/1985-criacao-da-nbr-9050\/\"><img loading=\"lazy\" decoding=\"async\" class=\"alignleft wp-image-344\" src=\"https:\/\/wp.ufpel.edu.br\/acessiarq\/files\/2017\/07\/CirculoDiabetes.jpg\" alt=\"\" width=\"64\" height=\"63\" srcset=\"https:\/\/wp.ufpel.edu.br\/acessiarq\/files\/2017\/07\/CirculoDiabetes.jpg 395w, https:\/\/wp.ufpel.edu.br\/acessiarq\/files\/2017\/07\/CirculoDiabetes-161x159.jpg 161w, https:\/\/wp.ufpel.edu.br\/acessiarq\/files\/2017\/07\/CirculoDiabetes-321x318.jpg 321w\" sizes=\"auto, (max-width: 64px) 100vw, 64px\" \/><\/a><\/td>\n<td>1994 &#8211; Primeira revis\u00e3o NBR 9050<\/td>\n<\/tr>\n<tr>\n<td><a href=\"https:\/\/wp.ufpel.edu.br\/acessiarq\/evolucao-das-leis-de-acessibilidade\/1985-criacao-da-nbr-9050\/\"><img loading=\"lazy\" decoding=\"async\" class=\"alignleft wp-image-344\" src=\"https:\/\/wp.ufpel.edu.br\/acessiarq\/files\/2017\/07\/CirculoDiabetes.jpg\" alt=\"\" width=\"64\" height=\"63\" srcset=\"https:\/\/wp.ufpel.edu.br\/acessiarq\/files\/2017\/07\/CirculoDiabetes.jpg 395w, https:\/\/wp.ufpel.edu.br\/acessiarq\/files\/2017\/07\/CirculoDiabetes-161x159.jpg 161w, https:\/\/wp.ufpel.edu.br\/acessiarq\/files\/2017\/07\/CirculoDiabetes-321x318.jpg 321w\" sizes=\"auto, (max-width: 64px) 100vw, 64px\" \/><\/a><\/td>\n<td>2000 &#8211; Cria\u00e7\u00e3o da Lei N\u00ba 10048<\/td>\n<\/tr>\n<tr>\n<td><a href=\"https:\/\/wp.ufpel.edu.br\/acessiarq\/evolucao-das-leis-de-acessibilidade\/1985-criacao-da-nbr-9050\/\"><img loading=\"lazy\" decoding=\"async\" class=\"alignleft wp-image-344\" src=\"https:\/\/wp.ufpel.edu.br\/acessiarq\/files\/2017\/07\/CirculoDiabetes.jpg\" alt=\"\" width=\"64\" height=\"63\" srcset=\"https:\/\/wp.ufpel.edu.br\/acessiarq\/files\/2017\/07\/CirculoDiabetes.jpg 395w, https:\/\/wp.ufpel.edu.br\/acessiarq\/files\/2017\/07\/CirculoDiabetes-161x159.jpg 161w, https:\/\/wp.ufpel.edu.br\/acessiarq\/files\/2017\/07\/CirculoDiabetes-321x318.jpg 321w\" sizes=\"auto, (max-width: 64px) 100vw, 64px\" \/><\/a><\/td>\n<td>2000 &#8211; Cria\u00e7\u00e3o da Lei N\u00ba 10098<\/td>\n<\/tr>\n<tr>\n<td><a href=\"https:\/\/wp.ufpel.edu.br\/acessiarq\/evolucao-das-leis-de-acessibilidade\/1985-criacao-da-nbr-9050\/\"><img loading=\"lazy\" decoding=\"async\" class=\"alignleft wp-image-344\" src=\"https:\/\/wp.ufpel.edu.br\/acessiarq\/files\/2017\/07\/CirculoDiabetes.jpg\" alt=\"\" width=\"64\" height=\"63\" srcset=\"https:\/\/wp.ufpel.edu.br\/acessiarq\/files\/2017\/07\/CirculoDiabetes.jpg 395w, https:\/\/wp.ufpel.edu.br\/acessiarq\/files\/2017\/07\/CirculoDiabetes-161x159.jpg 161w, https:\/\/wp.ufpel.edu.br\/acessiarq\/files\/2017\/07\/CirculoDiabetes-321x318.jpg 321w\" sizes=\"auto, (max-width: 64px) 100vw, 64px\" \/><\/a><\/td>\n<td>2004 &#8211; Decreto N\u00ba 5296<\/td>\n<\/tr>\n<tr>\n<td><a href=\"https:\/\/wp.ufpel.edu.br\/acessiarq\/evolucao-das-leis-de-acessibilidade\/1985-criacao-da-nbr-9050\/\"><img loading=\"lazy\" decoding=\"async\" class=\"alignleft wp-image-344\" src=\"https:\/\/wp.ufpel.edu.br\/acessiarq\/files\/2017\/07\/CirculoDiabetes.jpg\" alt=\"\" width=\"64\" height=\"63\" srcset=\"https:\/\/wp.ufpel.edu.br\/acessiarq\/files\/2017\/07\/CirculoDiabetes.jpg 395w, https:\/\/wp.ufpel.edu.br\/acessiarq\/files\/2017\/07\/CirculoDiabetes-161x159.jpg 161w, https:\/\/wp.ufpel.edu.br\/acessiarq\/files\/2017\/07\/CirculoDiabetes-321x318.jpg 321w\" sizes=\"auto, (max-width: 64px) 100vw, 64px\" \/><\/a><\/td>\n<td>2004 &#8211; Segunda Revis\u00e3o da NBR 9050<\/td>\n<\/tr>\n<tr>\n<td><a href=\"https:\/\/wp.ufpel.edu.br\/acessiarq\/evolucao-das-leis-de-acessibilidade\/1985-criacao-da-nbr-9050\/\"><img loading=\"lazy\" decoding=\"async\" class=\"alignleft wp-image-344\" src=\"https:\/\/wp.ufpel.edu.br\/acessiarq\/files\/2017\/07\/CirculoDiabetes.jpg\" alt=\"\" width=\"64\" height=\"63\" srcset=\"https:\/\/wp.ufpel.edu.br\/acessiarq\/files\/2017\/07\/CirculoDiabetes.jpg 395w, https:\/\/wp.ufpel.edu.br\/acessiarq\/files\/2017\/07\/CirculoDiabetes-161x159.jpg 161w, https:\/\/wp.ufpel.edu.br\/acessiarq\/files\/2017\/07\/CirculoDiabetes-321x318.jpg 321w\" sizes=\"auto, (max-width: 64px) 100vw, 64px\" \/><\/a><\/td>\n<td>2015 &#8211; Terceira Revis\u00e3o da NBR 9050<\/td>\n<\/tr>\n<tr>\n<td><a href=\"https:\/\/wp.ufpel.edu.br\/acessiarq\/evolucao-das-leis-de-acessibilidade\/1985-criacao-da-nbr-9050\/\"><img loading=\"lazy\" decoding=\"async\" class=\"alignleft wp-image-344\" src=\"https:\/\/wp.ufpel.edu.br\/acessiarq\/files\/2017\/07\/CirculoDiabetes.jpg\" alt=\"\" width=\"64\" height=\"63\" srcset=\"https:\/\/wp.ufpel.edu.br\/acessiarq\/files\/2017\/07\/CirculoDiabetes.jpg 395w, https:\/\/wp.ufpel.edu.br\/acessiarq\/files\/2017\/07\/CirculoDiabetes-161x159.jpg 161w, https:\/\/wp.ufpel.edu.br\/acessiarq\/files\/2017\/07\/CirculoDiabetes-321x318.jpg 321w\" sizes=\"auto, (max-width: 64px) 100vw, 64px\" \/><\/a><\/td>\n<td>2015 &#8211; Cria\u00e7\u00e3o da Lei N\u00ba 13146<\/td>\n<\/tr>\n<tr>\n<td><a href=\"https:\/\/wp.ufpel.edu.br\/acessiarq\/evolucao-das-leis-de-acessibilidade\/1985-criacao-da-nbr-9050\/\"><img loading=\"lazy\" decoding=\"async\" class=\"alignleft wp-image-344\" src=\"https:\/\/wp.ufpel.edu.br\/acessiarq\/files\/2017\/07\/CirculoDiabetes.jpg\" alt=\"\" width=\"64\" height=\"63\" srcset=\"https:\/\/wp.ufpel.edu.br\/acessiarq\/files\/2017\/07\/CirculoDiabetes.jpg 395w, https:\/\/wp.ufpel.edu.br\/acessiarq\/files\/2017\/07\/CirculoDiabetes-161x159.jpg 161w, https:\/\/wp.ufpel.edu.br\/acessiarq\/files\/2017\/07\/CirculoDiabetes-321x318.jpg 321w\" sizes=\"auto, (max-width: 64px) 100vw, 64px\" \/><\/a><\/td>\n<td>2016 &#8211; Cria\u00e7\u00e3o da\u00a0 NBR N\u00ba 16537\/2016 (Piso T\u00e1til)<\/td>\n<\/tr>\n<\/tbody>\n<\/table>\n<p>&nbsp;<\/p>\n<p>&nbsp;<\/p>\n<p>&nbsp;<\/p>\n<p>&nbsp;<\/p>\n","protected":false},"excerpt":{"rendered":"<p>&nbsp; 1981 &#8211; Ano Internacional da Pessoa com Defici\u00eancia 1985 &#8211; Cria\u00e7\u00e3o da NBR 9050 1994 &#8211; Primeira revis\u00e3o NBR 9050 2000 &#8211; Cria\u00e7\u00e3o da Lei N\u00ba 10048 2000 &#8211; Cria\u00e7\u00e3o da Lei N\u00ba 10098 2004 &#8211; Decreto N\u00ba 5296 &hellip; <a href=\"https:\/\/wp.ufpel.edu.br\/acessiarq\/evolucao-das-leis-de-acessibilidade\/\">Continue lendo <span class=\"meta-nav\">&rarr;<\/span><\/a><\/p>\n","protected":false},"author":667,"featured_media":0,"parent":0,"menu_order":0,"comment_status":"closed","ping_status":"closed","template":"","meta":{"footnotes":""},"class_list":["post-345","page","type-page","status-publish","hentry"],"jetpack_sharing_enabled":true,"_links":{"self":[{"href":"https:\/\/wp.ufpel.edu.br\/acessiarq\/wp-json\/wp\/v2\/pages\/345","targetHints":{"allow":["GET"]}}],"collection":[{"href":"https:\/\/wp.ufpel.edu.br\/acessiarq\/wp-json\/wp\/v2\/pages"}],"about":[{"href":"https:\/\/wp.ufpel.edu.br\/acessiarq\/wp-json\/wp\/v2\/types\/page"}],"author":[{"embeddable":true,"href":"https:\/\/wp.ufpel.edu.br\/acessiarq\/wp-json\/wp\/v2\/users\/667"}],"replies":[{"embeddable":true,"href":"https:\/\/wp.ufpel.edu.br\/acessiarq\/wp-json\/wp\/v2\/comments?post=345"}],"version-history":[{"count":13,"href":"https:\/\/wp.ufpel.edu.br\/acessiarq\/wp-json\/wp\/v2\/pages\/345\/revisions"}],"predecessor-version":[{"id":415,"href":"https:\/\/wp.ufpel.edu.br\/acessiarq\/wp-json\/wp\/v2\/pages\/345\/revisions\/415"}],"wp:attachment":[{"href":"https:\/\/wp.ufpel.edu.br\/acessiarq\/wp-json\/wp\/v2\/media?parent=345"}],"curies":[{"name":"wp","href":"https:\/\/api.w.org\/{rel}","templated":true}]}}