{"id":34,"date":"2015-10-26T13:57:26","date_gmt":"2015-10-26T15:57:26","guid":{"rendered":"https:\/\/wp.ufpel.edu.br\/acessiarq\/?page_id=34"},"modified":"2016-05-02T09:00:25","modified_gmt":"2016-05-02T12:00:25","slug":"34-2","status":"publish","type":"page","link":"https:\/\/wp.ufpel.edu.br\/acessiarq\/apresentacao-3\/34-2\/","title":{"rendered":"Apresenta\u00e7\u00e3o"},"content":{"rendered":"<p style=\"text-align: justify\"><span class=\"Apple-style-span\">O <em><strong>N\u00facleo de Estudos, Pesquisa e Extens\u00e3o em Acessibilidade<\/strong><\/em>\u00a0do Centro de Engenharias da Universidade Federal de Pelotas desenvolve\u00a0atividades de Ensino, Pesquisa e Extens\u00e3o com foco, principalmente, nas \u00e1reas de Acessibilidade e Ergonomia do Ambiente Constru\u00eddo.<\/span><\/p>\n","protected":false},"excerpt":{"rendered":"<p>O N\u00facleo de Estudos, Pesquisa e Extens\u00e3o em Acessibilidade\u00a0do Centro de Engenharias da Universidade Federal de Pelotas desenvolve\u00a0atividades de Ensino, Pesquisa e Extens\u00e3o com foco, principalmente, nas \u00e1reas de Acessibilidade e Ergonomia do Ambiente Constru\u00eddo.<\/p>\n","protected":false},"author":583,"featured_media":0,"parent":16,"menu_order":1,"comment_status":"closed","ping_status":"closed","template":"","meta":{"footnotes":""},"class_list":["post-34","page","type-page","status-publish","hentry"],"jetpack_sharing_enabled":true,"_links":{"self":[{"href":"https:\/\/wp.ufpel.edu.br\/acessiarq\/wp-json\/wp\/v2\/pages\/34","targetHints":{"allow":["GET"]}}],"collection":[{"href":"https:\/\/wp.ufpel.edu.br\/acessiarq\/wp-json\/wp\/v2\/pages"}],"about":[{"href":"https:\/\/wp.ufpel.edu.br\/acessiarq\/wp-json\/wp\/v2\/types\/page"}],"author":[{"embeddable":true,"href":"https:\/\/wp.ufpel.edu.br\/acessiarq\/wp-json\/wp\/v2\/users\/583"}],"replies":[{"embeddable":true,"href":"https:\/\/wp.ufpel.edu.br\/acessiarq\/wp-json\/wp\/v2\/comments?post=34"}],"version-history":[{"count":7,"href":"https:\/\/wp.ufpel.edu.br\/acessiarq\/wp-json\/wp\/v2\/pages\/34\/revisions"}],"predecessor-version":[{"id":235,"href":"https:\/\/wp.ufpel.edu.br\/acessiarq\/wp-json\/wp\/v2\/pages\/34\/revisions\/235"}],"up":[{"embeddable":true,"href":"https:\/\/wp.ufpel.edu.br\/acessiarq\/wp-json\/wp\/v2\/pages\/16"}],"wp:attachment":[{"href":"https:\/\/wp.ufpel.edu.br\/acessiarq\/wp-json\/wp\/v2\/media?parent=34"}],"curies":[{"name":"wp","href":"https:\/\/api.w.org\/{rel}","templated":true}]}}