{"id":28,"date":"2015-10-26T13:53:29","date_gmt":"2015-10-26T15:53:29","guid":{"rendered":"https:\/\/wp.ufpel.edu.br\/acessiarq\/?page_id=28"},"modified":"2015-12-02T10:09:13","modified_gmt":"2015-12-02T12:09:13","slug":"atividades","status":"publish","type":"page","link":"https:\/\/wp.ufpel.edu.br\/acessiarq\/atividades\/","title":{"rendered":"Atividades"},"content":{"rendered":"<p style=\"text-align: justify\">Nesse espa\u00e7o voc\u00ea pode conhecer as a\u00e7\u00f5es de ensino, pesquisa e extens\u00e3o que vem sendo desenvolvidas pelo NEPEA.<\/p>\n","protected":false},"excerpt":{"rendered":"<p>Nesse espa\u00e7o voc\u00ea pode conhecer as a\u00e7\u00f5es de ensino, pesquisa e extens\u00e3o que vem sendo desenvolvidas pelo NEPEA.<\/p>\n","protected":false},"author":583,"featured_media":0,"parent":0,"menu_order":2,"comment_status":"closed","ping_status":"closed","template":"","meta":{"footnotes":""},"class_list":["post-28","page","type-page","status-publish","hentry"],"jetpack_sharing_enabled":true,"_links":{"self":[{"href":"https:\/\/wp.ufpel.edu.br\/acessiarq\/wp-json\/wp\/v2\/pages\/28","targetHints":{"allow":["GET"]}}],"collection":[{"href":"https:\/\/wp.ufpel.edu.br\/acessiarq\/wp-json\/wp\/v2\/pages"}],"about":[{"href":"https:\/\/wp.ufpel.edu.br\/acessiarq\/wp-json\/wp\/v2\/types\/page"}],"author":[{"embeddable":true,"href":"https:\/\/wp.ufpel.edu.br\/acessiarq\/wp-json\/wp\/v2\/users\/583"}],"replies":[{"embeddable":true,"href":"https:\/\/wp.ufpel.edu.br\/acessiarq\/wp-json\/wp\/v2\/comments?post=28"}],"version-history":[{"count":5,"href":"https:\/\/wp.ufpel.edu.br\/acessiarq\/wp-json\/wp\/v2\/pages\/28\/revisions"}],"predecessor-version":[{"id":212,"href":"https:\/\/wp.ufpel.edu.br\/acessiarq\/wp-json\/wp\/v2\/pages\/28\/revisions\/212"}],"wp:attachment":[{"href":"https:\/\/wp.ufpel.edu.br\/acessiarq\/wp-json\/wp\/v2\/media?parent=28"}],"curies":[{"name":"wp","href":"https:\/\/api.w.org\/{rel}","templated":true}]}}