{"id":22,"date":"2015-10-26T13:52:17","date_gmt":"2015-10-26T15:52:17","guid":{"rendered":"https:\/\/wp.ufpel.edu.br\/acessiarq\/?page_id=22"},"modified":"2016-07-04T08:57:21","modified_gmt":"2016-07-04T11:57:21","slug":"pesquisa","status":"publish","type":"page","link":"https:\/\/wp.ufpel.edu.br\/acessiarq\/atividades\/pesquisa\/","title":{"rendered":"Pesquisa"},"content":{"rendered":"<div>\n<p style=\"text-align: justify\">As atividades de pesquisa\u00a0s\u00e3o\u00a0caracterizadas\u00a0por projeto.<\/p>\n<hr \/>\n<p style=\"text-align: justify\"><span style=\"color: #000000\"><em><strong>Projeto:<\/strong><\/em>\u00a0Acessibilidade em espa\u00e7os livres p\u00fablicos<\/span><\/p>\n<p style=\"text-align: justify\"><b><\/b><span style=\"color: #000000\"><em><strong>Per\u00edodo de Realiza\u00e7\u00e3o:<\/strong>\u00a001<\/em>\/03\/2016 \u00e0 31\/12\/2017<\/span><\/p>\n<p style=\"text-align: justify\"><span style=\"color: #000000\"><em><strong>Coordenador:<\/strong> <\/em>Isabela Fernandes Andrade<\/span><\/p>\n<p style=\"text-align: justify\"><strong><em>Colaborador(es):<\/em><\/strong> Douglas de Castro Brombilla e Clarissa Calderipe Montelli<\/p>\n<p style=\"text-align: justify\"><span style=\"color: #000000\"><em><strong>Discente(s):\u00a0<\/strong><\/em><span class=\"Apple-style-span\"><span class=\"Apple-style-span\">Julia Born Pureza e Ialo Rodeghiero Neto<\/span><\/span><\/span><\/p>\n<p style=\"text-align: justify\"><span style=\"color: #000000\"><em><strong>Bolsista(s):<\/strong><\/em>\u00a0<span class=\"Apple-style-span\">&#8211;<\/span><\/span><\/p>\n<hr \/>\n<p style=\"text-align: justify\"><span style=\"color: #000000\"><em><strong>Projeto:<\/strong><\/em> Avalia\u00e7\u00e3o p\u00f3s-ocupa\u00e7\u00e3o em edifica\u00e7\u00e3o de uso coletivo: o caso do Shopping\u00a0Pelotas<\/span><\/p>\n<p style=\"text-align: justify\"><b><\/b><span style=\"color: #000000\"><em><strong>Per\u00edodo de Realiza\u00e7\u00e3o:<\/strong>\u00a003<\/em>\/11\/2014 \u00e0 22\/12\/2015<\/span><\/p>\n<p style=\"text-align: justify\"><span style=\"color: #000000\"><em><strong>Coordenador:<\/strong> <\/em>Isabela Fernandes Andrade<\/span><\/p>\n<p style=\"text-align: justify\"><strong><em>Colaborador(es):<\/em><\/strong> Douglas de Castro Brombilla<\/p>\n<p style=\"text-align: justify\"><span style=\"color: #000000\"><em><strong>Discente(s):\u00a0<\/strong><\/em><span class=\"Apple-style-span\"><span class=\"Apple-style-span\">\u00cdtalo Rodeguiero<\/span><\/span><\/span><\/p>\n<p style=\"text-align: justify\"><span style=\"color: #000000\"><em><strong>Bolsista(s):<\/strong><\/em> <span class=\"Apple-style-span\">Mayara Zanchin<\/span><\/span><\/p>\n<hr \/>\n<p style=\"text-align: justify\"><span style=\"color: #000000\"><em><strong>Projeto:<\/strong><\/em> Avalia\u00e7\u00e3o das condi\u00e7\u00f5es de orienta\u00e7\u00e3o espacial no terminal de embarque do Aeroporto Internacional de Pelotas<\/span><\/p>\n<p style=\"text-align: justify\"><b><\/b><span style=\"color: #000000\"><em><strong>Per\u00edodo de Realiza\u00e7\u00e3o:<\/strong>\u00a015<\/em>\/10\/2013 \u00e0 15\/08\/2014<\/span><\/p>\n<p style=\"text-align: justify\"><span style=\"color: #000000\"><em><strong>Coordenador:<\/strong> <\/em>Isabela Fernandes Andrade<\/span><\/p>\n<p style=\"text-align: justify\"><span style=\"color: #000000\"><em><strong>Discente(s):\u00a0<\/strong><\/em><span class=\"Apple-style-span\">Mayara Zanchin e Augusto Dal Mas<\/span><\/span><\/p>\n<p style=\"text-align: justify\"><span style=\"color: #000000\"><em><strong>Bolsista(s): <\/strong><\/em>Milene Sottoriva Andreia<\/span><\/p>\n<\/div>\n<hr \/>\n<p style=\"text-align: justify\">\n","protected":false},"excerpt":{"rendered":"<p>As atividades de pesquisa\u00a0s\u00e3o\u00a0caracterizadas\u00a0por projeto. Projeto:\u00a0Acessibilidade em espa\u00e7os livres p\u00fablicos Per\u00edodo de Realiza\u00e7\u00e3o:\u00a001\/03\/2016 \u00e0 31\/12\/2017 Coordenador: Isabela Fernandes Andrade Colaborador(es): Douglas de Castro Brombilla e Clarissa Calderipe Montelli Discente(s):\u00a0Julia Born Pureza e Ialo Rodeghiero Neto Bolsista(s):\u00a0&#8211; Projeto: Avalia\u00e7\u00e3o p\u00f3s-ocupa\u00e7\u00e3o em &hellip; <a href=\"https:\/\/wp.ufpel.edu.br\/acessiarq\/atividades\/pesquisa\/\">Continue lendo <span class=\"meta-nav\">&rarr;<\/span><\/a><\/p>\n","protected":false},"author":583,"featured_media":0,"parent":28,"menu_order":0,"comment_status":"closed","ping_status":"closed","template":"","meta":{"footnotes":""},"class_list":["post-22","page","type-page","status-publish","hentry"],"jetpack_sharing_enabled":true,"_links":{"self":[{"href":"https:\/\/wp.ufpel.edu.br\/acessiarq\/wp-json\/wp\/v2\/pages\/22","targetHints":{"allow":["GET"]}}],"collection":[{"href":"https:\/\/wp.ufpel.edu.br\/acessiarq\/wp-json\/wp\/v2\/pages"}],"about":[{"href":"https:\/\/wp.ufpel.edu.br\/acessiarq\/wp-json\/wp\/v2\/types\/page"}],"author":[{"embeddable":true,"href":"https:\/\/wp.ufpel.edu.br\/acessiarq\/wp-json\/wp\/v2\/users\/583"}],"replies":[{"embeddable":true,"href":"https:\/\/wp.ufpel.edu.br\/acessiarq\/wp-json\/wp\/v2\/comments?post=22"}],"version-history":[{"count":9,"href":"https:\/\/wp.ufpel.edu.br\/acessiarq\/wp-json\/wp\/v2\/pages\/22\/revisions"}],"predecessor-version":[{"id":263,"href":"https:\/\/wp.ufpel.edu.br\/acessiarq\/wp-json\/wp\/v2\/pages\/22\/revisions\/263"}],"up":[{"embeddable":true,"href":"https:\/\/wp.ufpel.edu.br\/acessiarq\/wp-json\/wp\/v2\/pages\/28"}],"wp:attachment":[{"href":"https:\/\/wp.ufpel.edu.br\/acessiarq\/wp-json\/wp\/v2\/media?parent=22"}],"curies":[{"name":"wp","href":"https:\/\/api.w.org\/{rel}","templated":true}]}}