{"id":20,"date":"2015-10-26T13:51:59","date_gmt":"2015-10-26T15:51:59","guid":{"rendered":"https:\/\/wp.ufpel.edu.br\/acessiarq\/?page_id=20"},"modified":"2016-05-02T09:07:48","modified_gmt":"2016-05-02T12:07:48","slug":"ensino","status":"publish","type":"page","link":"https:\/\/wp.ufpel.edu.br\/acessiarq\/atividades\/ensino\/","title":{"rendered":"Ensino"},"content":{"rendered":"<p>As atividades de ensino est\u00e3o descritas a seguir.<\/p>\n<hr \/>\n<p>Disciplina ministrada em Curso de Gradua\u00e7\u00e3o:\u00a0 <em><strong>ACESSIBILIDADE<\/strong><\/em><\/p>\n<p style=\"text-align: justify\">Essa <span class=\"il\">disciplina<\/span> tem como objetivo\u00a0contribuir para a compreens\u00e3o da responsabilidade do profissional engenheiro em projetar espa\u00e7os acess\u00edveis a\u00a0partir do conhecimento sobre as inter-rela\u00e7\u00f5es entre o ambiente constru\u00eddo e as pessoas com algum tipo de defici\u00eancia. Para isso, ser\u00e3o trabalhados os conceitos envolvidos al\u00e9m de temas como diversidade humana, envelhecimento,\u00a0diferentes defici\u00eancias e suas limita\u00e7\u00f5es na percep\u00e7\u00e3o e uso dos espa\u00e7os,\u00a0<span class=\"il\">acessibilidade<\/span> espacial, desenho universal,\u00a0solu\u00e7\u00f5es de <span class=\"il\">acessibilidade<\/span> e legisla\u00e7\u00e3o pertinente. A metodologia envolver\u00e1\u00a0aulas te\u00f3rico-conceituais relacionadas com os t\u00f3picos do conte\u00fado program\u00e1tico, enriquecidas pela leitura e discuss\u00e3o de artigos fornecidos pela professora.<\/p>\n<hr \/>\n<p style=\"text-align: justify\">\u00a0Projeto de Ensino: Semin\u00e1rios Internos do N\u00facleo de Estudos, Pesquisa e Extens\u00e3o em Acessibilidade (NEPEA)<\/p>\n<hr \/>\n<p style=\"text-align: justify\">\n","protected":false},"excerpt":{"rendered":"<p>As atividades de ensino est\u00e3o descritas a seguir. Disciplina ministrada em Curso de Gradua\u00e7\u00e3o:\u00a0 ACESSIBILIDADE Essa disciplina tem como objetivo\u00a0contribuir para a compreens\u00e3o da responsabilidade do profissional engenheiro em projetar espa\u00e7os acess\u00edveis a\u00a0partir do conhecimento sobre as inter-rela\u00e7\u00f5es entre o &hellip; <a href=\"https:\/\/wp.ufpel.edu.br\/acessiarq\/atividades\/ensino\/\">Continue lendo <span class=\"meta-nav\">&rarr;<\/span><\/a><\/p>\n","protected":false},"author":583,"featured_media":0,"parent":28,"menu_order":0,"comment_status":"closed","ping_status":"closed","template":"","meta":{"footnotes":""},"class_list":["post-20","page","type-page","status-publish","hentry"],"jetpack_sharing_enabled":true,"_links":{"self":[{"href":"https:\/\/wp.ufpel.edu.br\/acessiarq\/wp-json\/wp\/v2\/pages\/20","targetHints":{"allow":["GET"]}}],"collection":[{"href":"https:\/\/wp.ufpel.edu.br\/acessiarq\/wp-json\/wp\/v2\/pages"}],"about":[{"href":"https:\/\/wp.ufpel.edu.br\/acessiarq\/wp-json\/wp\/v2\/types\/page"}],"author":[{"embeddable":true,"href":"https:\/\/wp.ufpel.edu.br\/acessiarq\/wp-json\/wp\/v2\/users\/583"}],"replies":[{"embeddable":true,"href":"https:\/\/wp.ufpel.edu.br\/acessiarq\/wp-json\/wp\/v2\/comments?post=20"}],"version-history":[{"count":6,"href":"https:\/\/wp.ufpel.edu.br\/acessiarq\/wp-json\/wp\/v2\/pages\/20\/revisions"}],"predecessor-version":[{"id":238,"href":"https:\/\/wp.ufpel.edu.br\/acessiarq\/wp-json\/wp\/v2\/pages\/20\/revisions\/238"}],"up":[{"embeddable":true,"href":"https:\/\/wp.ufpel.edu.br\/acessiarq\/wp-json\/wp\/v2\/pages\/28"}],"wp:attachment":[{"href":"https:\/\/wp.ufpel.edu.br\/acessiarq\/wp-json\/wp\/v2\/media?parent=20"}],"curies":[{"name":"wp","href":"https:\/\/api.w.org\/{rel}","templated":true}]}}