{"id":16,"date":"2015-10-26T13:49:02","date_gmt":"2015-10-26T15:49:02","guid":{"rendered":"https:\/\/wp.ufpel.edu.br\/acessiarq\/?page_id=16"},"modified":"2017-11-18T20:17:42","modified_gmt":"2017-11-18T22:17:42","slug":"apresentacao-3","status":"publish","type":"page","link":"https:\/\/wp.ufpel.edu.br\/acessiarq\/apresentacao-3\/","title":{"rendered":"NEPEA"},"content":{"rendered":"<p style=\"text-align: justify\">O N\u00facleo de Estudos, Pesquisa e Extens\u00e3o em Acessibilidade (NEPEA) tem como objetivo geral promover cursos, eventos, presta\u00e7\u00f5es de servi\u00e7os, publica\u00e7\u00f5es e outras atividades relacionadas \u00e0 acessibilidade no ambiente constru\u00eddo. Entende-\u00adse por acessibilidade a possibilidade de realiza\u00e7\u00e3o de atividades e uso dos espa\u00e7os por qualquer pessoa, com conforto, seguran\u00e7a e autonomia. Trata-se de um direito civil b\u00e1sico e todos os mecanismos que assegurem a sua implementa\u00e7\u00e3o devem ser desenvolvidos. Os objetivos espec\u00edficos definidos para o NEPEA s\u00e3o: \u00ad promover cursos para a difus\u00e3o do conhecimento acerca do assunto; \u00ad organizar eventos relacionados \u00e0 acessibilidade em n\u00edvel local, regional, estadual e nacional; \u00ad elaborar laudos de acessibilidade em edifica\u00e7\u00f5es; \u00ad realizar propostas de interven\u00e7\u00f5es visando tornar edifica\u00e7\u00f5es de uso p\u00fablico acess\u00edveis; \u00ad criar uma revista cient\u00edfica para a publica\u00e7\u00e3o de trabalhos na \u00e1rea; \u00ad oferecer apoio \u00e0s disciplinas de gradua\u00e7\u00e3o e de p\u00f3s-\u00adgradua\u00e7\u00e3o da UFPel.<\/p>\n","protected":false},"excerpt":{"rendered":"<p>O N\u00facleo de Estudos, Pesquisa e Extens\u00e3o em Acessibilidade (NEPEA) tem como objetivo geral promover cursos, eventos, presta\u00e7\u00f5es de servi\u00e7os, publica\u00e7\u00f5es e outras atividades relacionadas \u00e0 acessibilidade no ambiente constru\u00eddo. Entende-\u00adse por acessibilidade a possibilidade de realiza\u00e7\u00e3o de atividades e &hellip; <a href=\"https:\/\/wp.ufpel.edu.br\/acessiarq\/apresentacao-3\/\">Continue lendo <span class=\"meta-nav\">&rarr;<\/span><\/a><\/p>\n","protected":false},"author":583,"featured_media":0,"parent":0,"menu_order":1,"comment_status":"closed","ping_status":"closed","template":"","meta":{"footnotes":""},"class_list":["post-16","page","type-page","status-publish","hentry"],"jetpack_sharing_enabled":true,"_links":{"self":[{"href":"https:\/\/wp.ufpel.edu.br\/acessiarq\/wp-json\/wp\/v2\/pages\/16","targetHints":{"allow":["GET"]}}],"collection":[{"href":"https:\/\/wp.ufpel.edu.br\/acessiarq\/wp-json\/wp\/v2\/pages"}],"about":[{"href":"https:\/\/wp.ufpel.edu.br\/acessiarq\/wp-json\/wp\/v2\/types\/page"}],"author":[{"embeddable":true,"href":"https:\/\/wp.ufpel.edu.br\/acessiarq\/wp-json\/wp\/v2\/users\/583"}],"replies":[{"embeddable":true,"href":"https:\/\/wp.ufpel.edu.br\/acessiarq\/wp-json\/wp\/v2\/comments?post=16"}],"version-history":[{"count":5,"href":"https:\/\/wp.ufpel.edu.br\/acessiarq\/wp-json\/wp\/v2\/pages\/16\/revisions"}],"predecessor-version":[{"id":492,"href":"https:\/\/wp.ufpel.edu.br\/acessiarq\/wp-json\/wp\/v2\/pages\/16\/revisions\/492"}],"wp:attachment":[{"href":"https:\/\/wp.ufpel.edu.br\/acessiarq\/wp-json\/wp\/v2\/media?parent=16"}],"curies":[{"name":"wp","href":"https:\/\/api.w.org\/{rel}","templated":true}]}}