{"id":39,"date":"2021-07-02T15:04:59","date_gmt":"2021-07-02T18:04:59","guid":{"rendered":"https:\/\/wp.ufpel.edu.br\/acervosemrede\/?page_id=39"},"modified":"2021-09-22T14:15:29","modified_gmt":"2021-09-22T17:15:29","slug":"equipe-organizadora","status":"publish","type":"page","link":"https:\/\/wp.ufpel.edu.br\/acervosemrede\/equipe-organizadora\/","title":{"rendered":"EQUIPE ORGANIZADORA"},"content":{"rendered":"<p><b>Comiss\u00e3o Organizadora:<\/b><\/p>\n<p><span style=\"font-weight: 400\">Noris Leal (UFPel)<\/span><\/p>\n<p><span style=\"font-weight: 400\">Joana Lizott (UFPel)<\/span><\/p>\n<p><span style=\"font-weight: 400\">Augusto Garcia (UFPel)<\/span><\/p>\n<p><span style=\"font-weight: 400\">Rosemar Gomes Lemos (UFPel)<\/span><\/p>\n<p><span style=\"font-weight: 400\">Diego Lemos Ribeiro (UFPel)<\/span><\/p>\n<p><span style=\"font-weight: 400\">Luciana Conrado Martins (UFPI\/PERCEBE)<\/span><\/p>\n<p><span style=\"font-weight: 400\">Dalton Lopes Martins (UNB)<\/span><\/p>\n<p><span style=\"font-weight: 400\">Danielle do Carmo (UNB)<\/span><\/p>\n<p><span style=\"font-weight: 400\">Cal\u00edope Sp\u00edndola (UNB)<\/span><\/p>\n<p><span style=\"font-weight: 400\">Sarah Maggitti Silva (UFPel)<\/span><\/p>\n<p>Renan da Mata (UFPel)<\/p>\n<p><span style=\"font-weight: 400\">Jocelem Mariza Soares Fernandes (UFPel)<\/span><\/p>\n<p><span style=\"font-weight: 400\">Rita de C\u00e1ssia dos Reis Viebrantz (UFPel)<\/span><\/p>\n<p><span style=\"font-weight: 400\">Tassiele Viebrantz Cassuriaga (UFPel)<\/span><\/p>\n<p>Atenea Garcia G\u00f3mez (UNB)<\/p>\n<p>Maria Cec\u00edlia Costa de Sousa (UNB)<\/p>\n<p>Rafael Teixeira Chaves (UFPel)<\/p>\n<p>&nbsp;<\/p>\n<p><b>Comiss\u00e3o Cient\u00edfica:<\/b><b>\u00a0<\/b><\/p>\n<p><span style=\"font-weight: 400\">Daniel Mauricio de Souza (UFPel)<\/span><\/p>\n<p><span style=\"font-weight: 400\">Noris Leal (UFPel)<\/span><\/p>\n<p><span style=\"font-weight: 400\">Diego Ribeiro (UFPel)<\/span><\/p>\n<p><span style=\"font-weight: 400\">Jossana Peil Coelho (UFPel)<\/span><\/p>\n<p><span style=\"font-weight: 400\">Luciana Conrado Martins (UFPI\/PERCEBE)<\/span><\/p>\n<p><span style=\"font-weight: 400\">Dalton Lopes Martins (UNB)<\/span><\/p>\n<p><span style=\"font-weight: 400\">Renata Cardozo Padilha (UFSC)<\/span><\/p>\n<p><span style=\"font-weight: 400\">Ana Carolina Gelmini (UFRGS)<\/span><\/p>\n<p><span style=\"font-weight: 400\">Sarah Maggitti Silva (UFPel)<\/span><\/p>\n<p><span style=\"font-weight: 400\">Rosemar Gomes Lemos (UFPel\/Museu Afro-Brasil-Sul)<\/span><\/p>\n<p><span style=\"font-weight: 400\">Danielle do Carmo (UNB)<\/span><\/p>\n<p><span style=\"font-weight: 400\">Cal\u00edope Sp\u00edndola (UNB)<br \/>\n<\/span><\/p>\n<p>Daniela Lucas Lemos (UFES)<\/p>\n<p><img class=\"aligncenter wp-image-102 size-full\" src=\"https:\/\/wp.ufpel.edu.br\/acervosemrede\/files\/2021\/07\/Screenshot-109.png\" alt=\"\" width=\"1274\" height=\"403\" srcset=\"https:\/\/wp.ufpel.edu.br\/acervosemrede\/files\/2021\/07\/Screenshot-109.png 1274w, https:\/\/wp.ufpel.edu.br\/acervosemrede\/files\/2021\/07\/Screenshot-109-400x127.png 400w, https:\/\/wp.ufpel.edu.br\/acervosemrede\/files\/2021\/07\/Screenshot-109-1024x324.png 1024w, https:\/\/wp.ufpel.edu.br\/acervosemrede\/files\/2021\/07\/Screenshot-109-768x243.png 768w\" sizes=\"(max-width: 1274px) 100vw, 1274px\" \/><img class=\"aligncenter wp-image-183 size-full\" src=\"https:\/\/wp.ufpel.edu.br\/acervosemrede\/files\/2021\/09\/homeHeaderTitleImage_pt_BR.jpg\" alt=\"\" width=\"1000\" height=\"120\" srcset=\"https:\/\/wp.ufpel.edu.br\/acervosemrede\/files\/2021\/09\/homeHeaderTitleImage_pt_BR.jpg 1000w, https:\/\/wp.ufpel.edu.br\/acervosemrede\/files\/2021\/09\/homeHeaderTitleImage_pt_BR-400x48.jpg 400w, https:\/\/wp.ufpel.edu.br\/acervosemrede\/files\/2021\/09\/homeHeaderTitleImage_pt_BR-768x92.jpg 768w\" sizes=\"(max-width: 1000px) 100vw, 1000px\" \/><\/p>\n","protected":false},"excerpt":{"rendered":"<p>Comiss\u00e3o Organizadora: Noris Leal (UFPel) Joana Lizott (UFPel) Augusto Garcia (UFPel) Rosemar Gomes Lemos (UFPel) Diego Lemos Ribeiro (UFPel) Luciana Conrado Martins (UFPI\/PERCEBE) Dalton Lopes Martins (UNB) Danielle do Carmo (UNB) Cal\u00edope Sp\u00edndola (UNB) Sarah Maggitti Silva (UFPel) Renan da Mata (UFPel) Jocelem Mariza Soares Fernandes (UFPel) Rita de C\u00e1ssia dos Reis Viebrantz (UFPel) Tassiele [&hellip;]<\/p>\n","protected":false},"author":1159,"featured_media":0,"parent":0,"menu_order":6,"comment_status":"closed","ping_status":"closed","template":"","meta":{"footnotes":""},"class_list":["post-39","page","type-page","status-publish","hentry"],"_links":{"self":[{"href":"https:\/\/wp.ufpel.edu.br\/acervosemrede\/wp-json\/wp\/v2\/pages\/39","targetHints":{"allow":["GET"]}}],"collection":[{"href":"https:\/\/wp.ufpel.edu.br\/acervosemrede\/wp-json\/wp\/v2\/pages"}],"about":[{"href":"https:\/\/wp.ufpel.edu.br\/acervosemrede\/wp-json\/wp\/v2\/types\/page"}],"author":[{"embeddable":true,"href":"https:\/\/wp.ufpel.edu.br\/acervosemrede\/wp-json\/wp\/v2\/users\/1159"}],"replies":[{"embeddable":true,"href":"https:\/\/wp.ufpel.edu.br\/acervosemrede\/wp-json\/wp\/v2\/comments?post=39"}],"version-history":[{"count":10,"href":"https:\/\/wp.ufpel.edu.br\/acervosemrede\/wp-json\/wp\/v2\/pages\/39\/revisions"}],"predecessor-version":[{"id":197,"href":"https:\/\/wp.ufpel.edu.br\/acervosemrede\/wp-json\/wp\/v2\/pages\/39\/revisions\/197"}],"wp:attachment":[{"href":"https:\/\/wp.ufpel.edu.br\/acervosemrede\/wp-json\/wp\/v2\/media?parent=39"}],"curies":[{"name":"wp","href":"https:\/\/api.w.org\/{rel}","templated":true}]}}