{"id":29,"date":"2021-07-02T14:54:23","date_gmt":"2021-07-02T17:54:23","guid":{"rendered":"https:\/\/wp.ufpel.edu.br\/acervosemrede\/?page_id=29"},"modified":"2021-09-15T15:08:49","modified_gmt":"2021-09-15T18:08:49","slug":"sobre-o-evento","status":"publish","type":"page","link":"https:\/\/wp.ufpel.edu.br\/acervosemrede\/","title":{"rendered":"IN\u00cdCIO"},"content":{"rendered":"<p><img class=\"aligncenter wp-image-62 size-full\" src=\"https:\/\/wp.ufpel.edu.br\/acervosemrede\/files\/2021\/07\/WhatsApp-Image-2021-07-05-at-6.51.38-PM.jpeg\" alt=\"\" width=\"1280\" height=\"640\" srcset=\"https:\/\/wp.ufpel.edu.br\/acervosemrede\/files\/2021\/07\/WhatsApp-Image-2021-07-05-at-6.51.38-PM.jpeg 1280w, https:\/\/wp.ufpel.edu.br\/acervosemrede\/files\/2021\/07\/WhatsApp-Image-2021-07-05-at-6.51.38-PM-400x200.jpeg 400w, https:\/\/wp.ufpel.edu.br\/acervosemrede\/files\/2021\/07\/WhatsApp-Image-2021-07-05-at-6.51.38-PM-1024x512.jpeg 1024w, https:\/\/wp.ufpel.edu.br\/acervosemrede\/files\/2021\/07\/WhatsApp-Image-2021-07-05-at-6.51.38-PM-768x384.jpeg 768w\" sizes=\"(max-width: 1280px) 100vw, 1280px\" \/><\/p>\n<p><strong>SOBRE O EVENTO<\/strong><\/p>\n<p><span style=\"font-weight: 400\">O <\/span><b>Semin\u00e1rio Acervos Culturais em Rede<\/b><span style=\"font-weight: 400\"> foi idealizado com objetivo de estimular a discuss\u00e3o do uso das tecnologias digitais para a gest\u00e3o, comunica\u00e7\u00e3o e interoperabilidade de acervos culturais, com foco especial nos museus da Regi\u00e3o Sul do pa\u00eds. Com a promo\u00e7\u00e3o do Semin\u00e1rio, espera-se avan\u00e7ar nas discuss\u00f5es acerca das pr\u00e1ticas de produ\u00e7\u00e3o e gest\u00e3o de acervos digitais e suas possibilidades de articula\u00e7\u00e3o em rede, bem como identificar e fortalecer uma rede de parceiros e entusiastas do tema, visando sua dissemina\u00e7\u00e3o em diferentes regi\u00f5es.<\/span><\/p>\n<p><span style=\"font-weight: 400\">Em 2021, o Semin\u00e1rio Acervos Culturais em Rede chega em sua 3\u00aa edi\u00e7\u00e3o, abordando o tema \u201cos museus e as redes durante a pandemia\u201d.<\/span><\/p>\n<p><span style=\"font-weight: 400\">Este evento possibilitar\u00e1 um amplo espectro de discuss\u00f5es sobre a cultura digital e o atendimento \u00e0s comunidades em que est\u00e3o inseridas as mais diversas institui\u00e7\u00f5es museol\u00f3gicas. Tendo em vista que cada vez mais, e com maior \u00eanfase neste per\u00edodo de afastamento social, imposto pela pandemia,\u00a0 os profissionais de museus est\u00e3o sendo convocados a se conectarem e a atuarem como curadores de conte\u00fado e produtores de redes informacionais, estabelecendo conex\u00f5es, mediando o acesso, desenvolvendo estrat\u00e9gias de exposi\u00e7\u00e3o informacional e, sobretudo, construindo experi\u00eancias comunicacionais e pedag\u00f3gicas de experimenta\u00e7\u00e3o dos objetos museol\u00f3gicos, agora tamb\u00e9m tratados como objetos digitais. Entender e saber atuar nesse novo mundo \u00e9 fundamental para o profissional e para as institui\u00e7\u00f5es que desejam estar em sintonia com as demandas atuais da sociedade.<\/span><\/p>\n<p><span style=\"font-weight: 400\">O III Semin\u00e1rio Acervos Culturais em Rede ser\u00e1 realizado de forma on-line, entre os dias 06, 07 e 08 de outubro de 2021, sediado pela Universidade Federal de Pelotas.<\/span><\/p>\n<p><b>Objetivo:<\/b><\/p>\n<p><span style=\"font-weight: 400\">Estimular discuss\u00f5es sobre os usos das tecnologias digitais para a gest\u00e3o, comunica\u00e7\u00e3o e interoperabilidade de acervos culturais, com foco especial nos museus da Regi\u00e3o Sul do pa\u00eds.\u00a0<\/span><\/p>\n<p><b>Finalidade:<\/b><\/p>\n<p><span style=\"font-weight: 400\">Espera-se avan\u00e7ar nas discuss\u00f5es acerca das pr\u00e1ticas de produ\u00e7\u00e3o e gest\u00e3o de acervos digitais e suas possibilidades de articula\u00e7\u00e3o em rede, bem como identificar e fortalecer uma rede de parceiros e entusiastas do tema, visando sua dissemina\u00e7\u00e3o na Regi\u00e3o Sul.<\/span><\/p>\n<p><b>P\u00fablico:<\/b><\/p>\n<p><span style=\"font-weight: 400\">Profissionais de institui\u00e7\u00f5es culturais, estudantes das \u00e1reas do Patrim\u00f4nio, Mem\u00f3ria, Museologia, Arquivologia, Biblioteconomia, em n\u00edveis de gradua\u00e7\u00e3o e p\u00f3s-gradua\u00e7\u00e3o, pesquisadores\u00a0 e demais interessados nas discuss\u00f5es sobre digitaliza\u00e7\u00e3o, acervos digitais em rede e comunica\u00e7\u00e3o de acervos na internet.<\/span><\/p>\n<p><b>Datas Importantes:<\/b><\/p>\n<table style=\"width: 608px\">\n<tbody>\n<tr>\n<td style=\"width: 309px\"><span style=\"font-weight: 400\">Per\u00edodo de inscri\u00e7\u00f5es de ouvintes<\/span><\/td>\n<td style=\"width: 299px\"><span style=\"font-weight: 400\">De 31 de agosto a 05 de outubro de 2021<\/span><\/td>\n<\/tr>\n<tr>\n<td style=\"width: 309px\"><span style=\"font-weight: 400\">Per\u00edodo de inscri\u00e7\u00f5es de comunica\u00e7\u00f5es<\/span><\/td>\n<td style=\"width: 299px\"><span style=\"font-weight: 400\">De 13 de julho a 18 de agosto de 2021<\/span><\/td>\n<\/tr>\n<tr>\n<td style=\"width: 309px\"><span style=\"font-weight: 400\">An\u00e1lise das comunica\u00e7\u00f5es<\/span><\/td>\n<td style=\"width: 299px\"><span style=\"font-weight: 400\">De 19 de agosto a 03 de setembro de 2021<\/span><\/td>\n<\/tr>\n<tr>\n<td style=\"width: 309px\"><span style=\"font-weight: 400\">Publica\u00e7\u00e3o da rela\u00e7\u00e3o dos trabalhos aceitos<\/span><\/td>\n<td style=\"width: 299px\"><span style=\"font-weight: 400\">06 de setembro de 2021<\/span><\/td>\n<\/tr>\n<tr>\n<td style=\"width: 309px\"><span style=\"font-weight: 400\">Entrega do texto final<\/span><\/td>\n<td style=\"width: 299px\"><span style=\"font-weight: 400\">30 de setembro de 2021<\/span><\/td>\n<\/tr>\n<tr>\n<td style=\"width: 309px\"><span style=\"font-weight: 400\">Data do Semin\u00e1rio<\/span><\/td>\n<td style=\"width: 299px\"><span style=\"font-weight: 400\">06, 07 e 08 de outubro de 2021<\/span><\/td>\n<\/tr>\n<\/tbody>\n<\/table>\n<p><strong><br \/>\nIniciativa:<\/strong><\/p>\n<p><span style=\"font-weight: 400\">Curso de Bacharelado em Museologia da Universidade Federal de Pelotas (UFPel)<br \/>\nLaborat\u00f3rio de Documenta\u00e7\u00e3o Museol\u00f3gica (UFPel)<br \/>\n<\/span><span style=\"font-weight: 400\">Equipe Tainacan, Laborat\u00f3rio de Intelig\u00eancia de Redes &#8211; Universidade de Bras\u00edlia (UNB)<br \/>\nMuseu Afro-Brasil-Sul &#8211; Universidade Federal de Pelotas (UFPel)<br \/>\n<\/span><\/p>\n<p><span style=\"font-weight: 400\"><strong>Apoio:<\/strong><\/span><\/p>\n<p><span style=\"font-weight: 400\">Pr\u00f3-Reitoria de Extens\u00e3o e Cultura (PREC\/UFPel)<\/span><br \/>\nUniversidade Federal do Rio Grande do Sul (UFRGS)<br \/>\nUniversidade Federal de Santa Catarina (UFSC)<br \/>\nUniversidade Federal de Goi\u00e1s (UFG)<br \/>\nRevista MOUSEION do Museu e Arquivo Hist\u00f3rico La Salle<\/p>\n<p><img class=\"aligncenter wp-image-102 size-full\" src=\"https:\/\/wp.ufpel.edu.br\/acervosemrede\/files\/2021\/07\/Screenshot-109.png\" alt=\"\" width=\"1274\" height=\"403\" srcset=\"https:\/\/wp.ufpel.edu.br\/acervosemrede\/files\/2021\/07\/Screenshot-109.png 1274w, https:\/\/wp.ufpel.edu.br\/acervosemrede\/files\/2021\/07\/Screenshot-109-400x127.png 400w, https:\/\/wp.ufpel.edu.br\/acervosemrede\/files\/2021\/07\/Screenshot-109-1024x324.png 1024w, https:\/\/wp.ufpel.edu.br\/acervosemrede\/files\/2021\/07\/Screenshot-109-768x243.png 768w\" sizes=\"(max-width: 1274px) 100vw, 1274px\" \/><img class=\"aligncenter wp-image-183 size-full\" src=\"https:\/\/wp.ufpel.edu.br\/acervosemrede\/files\/2021\/09\/homeHeaderTitleImage_pt_BR.jpg\" alt=\"\" width=\"1000\" height=\"120\" srcset=\"https:\/\/wp.ufpel.edu.br\/acervosemrede\/files\/2021\/09\/homeHeaderTitleImage_pt_BR.jpg 1000w, https:\/\/wp.ufpel.edu.br\/acervosemrede\/files\/2021\/09\/homeHeaderTitleImage_pt_BR-400x48.jpg 400w, https:\/\/wp.ufpel.edu.br\/acervosemrede\/files\/2021\/09\/homeHeaderTitleImage_pt_BR-768x92.jpg 768w\" sizes=\"(max-width: 1000px) 100vw, 1000px\" \/><\/p>\n","protected":false},"excerpt":{"rendered":"<p>SOBRE O EVENTO O Semin\u00e1rio Acervos Culturais em Rede foi idealizado com objetivo de estimular a discuss\u00e3o do uso das tecnologias digitais para a gest\u00e3o, comunica\u00e7\u00e3o e interoperabilidade de acervos culturais, com foco especial nos museus da Regi\u00e3o Sul do pa\u00eds. Com a promo\u00e7\u00e3o do Semin\u00e1rio, espera-se avan\u00e7ar nas discuss\u00f5es acerca das pr\u00e1ticas de produ\u00e7\u00e3o [&hellip;]<\/p>\n","protected":false},"author":1159,"featured_media":0,"parent":0,"menu_order":1,"comment_status":"closed","ping_status":"closed","template":"","meta":{"footnotes":""},"class_list":["post-29","page","type-page","status-publish","hentry"],"_links":{"self":[{"href":"https:\/\/wp.ufpel.edu.br\/acervosemrede\/wp-json\/wp\/v2\/pages\/29","targetHints":{"allow":["GET"]}}],"collection":[{"href":"https:\/\/wp.ufpel.edu.br\/acervosemrede\/wp-json\/wp\/v2\/pages"}],"about":[{"href":"https:\/\/wp.ufpel.edu.br\/acervosemrede\/wp-json\/wp\/v2\/types\/page"}],"author":[{"embeddable":true,"href":"https:\/\/wp.ufpel.edu.br\/acervosemrede\/wp-json\/wp\/v2\/users\/1159"}],"replies":[{"embeddable":true,"href":"https:\/\/wp.ufpel.edu.br\/acervosemrede\/wp-json\/wp\/v2\/comments?post=29"}],"version-history":[{"count":19,"href":"https:\/\/wp.ufpel.edu.br\/acervosemrede\/wp-json\/wp\/v2\/pages\/29\/revisions"}],"predecessor-version":[{"id":184,"href":"https:\/\/wp.ufpel.edu.br\/acervosemrede\/wp-json\/wp\/v2\/pages\/29\/revisions\/184"}],"wp:attachment":[{"href":"https:\/\/wp.ufpel.edu.br\/acervosemrede\/wp-json\/wp\/v2\/media?parent=29"}],"curies":[{"name":"wp","href":"https:\/\/api.w.org\/{rel}","templated":true}]}}