{"id":166,"date":"2021-09-06T19:59:40","date_gmt":"2021-09-06T22:59:40","guid":{"rendered":"https:\/\/wp.ufpel.edu.br\/acervosemrede\/?page_id=166"},"modified":"2021-09-15T15:12:32","modified_gmt":"2021-09-15T18:12:32","slug":"trabalhos-aprovados","status":"publish","type":"page","link":"https:\/\/wp.ufpel.edu.br\/acervosemrede\/trabalhos-aprovados\/","title":{"rendered":"TRABALHOS APROVADOS"},"content":{"rendered":"<p><strong><img class=\"alignnone wp-image-62 size-full\" src=\"https:\/\/wp.ufpel.edu.br\/acervosemrede\/files\/2021\/07\/WhatsApp-Image-2021-07-05-at-6.51.38-PM.jpeg\" alt=\"\" width=\"1280\" height=\"640\" srcset=\"https:\/\/wp.ufpel.edu.br\/acervosemrede\/files\/2021\/07\/WhatsApp-Image-2021-07-05-at-6.51.38-PM.jpeg 1280w, https:\/\/wp.ufpel.edu.br\/acervosemrede\/files\/2021\/07\/WhatsApp-Image-2021-07-05-at-6.51.38-PM-400x200.jpeg 400w, https:\/\/wp.ufpel.edu.br\/acervosemrede\/files\/2021\/07\/WhatsApp-Image-2021-07-05-at-6.51.38-PM-1024x512.jpeg 1024w, https:\/\/wp.ufpel.edu.br\/acervosemrede\/files\/2021\/07\/WhatsApp-Image-2021-07-05-at-6.51.38-PM-768x384.jpeg 768w\" sizes=\"(max-width: 1280px) 100vw, 1280px\" \/><\/strong><\/p>\n<p>Resultado da avalia\u00e7\u00e3o das comunica\u00e7\u00f5es pela comiss\u00e3o cient\u00edfica &#8211; III Acervos Culturais em Rede<\/p>\n<p><a href=\"https:\/\/docs.google.com\/spreadsheets\/d\/1TmSz4QDcU1DFAAcNH980Ntjfh7jMlpx4Ow7wLmr9vrw\/edit?usp=sharing\">Avali\u00e7\u00e3o &#8211; Grupos Tem\u00e1ticos (GT&#8217;s)<\/a><\/p>\n<p><img class=\"aligncenter wp-image-102 size-full\" src=\"https:\/\/wp.ufpel.edu.br\/acervosemrede\/files\/2021\/07\/Screenshot-109.png\" alt=\"\" width=\"1274\" height=\"403\" srcset=\"https:\/\/wp.ufpel.edu.br\/acervosemrede\/files\/2021\/07\/Screenshot-109.png 1274w, https:\/\/wp.ufpel.edu.br\/acervosemrede\/files\/2021\/07\/Screenshot-109-400x127.png 400w, https:\/\/wp.ufpel.edu.br\/acervosemrede\/files\/2021\/07\/Screenshot-109-1024x324.png 1024w, https:\/\/wp.ufpel.edu.br\/acervosemrede\/files\/2021\/07\/Screenshot-109-768x243.png 768w\" sizes=\"(max-width: 1274px) 100vw, 1274px\" \/><img class=\"aligncenter wp-image-183 size-full\" src=\"https:\/\/wp.ufpel.edu.br\/acervosemrede\/files\/2021\/09\/homeHeaderTitleImage_pt_BR.jpg\" alt=\"\" width=\"1000\" height=\"120\" srcset=\"https:\/\/wp.ufpel.edu.br\/acervosemrede\/files\/2021\/09\/homeHeaderTitleImage_pt_BR.jpg 1000w, https:\/\/wp.ufpel.edu.br\/acervosemrede\/files\/2021\/09\/homeHeaderTitleImage_pt_BR-400x48.jpg 400w, https:\/\/wp.ufpel.edu.br\/acervosemrede\/files\/2021\/09\/homeHeaderTitleImage_pt_BR-768x92.jpg 768w\" sizes=\"(max-width: 1000px) 100vw, 1000px\" \/><\/p>\n","protected":false},"excerpt":{"rendered":"<p>Resultado da avalia\u00e7\u00e3o das comunica\u00e7\u00f5es pela comiss\u00e3o cient\u00edfica &#8211; III Acervos Culturais em Rede Avali\u00e7\u00e3o &#8211; Grupos Tem\u00e1ticos (GT&#8217;s)<\/p>\n","protected":false},"author":1159,"featured_media":0,"parent":0,"menu_order":4,"comment_status":"closed","ping_status":"closed","template":"","meta":{"footnotes":""},"class_list":["post-166","page","type-page","status-publish","hentry"],"_links":{"self":[{"href":"https:\/\/wp.ufpel.edu.br\/acervosemrede\/wp-json\/wp\/v2\/pages\/166","targetHints":{"allow":["GET"]}}],"collection":[{"href":"https:\/\/wp.ufpel.edu.br\/acervosemrede\/wp-json\/wp\/v2\/pages"}],"about":[{"href":"https:\/\/wp.ufpel.edu.br\/acervosemrede\/wp-json\/wp\/v2\/types\/page"}],"author":[{"embeddable":true,"href":"https:\/\/wp.ufpel.edu.br\/acervosemrede\/wp-json\/wp\/v2\/users\/1159"}],"replies":[{"embeddable":true,"href":"https:\/\/wp.ufpel.edu.br\/acervosemrede\/wp-json\/wp\/v2\/comments?post=166"}],"version-history":[{"count":7,"href":"https:\/\/wp.ufpel.edu.br\/acervosemrede\/wp-json\/wp\/v2\/pages\/166\/revisions"}],"predecessor-version":[{"id":188,"href":"https:\/\/wp.ufpel.edu.br\/acervosemrede\/wp-json\/wp\/v2\/pages\/166\/revisions\/188"}],"wp:attachment":[{"href":"https:\/\/wp.ufpel.edu.br\/acervosemrede\/wp-json\/wp\/v2\/media?parent=166"}],"curies":[{"name":"wp","href":"https:\/\/api.w.org\/{rel}","templated":true}]}}