{"id":12,"date":"2021-07-02T14:44:36","date_gmt":"2021-07-02T17:44:36","guid":{"rendered":"https:\/\/wp.ufpel.edu.br\/acervosemrede\/?page_id=12"},"modified":"2021-10-05T19:24:05","modified_gmt":"2021-10-05T22:24:05","slug":"programacao","status":"publish","type":"page","link":"https:\/\/wp.ufpel.edu.br\/acervosemrede\/programacao\/","title":{"rendered":"PROGRAMA\u00c7\u00c3O"},"content":{"rendered":"<p><img class=\"aligncenter wp-image-62 size-full\" src=\"https:\/\/wp.ufpel.edu.br\/acervosemrede\/files\/2021\/07\/WhatsApp-Image-2021-07-05-at-6.51.38-PM.jpeg\" alt=\"\" width=\"1280\" height=\"640\" srcset=\"https:\/\/wp.ufpel.edu.br\/acervosemrede\/files\/2021\/07\/WhatsApp-Image-2021-07-05-at-6.51.38-PM.jpeg 1280w, https:\/\/wp.ufpel.edu.br\/acervosemrede\/files\/2021\/07\/WhatsApp-Image-2021-07-05-at-6.51.38-PM-400x200.jpeg 400w, https:\/\/wp.ufpel.edu.br\/acervosemrede\/files\/2021\/07\/WhatsApp-Image-2021-07-05-at-6.51.38-PM-1024x512.jpeg 1024w, https:\/\/wp.ufpel.edu.br\/acervosemrede\/files\/2021\/07\/WhatsApp-Image-2021-07-05-at-6.51.38-PM-768x384.jpeg 768w\" sizes=\"(max-width: 1280px) 100vw, 1280px\" \/><\/p>\n<p><strong>As transmiss\u00f5es ocorrer\u00e3o atrav\u00e9s deste link: <a href=\"https:\/\/www.youtube.com\/channel\/UCLYZrYGW-rYF0yHnjSXQXbQ\">YOUTUBE MUSEOLOGIA UFPEL<\/a><\/strong><\/p>\n<table style=\"height: 1106px\">\n<tbody>\n<tr style=\"height: 24px\">\n<td style=\"height: 24px\" colspan=\"2\"><b>06\/10\/2021<\/b><\/td>\n<\/tr>\n<tr style=\"height: 24px\">\n<td style=\"height: 24px\"><span style=\"font-weight: 400\">14h &#8211; 14h30<\/span><\/td>\n<td style=\"height: 24px\"><span style=\"font-weight: 400\">Mesa de Abertura<\/span><\/td>\n<\/tr>\n<tr style=\"height: 144px\">\n<td style=\"height: 144px\"><span style=\"font-weight: 400\">14h30 &#8211; 16h<\/span><\/td>\n<td style=\"height: 144px\">\n<p><span style=\"font-weight: 400\">Mesa Redonda 1 &#8211; Museologia em Rede\u00a0<\/span><\/p>\n<p><span style=\"font-weight: 400\">&#8211; Prof. Dr. Daniel Maur\u00edcio (UFPel)<\/span><span style=\"font-weight: 400\"><br \/>\n<\/span><span style=\"font-weight: 400\">&#8211; Prof.\u00aa Dr\u00aa Monique Magaldi (UnB)<\/span><span style=\"font-weight: 400\"><br \/>\n<\/span><span style=\"font-weight: 400\">&#8211; Media\u00e7\u00e3o: Jos\u00e9 Murilo Carvalho (CSGIM\/Ibram)<\/span><\/td>\n<\/tr>\n<tr style=\"height: 120px\">\n<td style=\"height: 120px\"><span style=\"font-weight: 400\">16h30 &#8211; 18h<\/span><\/td>\n<td style=\"height: 120px\">\n<p><span style=\"font-weight: 400\">Confer\u00eancia de Abertura &#8211; Mem\u00f3ria, Patrim\u00f4nio e Rela\u00e7\u00f5es em Rede<\/span><\/p>\n<p><span style=\"font-weight: 400\">&#8211; Prof. Dr. Marco Antonio Almeida (ECA\/USP)<\/span><\/td>\n<\/tr>\n<tr style=\"height: 24px\">\n<td style=\"height: 24px\" colspan=\"2\"><b>07\/10\/2021<\/b><\/td>\n<\/tr>\n<tr style=\"height: 48px\">\n<td style=\"height: 48px\"><span style=\"font-weight: 400\">09h00 &#8211; 12h30<\/span><\/td>\n<td style=\"height: 48px\"><span style=\"font-weight: 400\">Apresenta\u00e7\u00e3o de Trabalhos<\/span><\/td>\n<\/tr>\n<tr style=\"height: 168px\">\n<td style=\"height: 168px\"><span style=\"font-weight: 400\">14h &#8211; 16h<\/span><\/td>\n<td style=\"height: 168px\">\n<p><span style=\"font-weight: 400\">Mesa redonda 2 &#8211; Documenta\u00e7\u00e3o, Web Sem\u00e2ntica e Qualidade de Dados na Internet<\/span><\/p>\n<p><span style=\"font-weight: 400\">&#8211; Prof. Dr. Dalton Martins (UnB)<\/span><span style=\"font-weight: 400\"><br \/>\n<\/span><span style=\"font-weight: 400\">&#8211; Dr\u00aa Rose Miranda (CGSIM\/Ibram)<\/span><span style=\"font-weight: 400\"><br \/>\n<\/span><span style=\"font-weight: 400\">&#8211; Media\u00e7\u00e3o: Prof.\u00aa Dr\u00aa Noris Leal (UFPel)<\/span><\/td>\n<\/tr>\n<tr style=\"height: 144px\">\n<td style=\"height: 144px\"><span style=\"font-weight: 400\">16:30h &#8211; 18:30h\u00a0<\/span><\/td>\n<td style=\"height: 144px\">\n<p><span style=\"font-weight: 400\">Mesa redonda 3 &#8211; Comunica\u00e7\u00e3o e Educa\u00e7\u00e3o Museal Digital<\/span><\/p>\n<p><span style=\"font-weight: 400\">&#8211; Dr\u00aa Luciana Martins (Percebe\/Tainacan)<\/span><span style=\"font-weight: 400\"><br \/>\n<\/span><span style=\"font-weight: 400\">&#8211;\u00a0 Prof\u00aa Dr\u00aa Andrea Costa (UNIRIO\/MN-UFRJ)<\/span><span style=\"font-weight: 400\"><br \/>\n<\/span><span style=\"font-weight: 400\">&#8211; Media\u00e7\u00e3o: Prof. Dr. Lauer Santos (LACMALG)<\/span><\/td>\n<\/tr>\n<tr style=\"height: 24px\">\n<td style=\"height: 24px\" colspan=\"2\"><b>08\/10\/2021<\/b><\/td>\n<\/tr>\n<tr style=\"height: 48px\">\n<td style=\"height: 48px\"><span style=\"font-weight: 400\">09h00 &#8211; 12h30\u00a0<\/span><\/td>\n<td style=\"height: 48px\"><span style=\"font-weight: 400\">Apresenta\u00e7\u00e3o de Trabalhos\u00a0<\/span><\/td>\n<\/tr>\n<tr style=\"height: 168px\">\n<td style=\"height: 168px\"><span style=\"font-weight: 400\">14h &#8211; 16h\u00a0<\/span><\/td>\n<td style=\"height: 168px\">\n<p><span style=\"font-weight: 400\">Mesa redonda 4 &#8211; Planejamento e Pol\u00edticas de Acervos Digitais para Institui\u00e7\u00f5es Culturais<\/span><\/p>\n<p><span style=\"font-weight: 400\">&#8211; Prof. Dr. Maur\u00edcio C\u00e2ndido (MAV\/USP)<\/span><span style=\"font-weight: 400\"><br \/>\n<\/span><span style=\"font-weight: 400\">&#8211; Prof.\u00aa Dr\u00aa Ana Celina Figueira (UFRGS)<\/span><span style=\"font-weight: 400\"><br \/>\n<\/span><span style=\"font-weight: 400\">&#8211; Media\u00e7\u00e3o: Prof.\u00aa Dr\u00aa Rosemar Lemos (UFPel\/MABSul)<\/span><\/td>\n<\/tr>\n<tr style=\"height: 120px\">\n<td style=\"height: 120px\"><span style=\"font-weight: 400\">16:30h &#8211; 18h<\/span><\/td>\n<td style=\"height: 120px\">\n<p><span style=\"font-weight: 400\">Confer\u00eancia de Encerramento &#8211; Os Museus na Pandemia: conquistas e desafios das tecnologias digitais<\/span><\/p>\n<p><span style=\"font-weight: 400\">&#8211; Alexandre Feitosa (CGSIM\/Ibram)<\/span><\/td>\n<\/tr>\n<tr style=\"height: 50px\">\n<td style=\"height: 50px\"><span style=\"font-weight: 400\">18h-18h30<\/span><\/td>\n<td style=\"height: 50px\">Abertura da exposi\u00e7\u00e3o: O Nosso Lugar: 15 anos do Curso de Museologia\/UFPel<\/td>\n<\/tr>\n<tr>\n<td><span style=\"font-weight: 400\">18:30h<\/span><\/td>\n<td><span style=\"font-weight: 400\">Balan\u00e7o do evento<\/span><\/td>\n<\/tr>\n<\/tbody>\n<\/table>\n<h2><strong>PROGRAMA\u00c7\u00c3O DETALHADA DAS COMUNICA\u00c7\u00d5ES<\/strong><\/h2>\n<p><strong>GT Acervos Digitais e Documenta\u00e7\u00e3o Museol\u00f3gica<\/strong><\/p>\n<p><strong>Coordenadoras: Prof\u00aa Dra. Noris Leal, Prof\u00aa Dra. Renata Padilha, Muse\u00f3loga Jossana Peil Coelho<\/strong><\/p>\n<p><strong>Link da Sala: <\/strong><a href=\"https:\/\/webconf.ufpel.edu.br\/b\/nor-ugw-fad\">https:\/\/webconf.ufpel.edu.br\/b\/nor-ugw-fad<\/a><\/p>\n<p><strong>Dia 07 \u2013 Quinta-feira<\/strong><\/p>\n<table width=\"696\">\n<tbody>\n<tr>\n<td width=\"66\"><strong><em>Hor\u00e1rio<\/em><\/strong><\/td>\n<td width=\"185\"><strong><em>Apresentador(a)<\/em><\/strong><\/td>\n<td width=\"445\"><strong><em>T\u00edtulo<\/em><\/strong><\/td>\n<\/tr>\n<tr>\n<td width=\"66\">9h<\/td>\n<td width=\"185\">Aline Portella Fernandes<\/td>\n<td width=\"445\">A inser\u00e7\u00e3o das cole\u00e7\u00f5es do Museu de Ci\u00eancias Naturais da UFRGS no Tainacan: desafios e reflex\u00f5es preliminares<\/td>\n<\/tr>\n<tr>\n<td width=\"66\">9:15<\/td>\n<td width=\"185\">Anna Paula da Silva<\/td>\n<td width=\"445\">A documenta\u00e7\u00e3o como sintaxe da arte performance<\/td>\n<\/tr>\n<tr>\n<td width=\"66\">9:30<\/td>\n<td width=\"185\">Camila Damico Medina<\/td>\n<td width=\"445\">A participa\u00e7\u00e3o do artista na documenta\u00e7\u00e3o de obras de arte h\u00edbridas<\/td>\n<\/tr>\n<tr>\n<td width=\"66\">9:45<\/td>\n<td width=\"185\">Clarissa Martins Neutzling<\/td>\n<td width=\"445\">Museu das Telecomunica\u00e7\u00f5es\/UFPEL:\u00a0 a\u00e7\u00f5es de documenta\u00e7\u00e3o para digitaliza\u00e7\u00e3o do acervo<\/td>\n<\/tr>\n<tr>\n<td width=\"66\">10h<\/td>\n<td width=\"185\">Danielle do Carmo<\/td>\n<td width=\"445\">Objetos digitais e objetos digitais de museus<\/td>\n<\/tr>\n<tr>\n<td width=\"66\">10:15<\/td>\n<td colspan=\"2\" width=\"630\"><strong>DEBATE <\/strong>(30min.)<\/td>\n<\/tr>\n<tr>\n<td width=\"66\">10:45<\/td>\n<td width=\"185\">Ian Misael Reis<\/td>\n<td width=\"445\">Gest\u00e3o de acervo digital: um estudo sobre o MABSul<\/td>\n<\/tr>\n<tr>\n<td width=\"66\">11h<\/td>\n<td width=\"185\">Joana Soster Lizott<\/td>\n<td width=\"445\">Documenta\u00e7\u00e3o e curadoria: a\u00e7\u00f5es do Laborat\u00f3rio de Curadoria do Museu de Arte Leopoldo Gotuzzo<\/td>\n<\/tr>\n<tr>\n<td width=\"66\">11:15<\/td>\n<td width=\"185\"><\/td>\n<td width=\"445\"><\/td>\n<\/tr>\n<tr>\n<td width=\"66\">11:30<\/td>\n<td width=\"185\"><\/td>\n<td width=\"445\"><\/td>\n<\/tr>\n<tr>\n<td width=\"66\">11:45<\/td>\n<td colspan=\"2\" width=\"630\"><strong>DEBATE <\/strong>(30min.)<\/td>\n<\/tr>\n<\/tbody>\n<\/table>\n<p><strong>\u00a0<\/strong><strong>Dia 08 \u2013 sexta-feira<\/strong><\/p>\n<table width=\"696\">\n<tbody>\n<tr>\n<td width=\"66\"><strong><em>Hor\u00e1rio<\/em><\/strong><\/td>\n<td width=\"188\"><strong><em>Apresentador(a)<\/em><\/strong><\/td>\n<td width=\"442\"><strong><em>T\u00edtulo<\/em><\/strong><\/td>\n<\/tr>\n<tr>\n<td width=\"66\">9h<\/td>\n<td width=\"188\">Maria Cec\u00edlia Costa de Sousa<\/td>\n<td width=\"442\">Acervos digitais museais na Wikimedia Commons: estudo de caso de ferramentas de gest\u00e3o para museus universit\u00e1rios<\/td>\n<\/tr>\n<tr>\n<td width=\"66\">9:15<\/td>\n<td width=\"188\">Suelane Silva Ramos dos Santos<\/td>\n<td width=\"442\">An\u00e1lise de aplicativos m\u00f3veis para cole\u00e7\u00f5es digitais na \u00e1rea da cultura: fun\u00e7\u00f5es e caracter\u00edsticas<\/td>\n<\/tr>\n<tr>\n<td width=\"66\">9:30<\/td>\n<td width=\"188\">Thain\u00e1 Castro Costa Figueiredo Lopes<\/td>\n<td width=\"442\">A constru\u00e7\u00e3o da pol\u00edtica de acervos do MABSul: reflex\u00f5es para a gest\u00e3o de acervos digitais<\/td>\n<\/tr>\n<tr>\n<td width=\"66\">9:45<\/td>\n<td width=\"188\">Maycon Soave de Almeida<\/td>\n<td width=\"442\">\u00a0REPRESENTA\u00c7\u00c3O DESCRITIVA E TEM\u00c1TICA DE ACERVOS DIGITAIS DA DITADURA MILITAR: UM ESTUDO DO ESTADO DA ARTE<\/td>\n<\/tr>\n<tr>\n<td width=\"66\">10h<\/td>\n<td colspan=\"2\" width=\"630\"><strong>DEBATE <\/strong>(30min.)<\/td>\n<\/tr>\n<tr>\n<td width=\"66\">10:30<\/td>\n<td width=\"188\">\n<p>Mariana Brauner Lobato<\/p>\n<p>&nbsp;<\/td>\n<td width=\"442\">A comunica\u00e7\u00e3o na documenta\u00e7\u00e3o em museus: apropria\u00e7\u00e3o atrav\u00e9s das m\u00eddias sociais<\/td>\n<\/tr>\n<tr>\n<td width=\"66\">10:45<\/td>\n<td width=\"188\">Jo\u00e3o Paulo Berto<\/td>\n<td width=\"442\">Bens Culturais da Igreja e territ\u00f3rio: possibilidades de gest\u00e3o em rede<\/td>\n<\/tr>\n<tr>\n<td width=\"66\">11h<\/td>\n<td width=\"188\"><\/td>\n<td width=\"442\"><\/td>\n<\/tr>\n<tr>\n<td width=\"66\">11:15<\/td>\n<td width=\"188\"><\/td>\n<td width=\"442\"><\/td>\n<\/tr>\n<tr>\n<td width=\"66\">11:30<\/td>\n<td colspan=\"2\" width=\"630\"><strong>DEBATE <\/strong>(30min.)<\/td>\n<\/tr>\n<\/tbody>\n<\/table>\n<p><strong>GT Museologia em Rede. <\/strong><\/p>\n<p><strong>Coordenadores: Daniel Mauricio de Souza, Diego Lemos Ribeiro e Rosemar Gomes Lemos.<br \/>\n<\/strong><\/p>\n<p><strong>Link da Sala:<\/strong> <a href=\"https:\/\/webconf.ufpel.edu.br\/b\/ros-fkq-7mr\">https:\/\/webconf.ufpel.edu.br\/b\/ros-fkq-7mr<\/a><\/p>\n<p><strong>Dia 07 \u2013 Quinta-feira<\/strong><\/p>\n<table width=\"696\">\n<tbody>\n<tr>\n<td width=\"66\"><strong><em>Hor\u00e1rio<\/em><\/strong><\/td>\n<td width=\"188\"><strong><em>Apresentador(a)<\/em><\/strong><\/td>\n<td width=\"442\"><strong><em>T\u00edtulo<\/em><\/strong><\/td>\n<\/tr>\n<tr>\n<td width=\"66\">9h<\/td>\n<td width=\"188\">Andr\u00e9ia Bederode Becker<\/td>\n<td width=\"442\">Mem\u00f3ria dos fazeres e Saberes &#8211; Entrelaces: alian\u00e7a pelas \u00e1guas<\/td>\n<\/tr>\n<tr>\n<td width=\"66\">9:15<\/td>\n<td width=\"188\">Fernanda Cristina de Morais<\/td>\n<td width=\"442\">Laborat\u00f3rio de Cria\u00e7\u00e3o e Imagina\u00e7\u00e3o: uma ferramenta de di\u00e1logo e constru\u00e7\u00e3o de saberes entre as equipes dos Museus da Energia em Rede.<\/td>\n<\/tr>\n<tr>\n<td width=\"66\">9:30<\/td>\n<td width=\"188\">Graciele Karine Siqueira<\/td>\n<td width=\"442\">O futuro dos museus: recuperar e reimaginar &#8211; I Semin\u00e1rio Museus e Cole\u00e7\u00f5es da UFC.<\/td>\n<\/tr>\n<tr>\n<td width=\"66\">9:45<\/td>\n<td width=\"188\">Sergio Kaminski<\/td>\n<td width=\"442\">Gest\u00e3o dos museus no Geoparque Paleorrota.<\/td>\n<\/tr>\n<tr>\n<td width=\"66\">10h<\/td>\n<td colspan=\"2\" width=\"630\"><strong>DEBATE <\/strong>(30min.)<\/td>\n<\/tr>\n<tr>\n<td width=\"66\">10:30<\/td>\n<td width=\"188\">Emanoela Silva Greg\u00f3rio Tomaz<\/td>\n<td width=\"442\">Museus virtuais: An\u00e1lise do processo de comunica\u00e7\u00e3o em meio digital.<\/td>\n<\/tr>\n<tr>\n<td width=\"66\">10:45<\/td>\n<td width=\"188\">Augusto Duarte Garcia<\/td>\n<td width=\"442\">PANORAMA DA UTILIZA\u00c7\u00c3O DE RECURSOS ONLINE POR MUSEUS DO LITORAL SUL DO RS.<\/td>\n<\/tr>\n<tr>\n<td width=\"66\">11h<\/td>\n<td width=\"188\">Daniel Viana de Souza<\/td>\n<td width=\"442\">Museu Di\u00e1rios do Isolamento &#8211; MuDI: Cibermusealiza\u00e7\u00e3o Socializadora.<\/td>\n<\/tr>\n<tr>\n<td width=\"66\">11:15<\/td>\n<td width=\"188\">Priscila Chagas Oliveira<\/td>\n<td width=\"442\">Fen\u00f4meno Museu no Instagram: mem\u00f3rias traum\u00e1ticas da Covid-19 em rede<\/td>\n<\/tr>\n<tr>\n<td width=\"66\">11:30<\/td>\n<td colspan=\"2\" width=\"630\"><strong>DEBATE <\/strong>(30min.)<\/td>\n<\/tr>\n<\/tbody>\n<\/table>\n<p>&nbsp;<\/p>\n<p><strong>GT Educa\u00e7\u00e3o e Comunica\u00e7\u00e3o Museal no Ambiente Digital<\/strong><\/p>\n<p><strong>Coordenadoras: <\/strong><strong>Dra. Luciana Conrado Martins, Prof\u00aa Ma. Sarah Maggitti Silva, Prof\u00aa Dra. Ana Carolina Gelmini<\/strong><\/p>\n<p><strong>Link da sala: <\/strong><a href=\"https:\/\/webconf.ufpel.edu.br\/b\/sar-zfa-jvn\">https:\/\/webconf.ufpel.edu.br\/b\/sar-zfa-jvn<\/a><\/p>\n<p><strong>Dia 07 \u2013 Quinta-feira<\/strong><\/p>\n<table width=\"696\">\n<tbody>\n<tr>\n<td width=\"66\"><strong><em>Hor\u00e1rio<\/em><\/strong><\/td>\n<td width=\"185\"><strong><em>Apresentador(a)<\/em><\/strong><\/td>\n<td width=\"445\"><strong><em>T\u00edtulo<\/em><\/strong><\/td>\n<\/tr>\n<tr>\n<td width=\"66\">9h<\/td>\n<td width=\"185\">Alice Ribeiro<\/td>\n<td width=\"445\">Atua\u00e7\u00e3o online dos museus e centros de ci\u00eancias brasileiros no contexto da pandemia da Covid-19<\/td>\n<\/tr>\n<tr>\n<td width=\"66\">9:15<\/td>\n<td width=\"185\">Ana Paula Soares Roman<\/td>\n<td width=\"445\">A comunica\u00e7\u00e3o museol\u00f3gica no meio digital: uma an\u00e1lise sobre os processos comunicacionais na exposi\u00e7\u00e3o virtual curricular NOIA<\/td>\n<\/tr>\n<tr>\n<td width=\"66\">9:30<\/td>\n<td width=\"185\">Atenea Garcia G\u00f3mez<\/td>\n<td width=\"445\">Sociabiliza\u00e7\u00e3o de acervos de reposit\u00f3rios digitais de moda: caso plataforma Instagram<\/td>\n<\/tr>\n<tr>\n<td width=\"66\">9:45<\/td>\n<td width=\"185\">Bianca Siega Bernardi<\/td>\n<td width=\"445\">Museus de Anatomia Humana em Tempos de Isolamento Social: desafios e perspectivas<\/td>\n<\/tr>\n<tr>\n<td width=\"66\">10h<\/td>\n<td colspan=\"2\" width=\"630\"><strong>DEBATE <\/strong>(30min.)<\/td>\n<\/tr>\n<tr>\n<td width=\"66\">10:30<\/td>\n<td width=\"185\">Caroline Montezi de Castro Chamusca<\/td>\n<td width=\"445\">Do Museu ao C\u00e9u: um encontro virtual com crian\u00e7as<\/td>\n<\/tr>\n<tr>\n<td width=\"66\">10:45<\/td>\n<td width=\"185\">Diogo Santos Gomes<\/td>\n<td width=\"445\">Acervos Culturais em Rede: os eventos cient\u00edficos na produ\u00e7\u00e3o e difus\u00e3o do conhecimento para fins de capacita\u00e7\u00e3o de estrat\u00e9gias digitais no campo museal<\/td>\n<\/tr>\n<tr>\n<td width=\"66\">11h<\/td>\n<td width=\"185\">Felipe Mendon\u00e7a Pirovano<\/td>\n<td width=\"445\">O programa de extens\u00e3o Educa\u00e7\u00e3o para o patrim\u00f4nio no bairro Arquip\u00e9lago, vinculado ao Programa de P\u00f3s-Gradua\u00e7\u00e3o em Museologia e Patrim\u00f4nio e gradua\u00e7\u00e3o em Museologia da Universidade<\/td>\n<\/tr>\n<tr>\n<td width=\"66\">11:15<\/td>\n<td width=\"185\">Jo\u00e3o Paulo Carvalho de Brito<\/td>\n<td width=\"445\">Museu na M\u00e3o: Aplicativo de Comunica\u00e7\u00e3o e Informa\u00e7\u00e3o para o Museu da Vila, Lu\u00eds Correia, Piau\u00ed, Meio Norte do Brasil<\/td>\n<\/tr>\n<tr>\n<td width=\"66\">11:30<\/td>\n<td colspan=\"2\" width=\"630\"><strong>DEBATE <\/strong>(30min.)<\/td>\n<\/tr>\n<\/tbody>\n<\/table>\n<p><strong>Dia 08 \u2013 sexta-feira<\/strong><\/p>\n<table width=\"696\">\n<tbody>\n<tr>\n<td width=\"66\"><strong><em>Hor\u00e1rio<\/em><\/strong><\/td>\n<td width=\"188\"><strong><em>Apresentador(a)<\/em><\/strong><\/td>\n<td width=\"442\"><strong><em>T\u00edtulo<\/em><\/strong><\/td>\n<\/tr>\n<tr>\n<td width=\"66\">9h<\/td>\n<td width=\"188\">M\u00e1rcia Val\u00e9ria de Souza<\/td>\n<td width=\"442\">X Exposi\u00e7\u00e3o do Programa de Educa\u00e7\u00e3o Patrimonial &#8211; PEP\/LCCR- II Exposi\u00e7\u00e3o Virtual MEM\u00d3RIAS NA REDE: Preserva\u00e7\u00e3o da Hist\u00f3ria do Museu Nacional<\/td>\n<\/tr>\n<tr>\n<td width=\"66\">9:15<\/td>\n<td width=\"188\">Nadir Ferreira Branquinho Taranti<\/td>\n<td width=\"442\">Museus Conectados: uma parceria museu e escola na pandemia<\/td>\n<\/tr>\n<tr>\n<td width=\"66\">9:30<\/td>\n<td width=\"188\">Renata Zappelli Marzullo<\/td>\n<td width=\"442\">Museus e centros de ci\u00eancia na cibercultura: uma an\u00e1lise das m\u00eddias sociais digitais da Casa da Ci\u00eancia da UFRJ em tempos de pandemia<\/td>\n<\/tr>\n<tr>\n<td width=\"66\">9:45<\/td>\n<td width=\"188\">Vanessa Barrozo Teixeira Aquino<\/td>\n<td width=\"442\">Conex\u00f5es entre arte, educa\u00e7\u00e3o e museus: a presen\u00e7a do MARGS no Instagram<\/td>\n<\/tr>\n<tr>\n<td width=\"66\">10h<\/td>\n<td colspan=\"2\" width=\"630\"><strong>DEBATE <\/strong>(30min.)<\/td>\n<\/tr>\n<tr>\n<td width=\"66\">10:30<\/td>\n<td width=\"188\">Renata Maria Costa da Silva<\/td>\n<td width=\"442\">An\u00e1lise da exposi\u00e7\u00e3o e do material educativo Transbordar: Transgress\u00f5es do bordado na arte e seus desdobramentos digitais<\/td>\n<\/tr>\n<tr>\n<td width=\"66\">10:45<\/td>\n<td width=\"188\">Juliane C P Serres<\/td>\n<td width=\"442\">Objetos que aproximam dentro de Casa: o uso do Tainacan para uma exposic\u0327a\u0303o virtual<\/td>\n<\/tr>\n<tr>\n<td width=\"66\">11h<\/td>\n<td width=\"188\">Bruna de Oliveira Santos<\/td>\n<td width=\"442\">O Sal\u00e3o de Tutankhamon no Museu Eg\u00edpcio e o uso de ferramentas digitais na museografia<\/td>\n<\/tr>\n<tr>\n<td width=\"66\">11:15<\/td>\n<td colspan=\"2\" width=\"630\"><strong>DEBATE <\/strong>(30min.)<\/td>\n<\/tr>\n<\/tbody>\n<\/table>\n<p><strong><br \/>\nGT Planejamento e Pol\u00edticas de Acervos Digitais para Institui\u00e7\u00f5es Culturais<\/strong><\/p>\n<p><strong>Coordenadores: Prof\u00aa Dra. Daniela Lucas da Silva Lemos, Ma. Cal\u00edope Victor Sp\u00edndola de Miranda Dias,<br \/>\nMa. Danielle do Carmo, Me. Rafael Teixeira Chaves<\/strong><\/p>\n<p><strong>Link da sala:<\/strong> <a href=\"https:\/\/webconf2.ufpel.edu.br\/b\/raf-knc-n73\">https:\/\/webconf2.ufpel.edu.br\/b\/raf-knc-n73<\/a><\/p>\n<p><strong>\u00a0<\/strong><strong>Dia 07 \u2013 Quinta-feira<\/strong><\/p>\n<table width=\"696\">\n<tbody>\n<tr>\n<td width=\"66\"><strong><em>Hor\u00e1rio<\/em><\/strong><\/td>\n<td width=\"236\"><strong><em>Apresentador(a)<\/em><\/strong><\/td>\n<td width=\"394\"><strong><em>T\u00edtulo<\/em><\/strong><\/td>\n<\/tr>\n<tr>\n<td width=\"66\"><strong>9h<\/strong><\/td>\n<td width=\"236\"><\/td>\n<td width=\"394\"><\/td>\n<\/tr>\n<tr>\n<td width=\"66\"><strong>9:15<\/strong><\/td>\n<td width=\"236\"><\/td>\n<td width=\"394\"><\/td>\n<\/tr>\n<tr>\n<td width=\"66\"><strong>9:30<\/strong><\/td>\n<td width=\"236\"><strong>Camila Alvarez Djurovic<\/strong><\/td>\n<td width=\"394\">Desenvolvimento do acervo digital do Memorial da Resist\u00eancia de S\u00e3o Paulo: um relato de caso<\/td>\n<\/tr>\n<tr>\n<td width=\"66\"><strong>9:45<\/strong><\/td>\n<td width=\"236\">\n<p><strong>Luciana Conrado Martins<\/strong><\/p>\n<p><strong>Gabriela Fernanda Ribeiro Rodrigues<\/strong><\/p>\n<p><strong>Dalton Lopes Martins<\/strong><\/td>\n<td width=\"394\">O processo de transforma\u00e7\u00e3o digital dos museus do Esp\u00edrito Santo: resultados do diagn\u00f3stico de maturidade tecnol\u00f3gica<\/td>\n<\/tr>\n<tr>\n<td width=\"66\"><strong>10h<\/strong><\/td>\n<td width=\"236\">\n<p><strong>Luis Felipe Rosa de Oliveira<\/strong><\/p>\n<p><strong>\u00c9rika Demachki Aguiar<\/strong><\/td>\n<td width=\"394\">Implementa\u00e7\u00e3o do acervo digital cient\u00edfico de artes do CEDOC\/Funarte<\/td>\n<\/tr>\n<tr>\n<td width=\"66\"><strong>10:15<\/strong><\/td>\n<td colspan=\"2\" width=\"630\"><strong>DEBATE <\/strong>(30min.)<\/td>\n<\/tr>\n<tr>\n<td width=\"66\"><strong>10:45<\/strong><\/td>\n<td width=\"236\"><strong>Rafael Teixeira Chaves<\/strong><\/td>\n<td width=\"394\">Configura\u00e7\u00e3o Museol\u00f3gica dos Museus Virtuais<\/td>\n<\/tr>\n<tr>\n<td width=\"66\"><strong>11h<\/strong><\/td>\n<td width=\"236\">\n<p><strong>Cal\u00edope Sp\u00edndola<\/strong><\/p>\n<p><strong>Dalton Lopes Martins<\/strong><\/td>\n<td width=\"394\">Acervos culturais em rede: dimens\u00f5es para composi\u00e7\u00e3o de uma pol\u00edtica nacional<\/td>\n<\/tr>\n<tr>\n<td width=\"66\"><strong>11:15<\/strong><\/td>\n<td width=\"236\"><\/td>\n<td width=\"394\"><\/td>\n<\/tr>\n<tr>\n<td width=\"66\"><strong>11:30<\/strong><\/td>\n<td width=\"236\"><\/td>\n<td width=\"394\"><\/td>\n<\/tr>\n<tr>\n<td width=\"66\"><strong>11:45<\/strong><\/td>\n<td colspan=\"2\" width=\"630\"><strong>DEBATE <\/strong>(30min.)<\/td>\n<\/tr>\n<\/tbody>\n<\/table>\n<p><strong>\u00a0<\/strong><\/p>\n<p><img class=\"aligncenter wp-image-102 size-full\" src=\"https:\/\/wp.ufpel.edu.br\/acervosemrede\/files\/2021\/07\/Screenshot-109.png\" alt=\"\" width=\"1274\" height=\"403\" srcset=\"https:\/\/wp.ufpel.edu.br\/acervosemrede\/files\/2021\/07\/Screenshot-109.png 1274w, https:\/\/wp.ufpel.edu.br\/acervosemrede\/files\/2021\/07\/Screenshot-109-400x127.png 400w, https:\/\/wp.ufpel.edu.br\/acervosemrede\/files\/2021\/07\/Screenshot-109-1024x324.png 1024w, https:\/\/wp.ufpel.edu.br\/acervosemrede\/files\/2021\/07\/Screenshot-109-768x243.png 768w\" sizes=\"(max-width: 1274px) 100vw, 1274px\" \/><img class=\"aligncenter wp-image-183 size-full\" src=\"https:\/\/wp.ufpel.edu.br\/acervosemrede\/files\/2021\/09\/homeHeaderTitleImage_pt_BR.jpg\" alt=\"\" width=\"1000\" height=\"120\" srcset=\"https:\/\/wp.ufpel.edu.br\/acervosemrede\/files\/2021\/09\/homeHeaderTitleImage_pt_BR.jpg 1000w, https:\/\/wp.ufpel.edu.br\/acervosemrede\/files\/2021\/09\/homeHeaderTitleImage_pt_BR-400x48.jpg 400w, https:\/\/wp.ufpel.edu.br\/acervosemrede\/files\/2021\/09\/homeHeaderTitleImage_pt_BR-768x92.jpg 768w\" sizes=\"(max-width: 1000px) 100vw, 1000px\" \/><\/p>\n","protected":false},"excerpt":{"rendered":"<p>As transmiss\u00f5es ocorrer\u00e3o atrav\u00e9s deste link: YOUTUBE MUSEOLOGIA UFPEL 06\/10\/2021 14h &#8211; 14h30 Mesa de Abertura 14h30 &#8211; 16h Mesa Redonda 1 &#8211; Museologia em Rede\u00a0 &#8211; Prof. Dr. Daniel Maur\u00edcio (UFPel) &#8211; Prof.\u00aa Dr\u00aa Monique Magaldi (UnB) &#8211; Media\u00e7\u00e3o: Jos\u00e9 Murilo Carvalho (CSGIM\/Ibram) 16h30 &#8211; 18h Confer\u00eancia de Abertura &#8211; Mem\u00f3ria, Patrim\u00f4nio e Rela\u00e7\u00f5es [&hellip;]<\/p>\n","protected":false},"author":1159,"featured_media":0,"parent":0,"menu_order":2,"comment_status":"closed","ping_status":"closed","template":"","meta":{"footnotes":""},"class_list":["post-12","page","type-page","status-publish","hentry"],"_links":{"self":[{"href":"https:\/\/wp.ufpel.edu.br\/acervosemrede\/wp-json\/wp\/v2\/pages\/12","targetHints":{"allow":["GET"]}}],"collection":[{"href":"https:\/\/wp.ufpel.edu.br\/acervosemrede\/wp-json\/wp\/v2\/pages"}],"about":[{"href":"https:\/\/wp.ufpel.edu.br\/acervosemrede\/wp-json\/wp\/v2\/types\/page"}],"author":[{"embeddable":true,"href":"https:\/\/wp.ufpel.edu.br\/acervosemrede\/wp-json\/wp\/v2\/users\/1159"}],"replies":[{"embeddable":true,"href":"https:\/\/wp.ufpel.edu.br\/acervosemrede\/wp-json\/wp\/v2\/comments?post=12"}],"version-history":[{"count":16,"href":"https:\/\/wp.ufpel.edu.br\/acervosemrede\/wp-json\/wp\/v2\/pages\/12\/revisions"}],"predecessor-version":[{"id":211,"href":"https:\/\/wp.ufpel.edu.br\/acervosemrede\/wp-json\/wp\/v2\/pages\/12\/revisions\/211"}],"wp:attachment":[{"href":"https:\/\/wp.ufpel.edu.br\/acervosemrede\/wp-json\/wp\/v2\/media?parent=12"}],"curies":[{"name":"wp","href":"https:\/\/api.w.org\/{rel}","templated":true}]}}