{"id":100,"date":"2021-07-09T15:54:46","date_gmt":"2021-07-09T18:54:46","guid":{"rendered":"https:\/\/wp.ufpel.edu.br\/acervosemrede\/?page_id=100"},"modified":"2021-09-15T15:14:42","modified_gmt":"2021-09-15T18:14:42","slug":"ouvintes","status":"publish","type":"page","link":"https:\/\/wp.ufpel.edu.br\/acervosemrede\/inscricoes\/ouvintes\/","title":{"rendered":"OUVINTES"},"content":{"rendered":"<p><img class=\"aligncenter wp-image-62 size-full\" src=\"https:\/\/wp.ufpel.edu.br\/acervosemrede\/files\/2021\/07\/WhatsApp-Image-2021-07-05-at-6.51.38-PM.jpeg\" alt=\"\" width=\"1280\" height=\"640\" srcset=\"https:\/\/wp.ufpel.edu.br\/acervosemrede\/files\/2021\/07\/WhatsApp-Image-2021-07-05-at-6.51.38-PM.jpeg 1280w, https:\/\/wp.ufpel.edu.br\/acervosemrede\/files\/2021\/07\/WhatsApp-Image-2021-07-05-at-6.51.38-PM-400x200.jpeg 400w, https:\/\/wp.ufpel.edu.br\/acervosemrede\/files\/2021\/07\/WhatsApp-Image-2021-07-05-at-6.51.38-PM-1024x512.jpeg 1024w, https:\/\/wp.ufpel.edu.br\/acervosemrede\/files\/2021\/07\/WhatsApp-Image-2021-07-05-at-6.51.38-PM-768x384.jpeg 768w\" sizes=\"(max-width: 1280px) 100vw, 1280px\" \/><\/p>\n<p>&nbsp;<\/p>\n<p>&nbsp;<\/p>\n<p>Para que voc\u00ea possa acompanhar, como ouvinte, as confer\u00eancias, apresenta\u00e7\u00f5es de trabalho e receber certificado, ser\u00e1 necess\u00e1ria inscri\u00e7\u00e3o no seguinte formul\u00e1rio: <a href=\"https:\/\/forms.gle\/FiUehDj28nuzyCZu7\">https:\/\/forms.gle\/FiUehDj28nuzyCZu7<\/a><\/p>\n<p>&nbsp;<\/p>\n<p>&nbsp;<\/p>\n<p><img class=\"aligncenter wp-image-102 size-full\" src=\"https:\/\/wp.ufpel.edu.br\/acervosemrede\/files\/2021\/07\/Screenshot-109.png\" alt=\"\" width=\"1274\" height=\"403\" srcset=\"https:\/\/wp.ufpel.edu.br\/acervosemrede\/files\/2021\/07\/Screenshot-109.png 1274w, https:\/\/wp.ufpel.edu.br\/acervosemrede\/files\/2021\/07\/Screenshot-109-400x127.png 400w, https:\/\/wp.ufpel.edu.br\/acervosemrede\/files\/2021\/07\/Screenshot-109-1024x324.png 1024w, https:\/\/wp.ufpel.edu.br\/acervosemrede\/files\/2021\/07\/Screenshot-109-768x243.png 768w\" sizes=\"(max-width: 1274px) 100vw, 1274px\" \/><img class=\"wp-image-183 size-full aligncenter\" src=\"https:\/\/wp.ufpel.edu.br\/acervosemrede\/files\/2021\/09\/homeHeaderTitleImage_pt_BR.jpg\" alt=\"\" width=\"1000\" height=\"120\" srcset=\"https:\/\/wp.ufpel.edu.br\/acervosemrede\/files\/2021\/09\/homeHeaderTitleImage_pt_BR.jpg 1000w, https:\/\/wp.ufpel.edu.br\/acervosemrede\/files\/2021\/09\/homeHeaderTitleImage_pt_BR-400x48.jpg 400w, https:\/\/wp.ufpel.edu.br\/acervosemrede\/files\/2021\/09\/homeHeaderTitleImage_pt_BR-768x92.jpg 768w\" sizes=\"(max-width: 1000px) 100vw, 1000px\" \/><\/p>\n","protected":false},"excerpt":{"rendered":"<p>&nbsp; &nbsp; Para que voc\u00ea possa acompanhar, como ouvinte, as confer\u00eancias, apresenta\u00e7\u00f5es de trabalho e receber certificado, ser\u00e1 necess\u00e1ria inscri\u00e7\u00e3o no seguinte formul\u00e1rio: https:\/\/forms.gle\/FiUehDj28nuzyCZu7 &nbsp; &nbsp;<\/p>\n","protected":false},"author":1159,"featured_media":0,"parent":15,"menu_order":0,"comment_status":"closed","ping_status":"closed","template":"","meta":{"footnotes":""},"class_list":["post-100","page","type-page","status-publish","hentry"],"_links":{"self":[{"href":"https:\/\/wp.ufpel.edu.br\/acervosemrede\/wp-json\/wp\/v2\/pages\/100","targetHints":{"allow":["GET"]}}],"collection":[{"href":"https:\/\/wp.ufpel.edu.br\/acervosemrede\/wp-json\/wp\/v2\/pages"}],"about":[{"href":"https:\/\/wp.ufpel.edu.br\/acervosemrede\/wp-json\/wp\/v2\/types\/page"}],"author":[{"embeddable":true,"href":"https:\/\/wp.ufpel.edu.br\/acervosemrede\/wp-json\/wp\/v2\/users\/1159"}],"replies":[{"embeddable":true,"href":"https:\/\/wp.ufpel.edu.br\/acervosemrede\/wp-json\/wp\/v2\/comments?post=100"}],"version-history":[{"count":9,"href":"https:\/\/wp.ufpel.edu.br\/acervosemrede\/wp-json\/wp\/v2\/pages\/100\/revisions"}],"predecessor-version":[{"id":191,"href":"https:\/\/wp.ufpel.edu.br\/acervosemrede\/wp-json\/wp\/v2\/pages\/100\/revisions\/191"}],"up":[{"embeddable":true,"href":"https:\/\/wp.ufpel.edu.br\/acervosemrede\/wp-json\/wp\/v2\/pages\/15"}],"wp:attachment":[{"href":"https:\/\/wp.ufpel.edu.br\/acervosemrede\/wp-json\/wp\/v2\/media?parent=100"}],"curies":[{"name":"wp","href":"https:\/\/api.w.org\/{rel}","templated":true}]}}