{"id":991,"date":"2024-12-02T15:01:50","date_gmt":"2024-12-02T18:01:50","guid":{"rendered":"https:\/\/wp.ufpel.edu.br\/acervosdocumentaisndh\/?page_id=991"},"modified":"2024-12-02T15:26:05","modified_gmt":"2024-12-02T18:26:05","slug":"rs-publicacoes-historicas","status":"publish","type":"page","link":"https:\/\/wp.ufpel.edu.br\/acervosdocumentaisndh\/rs-publicacoes-historicas\/","title":{"rendered":"RS &#8211; O Estado do Rigo Grande do Sul (1916) e Rio Grande do Sul: Imagens da Terra Ga\u00facha (1942)"},"content":{"rendered":"<p style=\"text-align: justify;\">No anos de 2008 a Biblioteca Setorial de Ci\u00eancias Sociais da UFPel (BSCS) firmou um parceria com o NDH para a digitaliza\u00e7\u00e3o das obras &#8220;<a href=\"https:\/\/wp.ufpel.edu.br\/acervosdocumentaisndh\/files\/2024\/12\/Rio-Grande-do-Sul-imagem-da-terra-gaucha.pdf\" target=\"_blank\" rel=\"noopener\"><strong>Rio Grande do Sul: Imagens da terra ga\u00facha. Sua hist\u00f3ria e evolu\u00e7\u00e3o. Seu trabalho criador. Sua paisagem e seus homens<\/strong><\/a>&#8220;, do Major Morency do Couto e Silva, Dr. Arthur Porto Pires e L\u00e9o Jer\u00f4nimo Schidrowitz e &#8220;<a href=\"https:\/\/wp.ufpel.edu.br\/acervosdocumentaisndh\/files\/2024\/12\/O-Estado-do-Rio-Grande-do-Sul.pdf\" target=\"_blank\" rel=\"noopener\"><strong>O Estado do Rio Grande do Sul<\/strong><\/a>&#8220;, editado por Monte Domecq e Cia.<\/p>\n<p style=\"text-align: justify;\">A preocupa\u00e7\u00e3o, naquele momento, era a de preservar dois livros que constituem o acervo de obras raras da BSCS, ao mesmo tempo em que permitisse a ampla divulga\u00e7\u00e3o das obras, tanto para pesquisadores, quanto para o p\u00fablico em geral.<\/p>\n<p style=\"text-align: justify;\">No projeto de exens\u00e3o &#8220;Iconografia Pict\u00f3rica e Fotogr\u00e1fica do Rio Grande do Sul no In\u00edcio do S\u00e9culo XX: Digitaliza\u00e7\u00e3o das obras &#8216;Rio Grande do Sul: Imagens da terra ga\u00facha&#8217; e &#8216;O Estado Do Rio Grande do Sul'&#8221; atuaram a Profa. Beatriz Ana Loner (coordenadora), a acad\u00eamica Vanessa da Silva Devantier (bolsista), a servidora t\u00e9cnica-administrativa Ayd\u00ea Andrade de Oliveira (bibliotec\u00e1ria) e o t\u00e9cnico-adminstrativo Paulo Koschier (historiador).<\/p>\n<p style=\"text-align: justify;\">O resultado est\u00e1 dispon\u00edvel para acesso e downloads. Basta clicar no t\u00edtulos acima e apreciar o trabalho relevante para a compreens\u00e3o da hist\u00f3ria do Rio Grande do Sul, na primeira metade do s\u00e9culo XX.<\/p>\n","protected":false},"excerpt":{"rendered":"<p>No anos de 2008 a Biblioteca Setorial de Ci\u00eancias Sociais da UFPel (BSCS) firmou um parceria com o NDH para a digitaliza\u00e7\u00e3o das obras &#8220;Rio Grande do Sul: Imagens da terra ga\u00facha. Sua hist\u00f3ria e evolu\u00e7\u00e3o. Seu trabalho criador. Sua paisagem e seus homens&#8220;, do Major Morency do Couto e Silva, Dr. Arthur Porto Pires [&hellip;]<\/p>\n","protected":false},"author":1007,"featured_media":0,"parent":0,"menu_order":0,"comment_status":"closed","ping_status":"closed","template":"","meta":{"footnotes":""},"class_list":["post-991","page","type-page","status-publish","hentry"],"_links":{"self":[{"href":"https:\/\/wp.ufpel.edu.br\/acervosdocumentaisndh\/wp-json\/wp\/v2\/pages\/991","targetHints":{"allow":["GET"]}}],"collection":[{"href":"https:\/\/wp.ufpel.edu.br\/acervosdocumentaisndh\/wp-json\/wp\/v2\/pages"}],"about":[{"href":"https:\/\/wp.ufpel.edu.br\/acervosdocumentaisndh\/wp-json\/wp\/v2\/types\/page"}],"author":[{"embeddable":true,"href":"https:\/\/wp.ufpel.edu.br\/acervosdocumentaisndh\/wp-json\/wp\/v2\/users\/1007"}],"replies":[{"embeddable":true,"href":"https:\/\/wp.ufpel.edu.br\/acervosdocumentaisndh\/wp-json\/wp\/v2\/comments?post=991"}],"version-history":[{"count":6,"href":"https:\/\/wp.ufpel.edu.br\/acervosdocumentaisndh\/wp-json\/wp\/v2\/pages\/991\/revisions"}],"predecessor-version":[{"id":1001,"href":"https:\/\/wp.ufpel.edu.br\/acervosdocumentaisndh\/wp-json\/wp\/v2\/pages\/991\/revisions\/1001"}],"wp:attachment":[{"href":"https:\/\/wp.ufpel.edu.br\/acervosdocumentaisndh\/wp-json\/wp\/v2\/media?parent=991"}],"curies":[{"name":"wp","href":"https:\/\/api.w.org\/{rel}","templated":true}]}}