{"id":962,"date":"2024-09-04T14:26:28","date_gmt":"2024-09-04T17:26:28","guid":{"rendered":"https:\/\/wp.ufpel.edu.br\/acervosdocumentaisndh\/?page_id=962"},"modified":"2025-09-23T14:48:02","modified_gmt":"2025-09-23T17:48:02","slug":"enfermagem-ufpel","status":"publish","type":"page","link":"https:\/\/wp.ufpel.edu.br\/acervosdocumentaisndh\/enfermagem-ufpel\/","title":{"rendered":"Faculdade de Enfermagem"},"content":{"rendered":"<p style=\"text-align: justify;\"><img decoding=\"async\" src=\"https:\/\/wp.ufpel.edu.br\/fen\/files\/2016\/04\/local-980x220.jpg\" \/><br \/>\nComo mais um esfor\u00e7o da N\u00facleo de Documenta\u00e7\u00e3o Hist\u00f3rica da UFPel, estamos trabalhando na digitaliza\u00e7\u00e3o e disponibiliza\u00e7\u00e3o p\u00fablica de documentos da Faculdade de Enfermagem da UFPel.<\/p>\n<p style=\"text-align: justify;\">Aqui divulgaremos documentos hist\u00f3ricos, bem como materiais relativos a hist\u00f3ria da Faculdade, como artigos, cap\u00edtulos de livro, etc.<\/p>\n<p style=\"text-align: justify;\">GILL, Lorena Almeida.\u00a0<a href=\"https:\/\/wp.ufpel.edu.br\/ndh\/files\/2024\/12\/Capi%CC%81tulo-Faculdade-de-Enfermagem-Lorena-Gill-2.12.2024.pdf\" target=\"_blank\" rel=\"noopener\"><strong>Uma gradua\u00e7\u00e3o jovem, negra e nordestina: a hist\u00f3ria do curso de Enfermagem da UFPel<\/strong><\/a>. In: Luiz Ot\u00e1vio Ferreira, Ricardo dos Santos Batista, Rita de C\u00e1ssia Marques (organiza\u00e7\u00e3o). Enfermeiras, educadoras sanit\u00e1rias e outras profiss\u00f5es: estudos hist\u00f3ricos. S\u00e3o Paulo: Hucitec, 2024.<\/p>\n<p><a href=\"https:\/\/wp.ufpel.edu.br\/acervosdocumentaisndh\/files\/2024\/09\/1.-Projeto-de-Criacao-do-Curso-de-Enfermagem-e-Obstetricia.pdf\" target=\"_blank\" rel=\"noopener\"><strong>1977. Projeto de Cria\u00e7\u00e3o do Curso de Enfermagem e Obstetr\u00edcia<\/strong><\/a><\/p>\n<p><a href=\"https:\/\/wp.ufpel.edu.br\/acervosdocumentaisndh\/files\/2024\/09\/Livro-Atas-Diretorio-Academico-FE.pdf\" target=\"_blank\" rel=\"noopener\"><strong>1977-1988. Livro de Atas do Diret\u00f3rio Acad\u00eamico do Curso de Enfermagem<\/strong><\/a><\/p>\n<p><a href=\"https:\/\/wp.ufpel.edu.br\/acervosdocumentaisndh\/files\/2024\/09\/Livro-de-Frequencia-Semana-Academica-FE.pdf\" target=\"_blank\" rel=\"noopener\"><strong>1979-1999. Livro de Frequ\u00eancia Semanas Acad\u00eamicas do Curso de Enfermagem<\/strong><\/a><\/p>\n<p><a href=\"https:\/\/wp.ufpel.edu.br\/acervosdocumentaisndh\/files\/2024\/09\/Livro-de-Diplomas-FE.1.pdf\" target=\"_blank\" rel=\"noopener\"><strong>1980-1997. Livro de Diplomas Expedido pela Faculdade de Enfermagem (Volume 1)<\/strong><\/a><\/p>\n<p><a href=\"https:\/\/wp.ufpel.edu.br\/acervosdocumentaisndh\/files\/2024\/09\/Livro-de-Diplomas-FE.2.pdf\" target=\"_blank\" rel=\"noopener\"><strong>1997-2007. Livro de Diplomas Expedido pela Faculdade de Enfermagem (Volume 2)<\/strong><\/a><\/p>\n<p>Este espa\u00e7o estar\u00e1 em constante atualiza\u00e7\u00e3o.<\/p>\n","protected":false},"excerpt":{"rendered":"<p>Como mais um esfor\u00e7o da N\u00facleo de Documenta\u00e7\u00e3o Hist\u00f3rica da UFPel, estamos trabalhando na digitaliza\u00e7\u00e3o e disponibiliza\u00e7\u00e3o p\u00fablica de documentos da Faculdade de Enfermagem da UFPel. Aqui divulgaremos documentos hist\u00f3ricos, bem como materiais relativos a hist\u00f3ria da Faculdade, como artigos, cap\u00edtulos de livro, etc. GILL, Lorena Almeida.\u00a0Uma gradua\u00e7\u00e3o jovem, negra e nordestina: a hist\u00f3ria do [&hellip;]<\/p>\n","protected":false},"author":1007,"featured_media":0,"parent":0,"menu_order":0,"comment_status":"closed","ping_status":"closed","template":"","meta":{"footnotes":""},"class_list":["post-962","page","type-page","status-publish","hentry"],"_links":{"self":[{"href":"https:\/\/wp.ufpel.edu.br\/acervosdocumentaisndh\/wp-json\/wp\/v2\/pages\/962","targetHints":{"allow":["GET"]}}],"collection":[{"href":"https:\/\/wp.ufpel.edu.br\/acervosdocumentaisndh\/wp-json\/wp\/v2\/pages"}],"about":[{"href":"https:\/\/wp.ufpel.edu.br\/acervosdocumentaisndh\/wp-json\/wp\/v2\/types\/page"}],"author":[{"embeddable":true,"href":"https:\/\/wp.ufpel.edu.br\/acervosdocumentaisndh\/wp-json\/wp\/v2\/users\/1007"}],"replies":[{"embeddable":true,"href":"https:\/\/wp.ufpel.edu.br\/acervosdocumentaisndh\/wp-json\/wp\/v2\/comments?post=962"}],"version-history":[{"count":4,"href":"https:\/\/wp.ufpel.edu.br\/acervosdocumentaisndh\/wp-json\/wp\/v2\/pages\/962\/revisions"}],"predecessor-version":[{"id":1591,"href":"https:\/\/wp.ufpel.edu.br\/acervosdocumentaisndh\/wp-json\/wp\/v2\/pages\/962\/revisions\/1591"}],"wp:attachment":[{"href":"https:\/\/wp.ufpel.edu.br\/acervosdocumentaisndh\/wp-json\/wp\/v2\/media?parent=962"}],"curies":[{"name":"wp","href":"https:\/\/api.w.org\/{rel}","templated":true}]}}