{"id":908,"date":"2024-03-15T15:00:41","date_gmt":"2024-03-15T18:00:41","guid":{"rendered":"https:\/\/wp.ufpel.edu.br\/acervosdocumentaisndh\/?page_id=908"},"modified":"2024-03-15T15:00:41","modified_gmt":"2024-03-15T18:00:41","slug":"o-pescador-2","status":"publish","type":"page","link":"https:\/\/wp.ufpel.edu.br\/acervosdocumentaisndh\/o-pescador-2\/","title":{"rendered":"O Pescador"},"content":{"rendered":"<p style=\"text-align: justify;\"><img loading=\"lazy\" decoding=\"async\" class=\"size-medium wp-image-912 alignleft\" src=\"https:\/\/wp.ufpel.edu.br\/acervosdocumentaisndh\/files\/2024\/03\/z-3-367x400.png\" alt=\"\" width=\"367\" height=\"400\" srcset=\"https:\/\/wp.ufpel.edu.br\/acervosdocumentaisndh\/files\/2024\/03\/z-3-367x400.png 367w, https:\/\/wp.ufpel.edu.br\/acervosdocumentaisndh\/files\/2024\/03\/z-3.png 539w\" sizes=\"auto, (max-width: 367px) 100vw, 367px\" \/>Em meados do ano 2000 a Escola de Comunica\u00e7\u00e3o Social da <a href=\"https:\/\/ucpel.edu.br\/\" target=\"_blank\" rel=\"noopener\"><strong>Universidade Cat\u00f3lica de Pelotas<\/strong><\/a> editou e passou a circular o jornal O Pescador, sob a coordena\u00e7\u00e3o do Professor Jairo Sanguin\u00e9.<\/p>\n<p style=\"text-align: justify;\">A publica\u00e7\u00e3o tinha como objetivo ser um espa\u00e7o de atua\u00e7\u00e3o e forma\u00e7\u00e3o dos discentes do curso de jornalismo da UCPel e focava em visibilizar um espa\u00e7o populacional da cidade de Pelotas, a col\u00f4nia de pescadores Z-3. Nos volumes vemos a discuss\u00e3o de problemas enfrentados por aquela comunidade, a voz dos moradores, os eventos do bairro, suas reivindica\u00e7\u00f5es, cultura, sonhos\u2026 enfim, o dia a dia da popula\u00e7\u00e3o local.<\/p>\n<p style=\"text-align: justify;\">Em 2022, o jornalista Jairo prop\u00f4s a doa\u00e7\u00e3o de seu acervo particular ao N\u00facleo, como forma de salvaguardar as edi\u00e7\u00f5es dispon\u00edveis, dar-lhes visibilidade e proporcionar acesso a documenta\u00e7\u00e3o que tem um car\u00e1ter hist\u00f3rico intr\u00ednseco. Ap\u00f3s a higieniza\u00e7\u00e3o, organiza\u00e7\u00e3o e digitaliza\u00e7\u00e3o desse acervo, com o trabalho dos acad\u00eamicos do curso de bacharelado em hist\u00f3ria Karoline Kapua e Gustavo Grosmann, o NDH disponibiliza, abaixo, as 39 edi\u00e7\u00f5es doadas, que perfazem o per\u00edodo de julho de 2000 a maio de 2013.<\/p>\n<p>O Pescador, Ano 1, n\u00famero 1 (indispon\u00edvel)<\/p>\n<p><a href=\"https:\/\/wp.ufpel.edu.br\/acervosdocumentaisndh\/files\/2024\/03\/pescador02.pdf\" target=\"_blank\" rel=\"noopener\"><strong>O Pescador, Ano 1, n\u00famero 2 (Julho de 2000)<\/strong><\/a><\/p>\n<p><a href=\"https:\/\/wp.ufpel.edu.br\/acervosdocumentaisndh\/files\/2024\/03\/pescador03.pdf\" target=\"_blank\" rel=\"noopener\"><strong>O Pescador, Ano 1, n\u00famero 3 (Outubro de 2000)<\/strong><\/a><\/p>\n<p><a href=\"https:\/\/wp.ufpel.edu.br\/acervosdocumentaisndh\/files\/2024\/03\/pescador04.pdf\" target=\"_blank\" rel=\"noopener\"><strong>O Pescador, Ano 2, n\u00famero 4 (Fevereiro de 2001)<\/strong><\/a><\/p>\n<p style=\"text-align: justify;\">O Pescador, Ano 2, n\u00famero 5 (indispon\u00edvel)<\/p>\n<p>O Pescador, Ano 2, n\u00famero 6 (indispon\u00edvel)<\/p>\n<p>O Pescador, Ano 2, n\u00famero 7 (indispon\u00edvel)<\/p>\n<p>O Pescador, Ano 2, n\u00famero 8 (indispon\u00edvel)<\/p>\n<p style=\"text-align: justify;\">O Pescador, Ano 3, n\u00famero 9 (indispon\u00edvel)<\/p>\n<p>O Pescador, Ano 3, n\u00famero 10 (indispon\u00edvel)<\/p>\n<p><a href=\"https:\/\/wp.ufpel.edu.br\/acervosdocumentaisndh\/files\/2024\/03\/pescador11.pdf\" target=\"_blank\" rel=\"noopener\"><strong>O Pescador, Ano 3, n\u00famero 11 (Julho de 2002)<\/strong><\/a><\/p>\n<p><a href=\"https:\/\/wp.ufpel.edu.br\/acervosdocumentaisndh\/files\/2024\/03\/pescador12.pdf\" target=\"_blank\" rel=\"noopener\"><strong>O Pescador, Ano 3, n\u00famero 12 (Agosto de 2002)<\/strong><\/a><\/p>\n<p style=\"text-align: justify;\">O Pescador, Ano 3, n\u00famero 13 (indispon\u00edvel)<\/p>\n<p>O Pescador, Ano 3, n\u00famero 14 (indispon\u00edvel)<\/p>\n<p><a href=\"https:\/\/wp.ufpel.edu.br\/acervosdocumentaisndh\/files\/2024\/03\/pescador15.pdf\" target=\"_blank\" rel=\"noopener\"><strong>O Pescador, Ano 3, n\u00famero 15 (Novembro de 2002)<\/strong><\/a><\/p>\n<p><a href=\"https:\/\/wp.ufpel.edu.br\/acervosdocumentaisndh\/files\/2024\/03\/pescador16.pdf\" target=\"_blank\" rel=\"noopener\"><strong>O Pescador, Ano 3, n\u00famero 16 (Dezembro de 2002)<\/strong><\/a><\/p>\n<p style=\"text-align: justify;\"><a href=\"https:\/\/wp.ufpel.edu.br\/acervosdocumentaisndh\/files\/2024\/03\/pescador17.pdf\" target=\"_blank\" rel=\"noopener\"><strong>O Pescador, Ano 4, n\u00famero 17 (Janeiro e Fevereiro de 2003)<\/strong><\/a><\/p>\n<p><a href=\"https:\/\/wp.ufpel.edu.br\/acervosdocumentaisndh\/files\/2024\/03\/pescador18.pdf\" target=\"_blank\" rel=\"noopener\"><strong>O Pescador, Ano 4, n\u00famero 18 (Mar\u00e7o de 2003)<\/strong><\/a><\/p>\n<p><a href=\"https:\/\/wp.ufpel.edu.br\/acervosdocumentaisndh\/files\/2024\/03\/pescador19.pdf\" target=\"_blank\" rel=\"noopener\"><strong>O Pescador, Ano 4, n\u00famero 19 (Abril de 2003)<\/strong><\/a><\/p>\n<p><a href=\"https:\/\/wp.ufpel.edu.br\/acervosdocumentaisndh\/files\/2024\/03\/pescador20.pdf\" target=\"_blank\" rel=\"noopener\"><strong>O Pescador, Ano 4, n\u00famero 20 (Maio de 2003)<\/strong><\/a><\/p>\n<p style=\"text-align: justify;\">O Pescador, Ano 4, n\u00famero 21 (indispon\u00edvel)<\/p>\n<p><a href=\"https:\/\/wp.ufpel.edu.br\/acervosdocumentaisndh\/files\/2024\/03\/pescador22.pdf\" target=\"_blank\" rel=\"noopener\"><strong>O Pescador, Ano 4, n\u00famero 22 (Julho de 2003)<\/strong><\/a><\/p>\n<p><a href=\"https:\/\/wp.ufpel.edu.br\/acervosdocumentaisndh\/files\/2024\/03\/pescador23.pdf\" target=\"_blank\" rel=\"noopener\"><strong>O Pescador, Ano 4, n\u00famero 23 (Agosto de 2003)<\/strong><\/a><\/p>\n<p><a href=\"https:\/\/wp.ufpel.edu.br\/acervosdocumentaisndh\/files\/2024\/03\/pescador24.pdf\" target=\"_blank\" rel=\"noopener\"><strong>O Pescador, Ano 4, n\u00famero 24 (Setembro de 2003)<\/strong><\/a><\/p>\n<p style=\"text-align: justify;\"><a href=\"https:\/\/wp.ufpel.edu.br\/acervosdocumentaisndh\/files\/2024\/03\/pescador25.pdf\" target=\"_blank\" rel=\"noopener\"><strong>O Pescador, Ano 4, n\u00famero 25 (Outubro de 2003)<\/strong><\/a><\/p>\n<p>O Pescador, Ano 5, n\u00famero 26 (indispon\u00edvel)<\/p>\n<p><a href=\"https:\/\/wp.ufpel.edu.br\/acervosdocumentaisndh\/files\/2024\/03\/pescador27.pdf\" target=\"_blank\" rel=\"noopener\"><strong>O Pescador, Ano 5, n\u00famero 27 (Mar\u00e7o de 2004)<\/strong><\/a><\/p>\n<p><a href=\"https:\/\/wp.ufpel.edu.br\/acervosdocumentaisndh\/files\/2024\/03\/pescador28.pdf\" target=\"_blank\" rel=\"noopener\"><strong>O Pescador, Ano 5, n\u00famero 28 (Abril de 2004)<\/strong><\/a><\/p>\n<p style=\"text-align: justify;\"><a href=\"https:\/\/wp.ufpel.edu.br\/acervosdocumentaisndh\/files\/2024\/03\/pescador29.pdf\" target=\"_blank\" rel=\"noopener\"><strong>O Pescador, Ano 5, n\u00famero 29 (Junho de 2004)<\/strong><\/a><\/p>\n<p><a href=\"https:\/\/wp.ufpel.edu.br\/acervosdocumentaisndh\/files\/2024\/03\/pescador30.pdf\" target=\"_blank\" rel=\"noopener\"><strong>O Pescador, Ano 5, n\u00famero 30 (Setembro de 2005)<\/strong><\/a><\/p>\n<p>O Pescador, Ano 6, n\u00famero 31 (indispon\u00edvel)<\/p>\n<p>O Pescador, Ano 6, n\u00famero 32 (indispon\u00edvel)<\/p>\n<p>O Pescador, Ano 6, n\u00famero 33 (indispon\u00edvel)<\/p>\n<p style=\"text-align: justify;\"><a href=\"https:\/\/wp.ufpel.edu.br\/acervosdocumentaisndh\/files\/2024\/03\/pescador34.pdf\" target=\"_blank\" rel=\"noopener\"><strong>O Pescador, Ano 7, n\u00famero 34 (Mar\u00e7o de 2007)<\/strong><\/a><\/p>\n<p><a href=\"https:\/\/wp.ufpel.edu.br\/acervosdocumentaisndh\/files\/2024\/03\/pescador35.pdf\" target=\"_blank\" rel=\"noopener\"><strong>O Pescador, Ano 7, n\u00famero 35 (Abril de 2007)<\/strong><\/a><\/p>\n<p><a href=\"https:\/\/wp.ufpel.edu.br\/acervosdocumentaisndh\/files\/2024\/03\/pescador36.pdf\" target=\"_blank\" rel=\"noopener\"><strong>O Pescador, Ano 7, n\u00famero 36 (Junho de 2007)<\/strong><\/a><\/p>\n<p><a href=\"https:\/\/wp.ufpel.edu.br\/acervosdocumentaisndh\/files\/2024\/03\/pescador37.pdf\" target=\"_blank\" rel=\"noopener\"><strong>O Pescador, Ano 7, n\u00famero 37 (Setembro de 2007)<\/strong><\/a><\/p>\n<p><a href=\"https:\/\/wp.ufpel.edu.br\/acervosdocumentaisndh\/files\/2024\/03\/pescador38.pdf\" target=\"_blank\" rel=\"noopener\"><strong>O Pescador, Ano 7, n\u00famero 38 (Outubro de 2007)<\/strong><\/a><\/p>\n<p style=\"text-align: justify;\"><a href=\"https:\/\/wp.ufpel.edu.br\/acervosdocumentaisndh\/files\/2024\/03\/pescador39.pdf\" target=\"_blank\" rel=\"noopener\"><strong>O Pescador, Ano 7, n\u00famero 39 (Novembro e Dezembro de 2007)<\/strong><\/a><\/p>\n<p><a href=\"https:\/\/wp.ufpel.edu.br\/acervosdocumentaisndh\/files\/2024\/03\/pescador40.pdf\" target=\"_blank\" rel=\"noopener\"><strong>O Pescador, Ano 8, n\u00famero 40 (Mar\u00e7o de 2008)<\/strong><\/a><\/p>\n<p><a href=\"https:\/\/wp.ufpel.edu.br\/acervosdocumentaisndh\/files\/2024\/03\/pescadorXX-abril-de-2008.pdf\" target=\"_blank\" rel=\"noopener\"><strong>O Pescador, Ano 8, suplemento cultural Maratona de Cinema da Z-3 (Abril de 2008)<\/strong><\/a><\/p>\n<p><a href=\"https:\/\/wp.ufpel.edu.br\/acervosdocumentaisndh\/files\/2024\/03\/pescador41.pdf\" target=\"_blank\" rel=\"noopener\"><strong>O Pescador, Ano 8, n\u00famero 41 (Maio de 2008)<\/strong><\/a><\/p>\n<p><a href=\"https:\/\/wp.ufpel.edu.br\/acervosdocumentaisndh\/files\/2024\/03\/pescador42.pdf\" target=\"_blank\" rel=\"noopener\"><strong>O Pescador, Ano 8, n\u00famero 42 (Junho de 2008)<\/strong><\/a><\/p>\n<p><a href=\"https:\/\/wp.ufpel.edu.br\/acervosdocumentaisndh\/files\/2024\/03\/pescador43.pdf\" target=\"_blank\" rel=\"noopener\"><strong>O Pescador, Ano 8, n\u00famero 43 (Agosto de 2008)<\/strong><\/a><\/p>\n<p><a href=\"https:\/\/wp.ufpel.edu.br\/acervosdocumentaisndh\/files\/2024\/03\/pescador44.pdf\" target=\"_blank\" rel=\"noopener\"><strong>O Pescador, Ano 8, n\u00famero 44 (Outubro de 2008)<\/strong><\/a><\/p>\n<p style=\"text-align: justify;\"><a href=\"https:\/\/wp.ufpel.edu.br\/acervosdocumentaisndh\/files\/2024\/03\/pescador45.pdf\" target=\"_blank\" rel=\"noopener\"><strong>O Pescador, Ano 10, n\u00famero 45 (Maio de 2009)<\/strong><\/a><\/p>\n<p><a href=\"https:\/\/wp.ufpel.edu.br\/acervosdocumentaisndh\/files\/2024\/03\/pescador46.pdf\" target=\"_blank\" rel=\"noopener\"><strong>O Pescador, Ano 10, n\u00famero 46 (Junho e Julho de 2009)<\/strong><\/a><\/p>\n<p><a href=\"https:\/\/wp.ufpel.edu.br\/acervosdocumentaisndh\/files\/2024\/03\/pescador47.pdf\" target=\"_blank\" rel=\"noopener\"><strong>O Pescador, Ano 10, n\u00famero 47 (Setembro e Outubro de 2009)<\/strong><\/a><\/p>\n<p><a href=\"https:\/\/wp.ufpel.edu.br\/acervosdocumentaisndh\/files\/2024\/03\/pescador48.pdf\" target=\"_blank\" rel=\"noopener\"><strong>O Pescador, Ano 11, n\u00famero 48 (Maio de 2010)<\/strong><\/a><\/p>\n<p><a href=\"https:\/\/wp.ufpel.edu.br\/acervosdocumentaisndh\/files\/2024\/03\/pescador49.pdf\" target=\"_blank\" rel=\"noopener\"><strong>O Pescador, Ano 11, n\u00famero 49 (Junho de 2010)<\/strong><\/a><\/p>\n<p><a href=\"https:\/\/wp.ufpel.edu.br\/acervosdocumentaisndh\/files\/2024\/03\/pescador50.pdf\" target=\"_blank\" rel=\"noopener\"><strong>O Pescador, Ano 11, n\u00famero 50 (Setembro de 2010)<\/strong><\/a><\/p>\n<p style=\"text-align: justify;\"><a href=\"https:\/\/wp.ufpel.edu.br\/acervosdocumentaisndh\/files\/2024\/03\/pescador51.pdf\" target=\"_blank\" rel=\"noopener\"><strong>O Pescador, Ano 12, n\u00famero 51 (Setembro de 2011)<\/strong><\/a><\/p>\n<p><a href=\"https:\/\/wp.ufpel.edu.br\/acervosdocumentaisndh\/files\/2024\/03\/pescadorXX-maio-de-2013.pdf\" target=\"_blank\" rel=\"noopener\"><strong>O Pescador, Ano 14, sem n\u00famero (Maio de 2013)<\/strong><\/a><\/p>\n<p>&nbsp;<\/p>\n<h6 style=\"text-align: justify;\">Obs.: \u00c9 permitida a utiliza\u00e7\u00e3o dos arquivos dispon\u00edveis para atividades acad\u00eamicas\/cient\u00edficas, desde que citada a fonte (N\u00daCLEO DE DOCUMENTA\u00c7\u00c3O HIST\u00d3RICA DA UFPEL.\u00a0<strong>Jornal O Pescador <\/strong>\u2013 Publica\u00e7\u00e3o da Escola de Comunica\u00e7\u00e3o Social da Universidade Cat\u00f3lica de Pelotas. Pelotas: UFPel\/NDH, N\u00famero \u201cX\u201d, ano \u201cX\u201d, \u201cM\u00eas X\u201d).<\/h6>\n","protected":false},"excerpt":{"rendered":"<p>Em meados do ano 2000 a Escola de Comunica\u00e7\u00e3o Social da Universidade Cat\u00f3lica de Pelotas editou e passou a circular o jornal O Pescador, sob a coordena\u00e7\u00e3o do Professor Jairo Sanguin\u00e9. A publica\u00e7\u00e3o tinha como objetivo ser um espa\u00e7o de atua\u00e7\u00e3o e forma\u00e7\u00e3o dos discentes do curso de jornalismo da UCPel e focava em visibilizar [&hellip;]<\/p>\n","protected":false},"author":1007,"featured_media":0,"parent":0,"menu_order":0,"comment_status":"closed","ping_status":"closed","template":"","meta":{"footnotes":""},"class_list":["post-908","page","type-page","status-publish","hentry"],"_links":{"self":[{"href":"https:\/\/wp.ufpel.edu.br\/acervosdocumentaisndh\/wp-json\/wp\/v2\/pages\/908","targetHints":{"allow":["GET"]}}],"collection":[{"href":"https:\/\/wp.ufpel.edu.br\/acervosdocumentaisndh\/wp-json\/wp\/v2\/pages"}],"about":[{"href":"https:\/\/wp.ufpel.edu.br\/acervosdocumentaisndh\/wp-json\/wp\/v2\/types\/page"}],"author":[{"embeddable":true,"href":"https:\/\/wp.ufpel.edu.br\/acervosdocumentaisndh\/wp-json\/wp\/v2\/users\/1007"}],"replies":[{"embeddable":true,"href":"https:\/\/wp.ufpel.edu.br\/acervosdocumentaisndh\/wp-json\/wp\/v2\/comments?post=908"}],"version-history":[{"count":10,"href":"https:\/\/wp.ufpel.edu.br\/acervosdocumentaisndh\/wp-json\/wp\/v2\/pages\/908\/revisions"}],"predecessor-version":[{"id":959,"href":"https:\/\/wp.ufpel.edu.br\/acervosdocumentaisndh\/wp-json\/wp\/v2\/pages\/908\/revisions\/959"}],"wp:attachment":[{"href":"https:\/\/wp.ufpel.edu.br\/acervosdocumentaisndh\/wp-json\/wp\/v2\/media?parent=908"}],"curies":[{"name":"wp","href":"https:\/\/api.w.org\/{rel}","templated":true}]}}