{"id":86,"date":"2020-05-19T14:34:04","date_gmt":"2020-05-19T17:34:04","guid":{"rendered":"https:\/\/wp.ufpel.edu.br\/acervosdocumentaisndh\/?page_id=86"},"modified":"2022-05-24T10:23:47","modified_gmt":"2022-05-24T13:23:47","slug":"publicacoes","status":"publish","type":"page","link":"https:\/\/wp.ufpel.edu.br\/acervosdocumentaisndh\/publicacoes\/","title":{"rendered":"Publica\u00e7\u00f5es"},"content":{"rendered":"<p><span style=\"font-family: 'Helvetica Neue', Helvetica, Arial, sans-serif; font-size: 13px; font-style: normal; font-weight: 300;\">Artigos (para acessar, clique no t\u00edtulo do peri\u00f3dico):<\/span><\/p>\n<p style=\"text-align: justify;\"><span style=\"font-family: 'Helvetica Neue', Helvetica, Arial, sans-serif; font-size: 13px; font-style: normal; font-weight: 300;\">LOPES, Aristeu Elisandro Machado. <\/span>Os trabalhadores das f\u00e1bricas de chocolates e caramelos em 3&#215;4: hist\u00f3ria do trabalho e fotografia a partir da Delegacia Regional do Trabalho do Rio Grande do Sul, 1933-1943. <a href=\"http:\/\/revistas.unisinos.br\/index.php\/historia\/article\/view\/hist.2020.241.10\">Revista de Hist\u00f3ria da Unisinos<\/a>, v. 21, p. 109-124, 2020.<\/p>\n<p style=\"text-align: justify;\"><span style=\"font-family: 'Helvetica Neue', Helvetica, Arial, sans-serif; font-size: 13px; font-style: normal; font-weight: 300;\">LOPES, Aristeu Elisandro Machado. <\/span>Os trabalhadores negros em 3&#215;4: fotografia, hist\u00f3ria do trabalho e p\u00f3s-aboli\u00e7\u00e3o. Pelotas-RS, 1933-1944. <a href=\"https:\/\/periodicos.ufsc.br\/index.php\/mundosdotrabalho\/article\/view\/1984-9222.2019.e66906\">Revista Mundos do Trabalho<\/a>(online), v. 11, p. 1-24, 2019.<\/p>\n<p style=\"text-align: justify;\"><span style=\"font-family: 'Helvetica Neue', Helvetica, Arial, sans-serif; font-size: 13px; font-style: normal; font-weight: 300;\">LOPES, Aristeu Elisandro Machado. <\/span>Jovens trabalhadores em 3&#215;4: Fotografia e hist\u00f3ria do trabalho no Rio Grande do Sul, 1933-1943. <a href=\"https:\/\/www.scielo.br\/scielo.php?script=sci_abstract&amp;pid=S0104-87752019000100345&amp;lng=en&amp;nrm=iso&amp;tlng=pt\">Varia\u00a0 Hist\u00f3ria<\/a> (UFMG. IMPRESSO), v. 35, p. 345-376, 2019.<\/p>\n<p style=\"text-align: justify;\"><span style=\"font-family: 'Helvetica Neue', Helvetica, Arial, sans-serif; font-size: 13px; font-style: normal; font-weight: 300;\">LOPES, Aristeu Elisandro Machado; SCHMIDT, M\u00f4nica Renata. Os trabalhadores no Frigor\u00edfico Anglo de Pelotas no Acervo da Delegacia Regional do Trabalho do Rio Grande do Sul: hist\u00f3ria, mem\u00f3ria e fotografia. <a href=\"http:\/\/e-revista.unioeste.br\/index.php\/temposhistoricos\/article\/view\/17930\">Revista Tempos Hist\u00f3ricos<\/a>, v22, p. 398-423, 2018.<\/span><\/p>\n<p style=\"text-align: justify;\"><span style=\"font-family: 'Helvetica Neue', Helvetica, Arial, sans-serif; font-size: 13px; font-style: normal; font-weight: 300;\">LOPES, Aristeu Elisandro Machado. Os trabalhadores com sinais de var\u00edola no acervo da Delegacia Regional do Trabalho do Rio Grande do Sul, 1933-1944. <a href=\"https:\/\/www.scielo.br\/pdf\/hcsm\/v23n4\/0104-5970-hcsm-23-4-1209.pdf\">Hist\u00f3ria, Ci\u00eancias, Sa\u00fade-Manguinhos<\/a>, v. 23, p. 1209-1227, 2016.<\/span><\/p>\n<p style=\"text-align: justify;\">LOPES, Aristeu Elisandro Machado. Hist\u00f3ria e mem\u00f3ria dos trabalhadores no Rio Grande do Sul: O acervo da Delegacia Regional do Trabalho, 1933-1943. <a href=\"https:\/\/periodicos.ufpel.edu.br\/ojs2\/index.php\/Memoria\/article\/view\/9399\">Revista Mem\u00f3ria em Rede<\/a>, v. 7, p. 01-15, 2015.<\/p>\n<p>LOPES, J\u00e9ssica Bitencourt. \u201cAs ind\u00fastrias A. J. Renner devem orgulhar o Brasil inteiro\u201d: Os trabalhadores da ind\u00fastria t\u00eaxtil A. J. Renner no Acervo da Delegacia Regional do Trabalho do Rio Grande do Sul (1933-1943).<a href=\"https:\/\/www.seer.ufrgs.br\/aedos\/article\/view\/93803\"> AEDOS: Revista do corpo discente do Programa de P\u00f3s-Gradua\u00e7\u00e3o em Hist\u00f3ria da UFRGS<\/a> (ONLINE), v. 11, p. 376-399, 2019.<\/p>\n<p>SPERANZA, Clarice. Branco, preto, pardo, moreno ou escuro? Classifica\u00e7\u00f5es raciais nas carteiras dos trabalhadores ga\u00fachos (1933-1945). <a href=\"http:\/\/e-revista.unioeste.br\/index.php\/temposhistoricos\/article\/view\/17092\">Revista Tempos Hist\u00f3ricos<\/a>, v. 21, p. 100-124, 2017.<\/p>\n<p style=\"text-align: justify;\">Cap\u00edtulos de livros:<\/p>\n<p style=\"text-align: justify;\">LOPES, Aristeu Elisandro Machado. As fotografias 3&#215;4 dos trabalhadores do Rio Grande do Sul no acervo da Delegacia Regional do Trabalho, 1933-1943. In: Clarice Gonstarki Speranza; Micaele Scheer. (Org.). <a href=\"https:\/\/www.editorafi.org\/528trabalho\"><strong>Trabalho, democracia e direitos<\/strong><\/a>, volume 2: mundos do trabalho, identidades e cultura oper\u00e1ria. 1ed. Porto Alegre: Editora FI, 2019, v. , p. 403-422.<\/p>\n<p style=\"text-align: justify;\">LOPES, Aristeu Elisandro Machado; GILL, Lorena Almeida. O N\u00facleo de Documenta\u00e7\u00e3o Hist\u00f3rica da Universidade Federal de Pelotas e seus acervos: institucionaliza\u00e7\u00e3o e possibilidades de pesquisa. In: Aristeu Elisandro Machado Lopes; Alisson Droppa; Clarice Gontarski Speranza. (Org.). <strong>Hist\u00f3ria do Trabalho Revisitada: Justi\u00e7a, Of\u00edcios, Acervos<\/strong>. 1ed.Jundia\u00ed: Paco Editorial, 2018, v. , p. 275-294.<\/p>\n<p style=\"text-align: justify;\">\u00a0JAQUES, Biane Peverada; LOPES, Aristeu Elisandro Machado. Os trabalhadores gr\u00e1ficos e os of\u00edcios em extin\u00e7\u00e3o: tip\u00f3grafos e lit\u00f3grafos no acervo da Delegacia Regional do Trabalho do Rio Grande do Sul, 1933-1943. In: Lorena Almeida Gill; Micaele Irene Scheer. (Org.). <strong>\u00c0 beira da extin\u00e7\u00e3o: mem\u00f3rias de trabalhadores cujos of\u00edcios est\u00e3o em vias de desaparecer<\/strong>. 1ed.PelotasRS: Editora da UFPel, 2015, v. , p. 15-28.<\/p>\n<p style=\"text-align: justify;\"><strong>Resumos expandidos dos trabalhos apresentados na Semana Integrada de Inova\u00e7\u00e3o, Ensino, Pesquisa e Extens\u00e3o da UFPel, nas edi\u00e7\u00f5es de 2017, 2018 e 2019.<\/strong> Os resumos podem ser acessados no link: https:\/\/wp.ufpel.edu.br\/siiepe\/# Depois basta acessar a aba &#8220;Eventos&#8221;.<\/p>\n<p style=\"text-align: justify;\">LOPES, Aristeu Elisandro Machado; WERNER, Beth\u00e2nia Luisa Lessa. LIPEEM\/UFpel: aproxima\u00e7\u00f5es das m\u00eddias como auxiliares nas pr\u00e1ticas de ensino. In: <strong>Anais do V Congresso de Ensino de Gradua\u00e7\u00e3o\/5\u00aa SIIEPE\/UFPel<\/strong>. Pelotas-RS: Editora da UFPel, 2019. p. 01-03.<\/p>\n<p style=\"text-align: justify;\">LOPES, Aristeu Elisandro Machado; WERNER, Beth\u00e2nia Luisa Lessa. Projeto de Extens\u00e3o Acervos Documentais do N\u00facleo de Documenta\u00e7\u00e3o Hist\u00f3rica da UFPel: uma perspectiva sobre os documentos relacionados \u00e0 imprensa. In: <strong>Anais do VI Congresso de Extens\u00e3o e Cultura\/5\u00aa SIIEPE\/UFPel<\/strong>. Pelotas-RS: Editora da UFPel, 2019. v. 1. p. 01-04.<\/p>\n<p style=\"text-align: justify;\">LOPES, Aristeu Elisandro Machado; ESTEVAM, Nathalia Lima. O Acervo UFPel e a cole\u00e7\u00e3o de clipping Da Assessoria de Comunica\u00e7\u00e3o Social: cataloga\u00e7\u00e3o e higieniza\u00e7\u00e3o para salvaguarda. In: <strong>Anais do VI Congresso de Extens\u00e3o e Cultura\/5\u00aa SIIEPE\/UFPel<\/strong>. Pelotas-RS: Editora da UFPel, 2019. p. 01-04.<\/p>\n<p style=\"text-align: justify;\">LOPES, Aristeu Elisandro Machado; MORAIS, Larissa Ceroni de. O Acervo da Universidade Federal de Pelotas e os processos de organiza\u00e7\u00e3o e cataloga\u00e7\u00e3o dos documentos. In: <strong>Anais do VI Congresso de Extens\u00e3o e Cultura\/5\u00aa SIIEPE\/UFPel<\/strong>. Pelotas-RS: Editora da UFPel, 2019. p. 01-03.<\/p>\n<p style=\"text-align: justify;\">LOPES, Aristeu Elisandro Machado;ZANETTI, Euler Fabres. As charqueadas de Tupanciret\u00e3: a perman\u00eancia das atividades do charque nos dados da DRT\/RS, 1933-1944. In: <strong>Anais do XXVIII Encontro de Inicia\u00e7\u00e3o Cient\u00edfica\/5\u00aa SIIEPE\/UFPel.<\/strong> Pelotas-RS: Editora da UFPel, 2019. p. 01-04.<\/p>\n<p style=\"text-align: justify;\">LOPES, Aristeu Elisandro Machado; ALVES, Jana\u00edna Gon\u00e7alves.Trabalhadoras dom\u00e9sticas: uma an\u00e1lise da desigualdade racial no per\u00edodo p\u00f3s-aboli\u00e7\u00e3o nos anos de 1933 a 1944. In: <strong>Anais do XXVIII Encontro de Inicia\u00e7\u00e3o Cient\u00edfica\/5\u00aa SIIEPE\/UFPel<\/strong>. Pelotas-RS: Editora da UFPel, 2019. p. 01-04.<\/p>\n<p style=\"text-align: justify;\">LOPES, Aristeu Elisandro Machado; MORAIS, Larissa Ceroni de. An\u00e1lise dos trabalhadores do Frigor\u00edfico Armour of Brazil Corporation, de Santana do Livramento, a partir dos dados do acervo da DRT\/RS, 1933-1944. In:<strong>Anais do XXVIII Encontro de Inicia\u00e7\u00e3o Cient\u00edfica\/5\u00aa SIIEPE\/UFPel<\/strong>. Pelotas-RS: Editora da UFPel, 2019. p. 01-04.<\/p>\n<p style=\"text-align: justify;\">LOPES, Aristeu Elisandro Machado;\u00a0<span style=\"font-family: 'Helvetica Neue', Helvetica, Arial, sans-serif; font-size: 13px; font-style: normal; font-weight: 300;\">LOPES, J\u00e9ssica Bitencourt; <\/span><span style=\"font-family: 'Helvetica Neue', Helvetica, Arial, sans-serif; font-size: 13px; font-style: normal; font-weight: 300;\">OLIVEIRA, Nath\u00e1lia; <\/span><span style=\"font-size: 13px;\">PEREIRA, Allan; PORTO, Vitor. Cataloga\u00e7\u00e3o da Cole\u00e7\u00e3o Fotogr\u00e1fica da Assessoria de Comunica\u00e7\u00e3o Social da Universidade Federal de Pelotas. In: <strong>Anais do VI Congresso de Extens\u00e3o e Cultura\/5\u00aa SIIEPE\/UFPel<\/strong>. Pelotas-RS: Editora da UFPel, 2019. p. 01-04.<\/span><\/p>\n<p style=\"text-align: justify;\"><span style=\"font-family: 'Helvetica Neue', Helvetica, Arial, sans-serif; font-size: 13px; font-style: normal; font-weight: 300;\">FERNANDES, Miriam; <\/span>LOPES, Aristeu Elisandro Machado. O Acervo da Delegacia Regional do Trabalho do Rio Grande do Sul: Conserva\u00e7\u00e3o, Higieniza\u00e7\u00e3o e Digita\u00e7\u00e3o. In: <strong>Anais do IV Congresso de Extens\u00e3o e Cultura\/4\u00aa SIIEPE\/UFPel<\/strong>. Pelotas-RS: UFPel, 2018. p. 282-285.<\/p>\n<p style=\"text-align: justify;\">LOPES, Aristeu Elisandro Machado; \u00a0KURZ, Charles \u00c2nderson. LIPEEM\/UFPel: as possibilidades na pr\u00e1tica de pesquisa e ensino em m\u00eddias. In: <strong>Anais do IV Congresso de Ensino de Gradua\u00e7\u00e3o\/4\u00aa SIIEPE\/UFPel<\/strong>. Pelotas-RS: Editora da UFPel, 2018. p. 01-04.<\/p>\n<p style=\"text-align: justify;\">LOPES, Aristeu Elisandro Machado; LOPES, J\u00e9ssica Bitencourt O perfil dos trabalhadores da ind\u00fastria t\u00eaxtil e de vestu\u00e1rio A.J. Renner no acervo da Delegacia Regional do Trabalho do Rio Grande do Sul (1933-1943). In: <strong>Anais do XXVII Congresso de Inicia\u00e7\u00e3o Cient\u00edfica\/4\u00aa SIIEPE-UFPel<\/strong>. Pelotas-RS: Editora da UFPel, 2018. p. 01-04.<\/p>\n<p style=\"text-align: justify;\"><span style=\"font-family: 'Helvetica Neue', Helvetica, Arial, sans-serif; font-size: 13px; font-style: normal; font-weight: 300;\">ALVES, Renan Amaral;\u00a0<\/span><span style=\"font-family: 'Helvetica Neue', Helvetica, Arial, sans-serif; font-size: 13px; font-style: normal; font-weight: 300;\">LOPES, Aristeu Elisandro Machado. A carteira profissional: o mercado de trabalho na cidade de Pelotas (1933-1943). In:\u00a0 <strong>Anais do XXVI Congresso de Inicia\u00e7\u00e3o Cient\u00edfica\/3\u00aa SIIEPE\/UFPel<\/strong>. Pelotas-RS: Editora da UFPel, 2017. v. 1. p. 01-04.<\/span><\/p>\n<p style=\"text-align: justify;\">LOPES, Aristeu Elisandro Machado; \u00a0MATIAS, Juliane. M\u00eddia e Hist\u00f3ria: Uma an\u00e1lise sobre o acervo do LIPEEM\/UFPel. In: <strong>Anais do III Congresso de Ensino de Gradua\u00e7\u00e3o\/ 3\u00aa SIIEPE\/UFPel<\/strong>. Pelotas-RS: Editora da UFPel, 2017. v. 01. p. 01-04.<\/p>\n","protected":false},"excerpt":{"rendered":"<p>Artigos (para acessar, clique no t\u00edtulo do peri\u00f3dico): LOPES, Aristeu Elisandro Machado. Os trabalhadores das f\u00e1bricas de chocolates e caramelos em 3&#215;4: hist\u00f3ria do trabalho e fotografia a partir da Delegacia Regional do Trabalho do Rio Grande do Sul, 1933-1943. Revista de Hist\u00f3ria da Unisinos, v. 21, p. 109-124, 2020. LOPES, Aristeu Elisandro Machado. Os [&hellip;]<\/p>\n","protected":false},"author":1007,"featured_media":0,"parent":0,"menu_order":6,"comment_status":"closed","ping_status":"closed","template":"","meta":{"footnotes":""},"class_list":["post-86","page","type-page","status-publish","hentry"],"_links":{"self":[{"href":"https:\/\/wp.ufpel.edu.br\/acervosdocumentaisndh\/wp-json\/wp\/v2\/pages\/86","targetHints":{"allow":["GET"]}}],"collection":[{"href":"https:\/\/wp.ufpel.edu.br\/acervosdocumentaisndh\/wp-json\/wp\/v2\/pages"}],"about":[{"href":"https:\/\/wp.ufpel.edu.br\/acervosdocumentaisndh\/wp-json\/wp\/v2\/types\/page"}],"author":[{"embeddable":true,"href":"https:\/\/wp.ufpel.edu.br\/acervosdocumentaisndh\/wp-json\/wp\/v2\/users\/1007"}],"replies":[{"embeddable":true,"href":"https:\/\/wp.ufpel.edu.br\/acervosdocumentaisndh\/wp-json\/wp\/v2\/comments?post=86"}],"version-history":[{"count":7,"href":"https:\/\/wp.ufpel.edu.br\/acervosdocumentaisndh\/wp-json\/wp\/v2\/pages\/86\/revisions"}],"predecessor-version":[{"id":337,"href":"https:\/\/wp.ufpel.edu.br\/acervosdocumentaisndh\/wp-json\/wp\/v2\/pages\/86\/revisions\/337"}],"wp:attachment":[{"href":"https:\/\/wp.ufpel.edu.br\/acervosdocumentaisndh\/wp-json\/wp\/v2\/media?parent=86"}],"curies":[{"name":"wp","href":"https:\/\/api.w.org\/{rel}","templated":true}]}}