{"id":83,"date":"2020-05-19T14:33:19","date_gmt":"2020-05-19T17:33:19","guid":{"rendered":"https:\/\/wp.ufpel.edu.br\/acervosdocumentaisndh\/?page_id=83"},"modified":"2022-05-24T10:23:37","modified_gmt":"2022-05-24T13:23:37","slug":"pesquisas","status":"publish","type":"page","link":"https:\/\/wp.ufpel.edu.br\/acervosdocumentaisndh\/pesquisas\/","title":{"rendered":"Projetos de Pesquisa"},"content":{"rendered":"<p style=\"text-align: justify;\">Os projetos de pesquisa interagem com o projeto de extens\u00e3o Acervos Documentais. Os dois projetos se desenvolvem a partir dos documentos da Delegacia Regional do Trabalho do Rio Grande do Sul, salvaguardado no NDH e que integra o projeto de extens\u00e3o.<\/p>\n<p style=\"text-align: justify;\">Projeto de pesquisa <strong>Tra\u00e7ando o perfil do trabalhador ga\u00facho<\/strong>. Este projeto foi iniciado pela professora Beatriz Loner, que recebeu o acervo da DRT\/RS na UFPel, vindo da UFRGS, em 2003. Com a sua aposentadoria, em 2011, o projeto, assim como a salvaguarda do acervo da DRT\/RS, foi passado para a coordena\u00e7\u00e3o do professor Aristeu Lopes. O projeto atua na inser\u00e7\u00e3o dos dados das fichas no banco de dados e no cruzamento dessas informa\u00e7\u00f5es para, ent\u00e3o, tra\u00e7ar perfis de determinados grupos de trabalhadores ou trabalhadoras. Tamb\u00e9m atua na reprodu\u00e7\u00e3o de parte das fichas 3&#215;4 afixadas nas fichas.<\/p>\n<p style=\"text-align: justify;\">Projeto de pesquisa <strong>Da carne e do couro: os trabalhadores dos frigor\u00edficos e dos curtumes no Rio Grande do Sul nas solicita\u00e7\u00f5es de carteira profissional e nos processos judiciais, 1933-1950<\/strong>. O projeto, iniciado em 2020, pretende pesquisar, mapear, identificar e analisar os mundos do trabalho no que se refere aos trabalhadores e trabalhadoras vinculados \u00e0s ind\u00fastrias da carne e \u00e0s ind\u00fastrias do couro instaladas no estado do Rio Grande do Sul entre os anos de 1933 e 1950. Para esse objetivo, os dados da DRT\/RS ser\u00e3o os condutores do desenvolvimento do projeto que ainda vai pesquisar os processos judiciais dos acervos do Arquivo da Justi\u00e7a do Trabalho da Comarca de Pelotas, salvaguardado no NDH, Arquivo do Tribunal de Justi\u00e7a do Estado do Rio Grande do Sul e o Memorial da Justi\u00e7a do Trabalho do Tribunal Regional do Trabalho da 4\u00ba regi\u00e3o. O projeto conta com aux\u00edlio financeiro da Funda\u00e7\u00e3o de Amparo \u00e0 Pesquisa do Estado do Rio Grande do Sul atrav\u00e9s do Edital do Programa Pesquisador Ga\u00facho da FAPERGS.<\/p>\n<p>&nbsp;<\/p>\n<p>&nbsp;<\/p>\n","protected":false},"excerpt":{"rendered":"<p>Os projetos de pesquisa interagem com o projeto de extens\u00e3o Acervos Documentais. Os dois projetos se desenvolvem a partir dos documentos da Delegacia Regional do Trabalho do Rio Grande do Sul, salvaguardado no NDH e que integra o projeto de extens\u00e3o. Projeto de pesquisa Tra\u00e7ando o perfil do trabalhador ga\u00facho. Este projeto foi iniciado pela [&hellip;]<\/p>\n","protected":false},"author":1007,"featured_media":0,"parent":0,"menu_order":5,"comment_status":"closed","ping_status":"closed","template":"","meta":{"footnotes":""},"class_list":["post-83","page","type-page","status-publish","hentry"],"_links":{"self":[{"href":"https:\/\/wp.ufpel.edu.br\/acervosdocumentaisndh\/wp-json\/wp\/v2\/pages\/83","targetHints":{"allow":["GET"]}}],"collection":[{"href":"https:\/\/wp.ufpel.edu.br\/acervosdocumentaisndh\/wp-json\/wp\/v2\/pages"}],"about":[{"href":"https:\/\/wp.ufpel.edu.br\/acervosdocumentaisndh\/wp-json\/wp\/v2\/types\/page"}],"author":[{"embeddable":true,"href":"https:\/\/wp.ufpel.edu.br\/acervosdocumentaisndh\/wp-json\/wp\/v2\/users\/1007"}],"replies":[{"embeddable":true,"href":"https:\/\/wp.ufpel.edu.br\/acervosdocumentaisndh\/wp-json\/wp\/v2\/comments?post=83"}],"version-history":[{"count":6,"href":"https:\/\/wp.ufpel.edu.br\/acervosdocumentaisndh\/wp-json\/wp\/v2\/pages\/83\/revisions"}],"predecessor-version":[{"id":336,"href":"https:\/\/wp.ufpel.edu.br\/acervosdocumentaisndh\/wp-json\/wp\/v2\/pages\/83\/revisions\/336"}],"wp:attachment":[{"href":"https:\/\/wp.ufpel.edu.br\/acervosdocumentaisndh\/wp-json\/wp\/v2\/media?parent=83"}],"curies":[{"name":"wp","href":"https:\/\/api.w.org\/{rel}","templated":true}]}}