{"id":362,"date":"2022-05-24T10:47:02","date_gmt":"2022-05-24T13:47:02","guid":{"rendered":"https:\/\/wp.ufpel.edu.br\/acervosdocumentaisndh\/?page_id=362"},"modified":"2022-05-24T10:47:02","modified_gmt":"2022-05-24T13:47:02","slug":"laneira-brasileira-s-a","status":"publish","type":"page","link":"https:\/\/wp.ufpel.edu.br\/acervosdocumentaisndh\/laneira-brasileira-s-a\/","title":{"rendered":"Laneira Brasileira S.A."},"content":{"rendered":"<p style=\"text-align: justify;\">A Laneira Brasileira Sociedade An\u00f4nima Ind\u00fastria e Com\u00e9rcio foi uma f\u00e1brica de l\u00e3 constru\u00edda no ano de 1945, na cidade de Porto Alegre. No dia 8 de dezembro do ano de 1948 ocorreu a mudan\u00e7a de nome para Laneira Brasileira Sociedade An\u00f4nima Ind\u00fastria e Com\u00e9rcio. Entre os anos de 1948 e 1949, a empresa iniciou seu processo de transfer\u00eancia para a cidade de Pelotas, tendo em vista a privilegiada localiza\u00e7\u00e3o geogr\u00e1fica da cidade, nas rotas de com\u00e9rcio de l\u00e3 no Estado.<\/p>\n<p style=\"text-align: justify;\">A f\u00e1brica foi pioneira na sua especialidade, a partir do tratamento da l\u00e3 introduzido pelo seu fundador e presidente, o Sr. Mois\u00e9s Llobera Gutes e se localizava na Avenida Duque de Caxias n\u00ba144, no bairro Fragata. O local acabou se tornando um marco no setor de l\u00e3 da regi\u00e3o, por\u00e9m em 2003 declarou fal\u00eancia e em abril do mesmo ano fechou suas portas.<\/p>\n<p style=\"text-align: justify;\">Em 2010 a Universidade Federal de Pelotas adquiriu o pr\u00e9dio onde se encontrava a Laneira. Dentro dele havia resqu\u00edcios de um arquivo descartado, em p\u00e9ssimo estado. Foi na busca por reconstruir a hist\u00f3ria e a mem\u00f3ria da institui\u00e7\u00e3o, que o N\u00facleo de Documenta\u00e7\u00e3o Hist\u00f3rica (NDH) o inseriu aos demais acervos que o compunham.<\/p>\n<p style=\"text-align: justify;\">A constitui\u00e7\u00e3o do acervo da Laneira visa salvaguardar a identidade da empresa e a mem\u00f3ria dos trabalhadores, atrav\u00e9s de projetos de organiza\u00e7\u00e3o e higieniza\u00e7\u00e3o, fazendo com que todos os documentos fiquem \u00e0 disposi\u00e7\u00e3o de pesquisadores e demais interessados.<\/p>\n<p style=\"text-align: justify;\">O arquivo tem car\u00e1ter permanente e possui a fun\u00e7\u00e3o de conservar, reunir e facilitar a consulta da documenta\u00e7\u00e3o, tornando-a acess\u00edvel para a sociedade. Os seus documentos ganham significado \u00e0 medida que s\u00e3o utilizados como informa\u00e7\u00e3o pela sociedade, servindo de subs\u00eddios para a interpreta\u00e7\u00e3o hist\u00f3rica.<\/p>\n","protected":false},"excerpt":{"rendered":"<p>A Laneira Brasileira Sociedade An\u00f4nima Ind\u00fastria e Com\u00e9rcio foi uma f\u00e1brica de l\u00e3 constru\u00edda no ano de 1945, na cidade de Porto Alegre. No dia 8 de dezembro do ano de 1948 ocorreu a mudan\u00e7a de nome para Laneira Brasileira Sociedade An\u00f4nima Ind\u00fastria e Com\u00e9rcio. Entre os anos de 1948 e 1949, a empresa iniciou [&hellip;]<\/p>\n","protected":false},"author":1007,"featured_media":0,"parent":0,"menu_order":0,"comment_status":"closed","ping_status":"closed","template":"","meta":{"footnotes":""},"class_list":["post-362","page","type-page","status-publish","hentry"],"_links":{"self":[{"href":"https:\/\/wp.ufpel.edu.br\/acervosdocumentaisndh\/wp-json\/wp\/v2\/pages\/362","targetHints":{"allow":["GET"]}}],"collection":[{"href":"https:\/\/wp.ufpel.edu.br\/acervosdocumentaisndh\/wp-json\/wp\/v2\/pages"}],"about":[{"href":"https:\/\/wp.ufpel.edu.br\/acervosdocumentaisndh\/wp-json\/wp\/v2\/types\/page"}],"author":[{"embeddable":true,"href":"https:\/\/wp.ufpel.edu.br\/acervosdocumentaisndh\/wp-json\/wp\/v2\/users\/1007"}],"replies":[{"embeddable":true,"href":"https:\/\/wp.ufpel.edu.br\/acervosdocumentaisndh\/wp-json\/wp\/v2\/comments?post=362"}],"version-history":[{"count":1,"href":"https:\/\/wp.ufpel.edu.br\/acervosdocumentaisndh\/wp-json\/wp\/v2\/pages\/362\/revisions"}],"predecessor-version":[{"id":364,"href":"https:\/\/wp.ufpel.edu.br\/acervosdocumentaisndh\/wp-json\/wp\/v2\/pages\/362\/revisions\/364"}],"wp:attachment":[{"href":"https:\/\/wp.ufpel.edu.br\/acervosdocumentaisndh\/wp-json\/wp\/v2\/media?parent=362"}],"curies":[{"name":"wp","href":"https:\/\/api.w.org\/{rel}","templated":true}]}}