{"id":354,"date":"2022-05-24T10:40:03","date_gmt":"2022-05-24T13:40:03","guid":{"rendered":"https:\/\/wp.ufpel.edu.br\/acervosdocumentaisndh\/?page_id=354"},"modified":"2022-05-24T10:40:03","modified_gmt":"2022-05-24T13:40:03","slug":"folhetos-positivistas","status":"publish","type":"page","link":"https:\/\/wp.ufpel.edu.br\/acervosdocumentaisndh\/folhetos-positivistas\/","title":{"rendered":"Folhetos Positivistas"},"content":{"rendered":"<blockquote class=\"wp-embedded-content\" data-secret=\"SFf6w4PhJZ\"><p><a href=\"https:\/\/wp.ufpel.edu.br\/ndh\/folhetos-positivistas\/\">Folhetos Positivistas<\/a><\/p><\/blockquote>\n<p><iframe loading=\"lazy\" class=\"wp-embedded-content\" sandbox=\"allow-scripts\" security=\"restricted\" style=\"position: absolute; clip: rect(1px, 1px, 1px, 1px);\" title=\"&#8220;Folhetos Positivistas&#8221; &#8212; N\u00facleo de Documenta\u00e7\u00e3o Hist\u00f3rica da UFPel\" src=\"https:\/\/wp.ufpel.edu.br\/ndh\/folhetos-positivistas\/embed\/#?secret=xQBQpUu63m#?secret=SFf6w4PhJZ\" data-secret=\"SFf6w4PhJZ\" width=\"600\" height=\"338\" frameborder=\"0\" marginwidth=\"0\" marginheight=\"0\" scrolling=\"no\"><\/iframe><\/p>\n","protected":false},"excerpt":{"rendered":"<p>Folhetos Positivistas<\/p>\n","protected":false},"author":1007,"featured_media":0,"parent":0,"menu_order":0,"comment_status":"closed","ping_status":"closed","template":"","meta":{"footnotes":""},"class_list":["post-354","page","type-page","status-publish","hentry"],"_links":{"self":[{"href":"https:\/\/wp.ufpel.edu.br\/acervosdocumentaisndh\/wp-json\/wp\/v2\/pages\/354","targetHints":{"allow":["GET"]}}],"collection":[{"href":"https:\/\/wp.ufpel.edu.br\/acervosdocumentaisndh\/wp-json\/wp\/v2\/pages"}],"about":[{"href":"https:\/\/wp.ufpel.edu.br\/acervosdocumentaisndh\/wp-json\/wp\/v2\/types\/page"}],"author":[{"embeddable":true,"href":"https:\/\/wp.ufpel.edu.br\/acervosdocumentaisndh\/wp-json\/wp\/v2\/users\/1007"}],"replies":[{"embeddable":true,"href":"https:\/\/wp.ufpel.edu.br\/acervosdocumentaisndh\/wp-json\/wp\/v2\/comments?post=354"}],"version-history":[{"count":1,"href":"https:\/\/wp.ufpel.edu.br\/acervosdocumentaisndh\/wp-json\/wp\/v2\/pages\/354\/revisions"}],"predecessor-version":[{"id":356,"href":"https:\/\/wp.ufpel.edu.br\/acervosdocumentaisndh\/wp-json\/wp\/v2\/pages\/354\/revisions\/356"}],"wp:attachment":[{"href":"https:\/\/wp.ufpel.edu.br\/acervosdocumentaisndh\/wp-json\/wp\/v2\/media?parent=354"}],"curies":[{"name":"wp","href":"https:\/\/api.w.org\/{rel}","templated":true}]}}