{"id":325,"date":"2022-05-24T10:16:17","date_gmt":"2022-05-24T13:16:17","guid":{"rendered":"https:\/\/wp.ufpel.edu.br\/acervosdocumentaisndh\/?page_id=325"},"modified":"2022-05-24T10:16:17","modified_gmt":"2022-05-24T13:16:17","slug":"acervos-diversos","status":"publish","type":"page","link":"https:\/\/wp.ufpel.edu.br\/acervosdocumentaisndh\/acervos-diversos\/","title":{"rendered":"Acervos Diversos"},"content":{"rendered":"<p style=\"text-align: justify;\">O acervo denominado Diversos \u00e9 composto por documentos que, em meio ao processo de organiza\u00e7\u00e3o dos demais fundos documentais, n\u00e3o entraram em nenhuma das classifica\u00e7\u00f5es que foram pr\u00e9-estabelecidas pela equipe nos demais acervos.<\/p>\n<p style=\"text-align: justify;\">A partir disso, decidiu-se formar esse fundo, o qual se caracteriza com documentos das mais variadas origens e tipos. Alguns exemplos que o comp\u00f5em s\u00e3o folhetos, p\u00f4steres, folders, resolu\u00e7\u00f5es, cadernos (para discuss\u00f5es, de resumos, especiais\u2026), boletins, boletins informativos, relat\u00f3rios, suplementos, informativos, almanaques, pastas, artigos, biografias, listas, mapas, livros, manifestos, guias, entre outros tantos tipos documentais. Al\u00e9m disso, dentro do acervo Diversos, tamb\u00e9m encontramos algumas revistas, as quais n\u00e3o est\u00e3o catalogadas no acervo de Revistas de Entretenimento e Not\u00edcias devido ao seu car\u00e1ter jornal\u00edstico e\/ou acad\u00eamico, sendo alguns exemplos\u00a0<em>Usina Centre for Latin America Studies, Grandes Personagens da Nossa Hist\u00f3ria, Circuito,\u00a0<\/em>entre outros.<\/p>\n<p style=\"text-align: justify;\">Atualmente os documentos est\u00e3o sendo organizados nas caixas seguindo a orienta\u00e7\u00e3o dos seus tipos documentais. Al\u00e9m disso, est\u00e1 sendo organizado um cat\u00e1logo, no qual est\u00e3o presentes as seguintes informa\u00e7\u00f5es sobre cada documento: a caixa em que est\u00e1 localizado, seu tipo ou arranjo documental, t\u00edtulo, origem, ano, edi\u00e7\u00e3o, n\u00famero de exemplares e um campo para poss\u00edveis observa\u00e7\u00f5es que sejam relevantes para a preserva\u00e7\u00e3o do documento ou para posteriores pesquisas no acervo.<\/p>\n","protected":false},"excerpt":{"rendered":"<p>O acervo denominado Diversos \u00e9 composto por documentos que, em meio ao processo de organiza\u00e7\u00e3o dos demais fundos documentais, n\u00e3o entraram em nenhuma das classifica\u00e7\u00f5es que foram pr\u00e9-estabelecidas pela equipe nos demais acervos. A partir disso, decidiu-se formar esse fundo, o qual se caracteriza com documentos das mais variadas origens e tipos. Alguns exemplos que [&hellip;]<\/p>\n","protected":false},"author":1007,"featured_media":0,"parent":0,"menu_order":0,"comment_status":"closed","ping_status":"closed","template":"","meta":{"footnotes":""},"class_list":["post-325","page","type-page","status-publish","hentry"],"_links":{"self":[{"href":"https:\/\/wp.ufpel.edu.br\/acervosdocumentaisndh\/wp-json\/wp\/v2\/pages\/325","targetHints":{"allow":["GET"]}}],"collection":[{"href":"https:\/\/wp.ufpel.edu.br\/acervosdocumentaisndh\/wp-json\/wp\/v2\/pages"}],"about":[{"href":"https:\/\/wp.ufpel.edu.br\/acervosdocumentaisndh\/wp-json\/wp\/v2\/types\/page"}],"author":[{"embeddable":true,"href":"https:\/\/wp.ufpel.edu.br\/acervosdocumentaisndh\/wp-json\/wp\/v2\/users\/1007"}],"replies":[{"embeddable":true,"href":"https:\/\/wp.ufpel.edu.br\/acervosdocumentaisndh\/wp-json\/wp\/v2\/comments?post=325"}],"version-history":[{"count":1,"href":"https:\/\/wp.ufpel.edu.br\/acervosdocumentaisndh\/wp-json\/wp\/v2\/pages\/325\/revisions"}],"predecessor-version":[{"id":327,"href":"https:\/\/wp.ufpel.edu.br\/acervosdocumentaisndh\/wp-json\/wp\/v2\/pages\/325\/revisions\/327"}],"wp:attachment":[{"href":"https:\/\/wp.ufpel.edu.br\/acervosdocumentaisndh\/wp-json\/wp\/v2\/media?parent=325"}],"curies":[{"name":"wp","href":"https:\/\/api.w.org\/{rel}","templated":true}]}}