{"id":320,"date":"2022-05-24T10:14:56","date_gmt":"2022-05-24T13:14:56","guid":{"rendered":"https:\/\/wp.ufpel.edu.br\/acervosdocumentaisndh\/?page_id=320"},"modified":"2025-04-15T16:34:37","modified_gmt":"2025-04-15T19:34:37","slug":"movimento-sindical","status":"publish","type":"page","link":"https:\/\/wp.ufpel.edu.br\/acervosdocumentaisndh\/movimento-sindical\/","title":{"rendered":"Movimento Sindical"},"content":{"rendered":"<p style=\"text-align: justify;\">O acervo Sindicatos \u00e9 composto por cerca de 40 caixas-arquivo. Ele foi constitu\u00eddo por arquivos doados ao longo dos anos 1990 por diversos sindicatos e tamb\u00e9m por particulares. Atualmente h\u00e1 documentos referentes a 13 sindicatos. Dentre eles, a Central \u00danica dos Trabalhadores (CUT), o Centro dos Professores do Estado do Rio Grande do Sul (CPERS), o Sindicato Nacional dos Docentes das Institui\u00e7\u00f5es de Ensino Superior (ANDES), o Sindicato dos Servidos da Universidade Federal de Pelotas (ASUFPel), a Associa\u00e7\u00e3o dos docentes da Universidade Federal de Pelotas\/sess\u00e3o sindical do ANDES (ADUFPel), o Sindicato dos Banc\u00e1rios, o Sindicato dos Associados do Banco do Brasil, a Federa\u00e7\u00e3o de Sindicato de Trabalhadores em Educa\u00e7\u00e3o das Universidades Brasileiras (FASUBRA), o Sindicato das Ind\u00fastria de Tecelagem e o Sindicato dos Trabalhadores da Ind\u00fastria de Alimenta\u00e7\u00e3o de Pelotas. O acervo da CUT possui o maior n\u00famero de documentos e j\u00e1 possui um cat\u00e1logo pr\u00e9vio de sua documenta\u00e7\u00e3o enquanto os demais ainda est\u00e3o em processo de organiza\u00e7\u00e3o.<\/p>\n<p>Veja na aba:<\/p>\n<p><a href=\"https:\/\/wp.ufpel.edu.br\/acervosdocumentaisndh\/historia-dos-trabalhadores-radiocom-pelotas\/\"><strong>Hist\u00f3ria dos Trabalhadores \u2013 RadioCom Pelotas<\/strong><\/a>. Entrevistas realizadas pelo sindicalista Lair de Mattos (sindicato da Alimenta\u00e7\u00e3o de Pelotas) com trabalhadores da cidade e transmitidas pela <a href=\"https:\/\/www.radiocom.org.br\/\" target=\"_blank\" rel=\"noopener\"><strong>RadioCom Pelotas<\/strong><\/a>, no programa Hist\u00f3ria dos Trabalhadores, parceria entre a R\u00e1dio e o\u00a0<a href=\"https:\/\/www.instagram.com\/explore\/locations\/1027734374\/sindicato-da-alimentacao-de-pelotas\/\" target=\"_blank\" rel=\"noopener\"><strong>Sindicato da Alimenta\u00e7\u00e3o de Pelotas<\/strong><\/a>.<\/p>\n<p>&nbsp;<\/p>\n","protected":false},"excerpt":{"rendered":"<p>O acervo Sindicatos \u00e9 composto por cerca de 40 caixas-arquivo. Ele foi constitu\u00eddo por arquivos doados ao longo dos anos 1990 por diversos sindicatos e tamb\u00e9m por particulares. Atualmente h\u00e1 documentos referentes a 13 sindicatos. Dentre eles, a Central \u00danica dos Trabalhadores (CUT), o Centro dos Professores do Estado do Rio Grande do Sul (CPERS), [&hellip;]<\/p>\n","protected":false},"author":1007,"featured_media":0,"parent":0,"menu_order":0,"comment_status":"closed","ping_status":"closed","template":"","meta":{"footnotes":""},"class_list":["post-320","page","type-page","status-publish","hentry"],"_links":{"self":[{"href":"https:\/\/wp.ufpel.edu.br\/acervosdocumentaisndh\/wp-json\/wp\/v2\/pages\/320","targetHints":{"allow":["GET"]}}],"collection":[{"href":"https:\/\/wp.ufpel.edu.br\/acervosdocumentaisndh\/wp-json\/wp\/v2\/pages"}],"about":[{"href":"https:\/\/wp.ufpel.edu.br\/acervosdocumentaisndh\/wp-json\/wp\/v2\/types\/page"}],"author":[{"embeddable":true,"href":"https:\/\/wp.ufpel.edu.br\/acervosdocumentaisndh\/wp-json\/wp\/v2\/users\/1007"}],"replies":[{"embeddable":true,"href":"https:\/\/wp.ufpel.edu.br\/acervosdocumentaisndh\/wp-json\/wp\/v2\/comments?post=320"}],"version-history":[{"count":6,"href":"https:\/\/wp.ufpel.edu.br\/acervosdocumentaisndh\/wp-json\/wp\/v2\/pages\/320\/revisions"}],"predecessor-version":[{"id":1060,"href":"https:\/\/wp.ufpel.edu.br\/acervosdocumentaisndh\/wp-json\/wp\/v2\/pages\/320\/revisions\/1060"}],"wp:attachment":[{"href":"https:\/\/wp.ufpel.edu.br\/acervosdocumentaisndh\/wp-json\/wp\/v2\/media?parent=320"}],"curies":[{"name":"wp","href":"https:\/\/api.w.org\/{rel}","templated":true}]}}