{"id":312,"date":"2022-05-24T10:09:57","date_gmt":"2022-05-24T13:09:57","guid":{"rendered":"https:\/\/wp.ufpel.edu.br\/acervosdocumentaisndh\/?page_id=312"},"modified":"2022-05-24T10:09:57","modified_gmt":"2022-05-24T13:09:57","slug":"movimentos-estudantis","status":"publish","type":"page","link":"https:\/\/wp.ufpel.edu.br\/acervosdocumentaisndh\/movimentos-estudantis\/","title":{"rendered":"Movimentos Estudantis"},"content":{"rendered":"<p style=\"text-align: justify;\">O acervo Movimentos Estudantis re\u00fane os documentos do Diret\u00f3rio Acad\u00eamico dos Estudantes da Universidade Federal de Pelotas (posteriormente renomeado para Diret\u00f3rio Central dos Estudantes), e do Diret\u00f3rio Acad\u00eamico do CEFET-RS (atual Instituto Federal Sul-Rio-Grandense Campus Pelotas-IFSul). Com a reorganiza\u00e7\u00e3o do conjunto de acervos do NDH\/UFPel, outros documentos foram incorporados, como aqueles oriundos de centros e diret\u00f3rios acad\u00eamicos de cursos da UFPel.<\/p>\n<p style=\"text-align: justify;\">Entre os anos de 2010 e 2011, sob a coordena\u00e7\u00e3o da professora M\u00e1rcia Janete Espig, com participa\u00e7\u00e3o da professora Ana Inez Klein e discentes do curso de Bacharelado em Hist\u00f3ria da UFPel, o acervo do DCE foi higienizado, organizado e catalogado. Atualmente o Acervo est\u00e1 armazenado em 44 caixas identificadas entre os n\u00fameros 350 e 394.<\/p>\n<p>\u00a0 \u00a0 \u00a0 \u00a0 \u00a0 \u00a0 \u00a0 \u00a0 \u00a0 \u00a0 \u00a0 \u00a0 \u00a0 \u00a0 \u00a0 \u00a0 \u00a0 \u00a0 \u00a0 \u00a0 \u00a0 \u00a0 \u00a0 \u00a0 \u00a0 \u00a0 \u00a0 \u00a0 \u00a0 \u00a0 \u00a0 \u00a0 \u00a0\u00a0<img loading=\"lazy\" decoding=\"async\" class=\"alignnone size-medium wp-image-229\" src=\"https:\/\/wp.ufpel.edu.br\/acervosdocumentaisndh\/files\/2020\/07\/capa-DCE-225x400.jpg\" sizes=\"auto, (max-width: 225px) 100vw, 225px\" srcset=\"https:\/\/wp.ufpel.edu.br\/acervosdocumentaisndh\/files\/2020\/07\/capa-DCE-225x400.jpg 225w, https:\/\/wp.ufpel.edu.br\/acervosdocumentaisndh\/files\/2020\/07\/capa-DCE-576x1024.jpg 576w, https:\/\/wp.ufpel.edu.br\/acervosdocumentaisndh\/files\/2020\/07\/capa-DCE.jpg 586w\" alt=\"\" width=\"225\" height=\"400\" \/><\/p>\n","protected":false},"excerpt":{"rendered":"<p>O acervo Movimentos Estudantis re\u00fane os documentos do Diret\u00f3rio Acad\u00eamico dos Estudantes da Universidade Federal de Pelotas (posteriormente renomeado para Diret\u00f3rio Central dos Estudantes), e do Diret\u00f3rio Acad\u00eamico do CEFET-RS (atual Instituto Federal Sul-Rio-Grandense Campus Pelotas-IFSul). Com a reorganiza\u00e7\u00e3o do conjunto de acervos do NDH\/UFPel, outros documentos foram incorporados, como aqueles oriundos de centros e [&hellip;]<\/p>\n","protected":false},"author":1007,"featured_media":0,"parent":0,"menu_order":0,"comment_status":"closed","ping_status":"closed","template":"","meta":{"_crdt_document":"","footnotes":""},"class_list":["post-312","page","type-page","status-publish","hentry"],"_links":{"self":[{"href":"https:\/\/wp.ufpel.edu.br\/acervosdocumentaisndh\/wp-json\/wp\/v2\/pages\/312","targetHints":{"allow":["GET"]}}],"collection":[{"href":"https:\/\/wp.ufpel.edu.br\/acervosdocumentaisndh\/wp-json\/wp\/v2\/pages"}],"about":[{"href":"https:\/\/wp.ufpel.edu.br\/acervosdocumentaisndh\/wp-json\/wp\/v2\/types\/page"}],"author":[{"embeddable":true,"href":"https:\/\/wp.ufpel.edu.br\/acervosdocumentaisndh\/wp-json\/wp\/v2\/users\/1007"}],"replies":[{"embeddable":true,"href":"https:\/\/wp.ufpel.edu.br\/acervosdocumentaisndh\/wp-json\/wp\/v2\/comments?post=312"}],"version-history":[{"count":1,"href":"https:\/\/wp.ufpel.edu.br\/acervosdocumentaisndh\/wp-json\/wp\/v2\/pages\/312\/revisions"}],"predecessor-version":[{"id":314,"href":"https:\/\/wp.ufpel.edu.br\/acervosdocumentaisndh\/wp-json\/wp\/v2\/pages\/312\/revisions\/314"}],"wp:attachment":[{"href":"https:\/\/wp.ufpel.edu.br\/acervosdocumentaisndh\/wp-json\/wp\/v2\/media?parent=312"}],"curies":[{"name":"wp","href":"https:\/\/api.w.org\/{rel}","templated":true}]}}