{"id":306,"date":"2022-05-24T10:05:47","date_gmt":"2022-05-24T13:05:47","guid":{"rendered":"https:\/\/wp.ufpel.edu.br\/acervosdocumentaisndh\/?page_id=306"},"modified":"2022-05-24T10:09:08","modified_gmt":"2022-05-24T13:09:08","slug":"movimentos-sociais","status":"publish","type":"page","link":"https:\/\/wp.ufpel.edu.br\/acervosdocumentaisndh\/movimentos-sociais\/","title":{"rendered":"Movimentos Sociais"},"content":{"rendered":"<header class=\"entry-header\">O Acervo Movimentos Sociais foi criado a partir da reorganiza\u00e7\u00e3o do conjunto documental do NDH\/UFPel iniciado em 2018. Nele est\u00e3o agrupados documentos de tem\u00e1ticas variadas, como o Movimento Diretas J\u00e1, a Constituinte de 1988, o F\u00f3rum Social Mundial de 2001, realizado em Porto Alegre-RS, e um clipping sobre o Movimento dos Trabalhadores Rurais Sem Terra. Este acervo ainda est\u00e1 em fase de estrutura\u00e7\u00e3o e a documenta\u00e7\u00e3o n\u00e3o est\u00e1\u00a0 catalogada.<\/header>\n","protected":false},"excerpt":{"rendered":"<p>O Acervo Movimentos Sociais foi criado a partir da reorganiza\u00e7\u00e3o do conjunto documental do NDH\/UFPel iniciado em 2018. Nele est\u00e3o agrupados documentos de tem\u00e1ticas variadas, como o Movimento Diretas J\u00e1, a Constituinte de 1988, o F\u00f3rum Social Mundial de 2001, realizado em Porto Alegre-RS, e um clipping sobre o Movimento dos Trabalhadores Rurais Sem Terra. [&hellip;]<\/p>\n","protected":false},"author":1007,"featured_media":0,"parent":0,"menu_order":0,"comment_status":"closed","ping_status":"closed","template":"","meta":{"footnotes":""},"class_list":["post-306","page","type-page","status-publish","hentry"],"_links":{"self":[{"href":"https:\/\/wp.ufpel.edu.br\/acervosdocumentaisndh\/wp-json\/wp\/v2\/pages\/306","targetHints":{"allow":["GET"]}}],"collection":[{"href":"https:\/\/wp.ufpel.edu.br\/acervosdocumentaisndh\/wp-json\/wp\/v2\/pages"}],"about":[{"href":"https:\/\/wp.ufpel.edu.br\/acervosdocumentaisndh\/wp-json\/wp\/v2\/types\/page"}],"author":[{"embeddable":true,"href":"https:\/\/wp.ufpel.edu.br\/acervosdocumentaisndh\/wp-json\/wp\/v2\/users\/1007"}],"replies":[{"embeddable":true,"href":"https:\/\/wp.ufpel.edu.br\/acervosdocumentaisndh\/wp-json\/wp\/v2\/comments?post=306"}],"version-history":[{"count":2,"href":"https:\/\/wp.ufpel.edu.br\/acervosdocumentaisndh\/wp-json\/wp\/v2\/pages\/306\/revisions"}],"predecessor-version":[{"id":311,"href":"https:\/\/wp.ufpel.edu.br\/acervosdocumentaisndh\/wp-json\/wp\/v2\/pages\/306\/revisions\/311"}],"wp:attachment":[{"href":"https:\/\/wp.ufpel.edu.br\/acervosdocumentaisndh\/wp-json\/wp\/v2\/media?parent=306"}],"curies":[{"name":"wp","href":"https:\/\/api.w.org\/{rel}","templated":true}]}}