{"id":302,"date":"2022-05-24T10:04:08","date_gmt":"2022-05-24T13:04:08","guid":{"rendered":"https:\/\/wp.ufpel.edu.br\/acervosdocumentaisndh\/?page_id=302"},"modified":"2024-09-04T14:37:30","modified_gmt":"2024-09-04T17:37:30","slug":"revistas-de-noticias-e-entretenimento","status":"publish","type":"page","link":"https:\/\/wp.ufpel.edu.br\/acervosdocumentaisndh\/revistas-de-noticias-e-entretenimento\/","title":{"rendered":"Revistas de Not\u00edcias e Entretenimento"},"content":{"rendered":"<p style=\"text-align: justify;\">O acervo das Revistas de Entretenimento e Not\u00edcias pertence ao LIPEEM\/UFPel. \u00c9 constitu\u00eddo por um material dispon\u00edvel para a constru\u00e7\u00e3o de debates e reflex\u00f5es sobre o uso das m\u00eddias nas pr\u00e1ticas de ensino e pesquisa. Nesse acervo encontram-se peri\u00f3dicos como\u00a0<em>Uni\u00e3o Sovi\u00e9tica em Foco<\/em>,\u00a0<em>Carta Capital<\/em>,\u00a0<em>Exame<\/em>,\u00a0<em>Cadernos do Terceiro Mundo<\/em>,\u00a0<em>Bundas<\/em>,\u00a0<em>Revista do Globo<\/em>,\u00a0<em>Novos Estudos<\/em>,\u00a0<em>Isto\u00c9<\/em>,\u00a0<em>Isto\u00c9 Senhor<\/em>,\u00a0<em>Caros Amigos,\u00a0<\/em>entre outros t\u00edtulos. Ainda nesse acervo, podemos encontrar revistas que tiveram circula\u00e7\u00e3o por toda a Am\u00e9rica Latina, al\u00e9m do Brasil, como por exemplo, as revistas\u00a0<em>Leopl\u00e1n<\/em>\u00a0\u2013 Magazine Popular Argentina,\u00a0<em>Educadores del Mundo<\/em>,\u00a0<em>Time<\/em>\u00a0(revistas de Chicago e New York, nos Estados Unidos),\u00a0<em>Feminaria<\/em>\u00a0(tamb\u00e9m origin\u00e1ria da Argentina),\u00a0<em>Shalom<\/em>, entre outras. Os exemplares aqui citados e os demais que comp\u00f5em esse acervo est\u00e3o devidamente acondicionados e organizados em um cat\u00e1logo com suas especifica\u00e7\u00f5es individuais.<\/p>\n<p style=\"text-align: justify;\">Outro acervo dispon\u00edvel \u00e9 o da revista\u00a0<em>Veja<\/em>, o qual possui cerca de 1550 n\u00fameros, tamb\u00e9m devidamente acondicionados em cerca de 50 caixas e com todos os seus exemplares organizados em um cat\u00e1logo digital. O acervo da\u00a0<em>Veja<\/em>\u00a0cont\u00e9m exemplares desde o ano da funda\u00e7\u00e3o da revista, em 1968, at\u00e9 peri\u00f3dicos do ano de 2007. Al\u00e9m disso, h\u00e1 tamb\u00e9m edi\u00e7\u00f5es especiais e complementares que fazem parte desse acervo da\u00a0<em>Veja<\/em>.<\/p>\n<p style=\"text-align: justify;\">A partir dos cat\u00e1logos constru\u00eddos com os documentos de cada um dos acervos citados anteriormente, \u00e9 poss\u00edvel realizar in\u00fameras pesquisas, principalmente com a abordagem da import\u00e2ncia das m\u00eddias e, mais especificamente, das revistas, como fontes hist\u00f3ricas.<\/p>\n<p>Revistas dispon\u00edveis no acervo documental do NDH:<\/p>\n<p><a href=\"https:\/\/wp.ufpel.edu.br\/acervosdocumentaisndh\/files\/2022\/05\/Catalogo-Veja.pdf\" target=\"_blank\" rel=\"noopener\"><strong>Veja<\/strong> <\/a>(Cat\u00e1logo de n\u00fameros dispon\u00edveis para consulta presencial &#8211; <strong>por motivos de direito autoral n\u00e3o digitalizamos ou enviamos c\u00f3pias do material<\/strong>)<\/p>\n","protected":false},"excerpt":{"rendered":"<p>O acervo das Revistas de Entretenimento e Not\u00edcias pertence ao LIPEEM\/UFPel. \u00c9 constitu\u00eddo por um material dispon\u00edvel para a constru\u00e7\u00e3o de debates e reflex\u00f5es sobre o uso das m\u00eddias nas pr\u00e1ticas de ensino e pesquisa. Nesse acervo encontram-se peri\u00f3dicos como\u00a0Uni\u00e3o Sovi\u00e9tica em Foco,\u00a0Carta Capital,\u00a0Exame,\u00a0Cadernos do Terceiro Mundo,\u00a0Bundas,\u00a0Revista do Globo,\u00a0Novos Estudos,\u00a0Isto\u00c9,\u00a0Isto\u00c9 Senhor,\u00a0Caros Amigos,\u00a0entre outros t\u00edtulos. Ainda [&hellip;]<\/p>\n","protected":false},"author":1007,"featured_media":0,"parent":0,"menu_order":0,"comment_status":"closed","ping_status":"closed","template":"","meta":{"footnotes":""},"class_list":["post-302","page","type-page","status-publish","hentry"],"_links":{"self":[{"href":"https:\/\/wp.ufpel.edu.br\/acervosdocumentaisndh\/wp-json\/wp\/v2\/pages\/302","targetHints":{"allow":["GET"]}}],"collection":[{"href":"https:\/\/wp.ufpel.edu.br\/acervosdocumentaisndh\/wp-json\/wp\/v2\/pages"}],"about":[{"href":"https:\/\/wp.ufpel.edu.br\/acervosdocumentaisndh\/wp-json\/wp\/v2\/types\/page"}],"author":[{"embeddable":true,"href":"https:\/\/wp.ufpel.edu.br\/acervosdocumentaisndh\/wp-json\/wp\/v2\/users\/1007"}],"replies":[{"embeddable":true,"href":"https:\/\/wp.ufpel.edu.br\/acervosdocumentaisndh\/wp-json\/wp\/v2\/comments?post=302"}],"version-history":[{"count":5,"href":"https:\/\/wp.ufpel.edu.br\/acervosdocumentaisndh\/wp-json\/wp\/v2\/pages\/302\/revisions"}],"predecessor-version":[{"id":970,"href":"https:\/\/wp.ufpel.edu.br\/acervosdocumentaisndh\/wp-json\/wp\/v2\/pages\/302\/revisions\/970"}],"wp:attachment":[{"href":"https:\/\/wp.ufpel.edu.br\/acervosdocumentaisndh\/wp-json\/wp\/v2\/media?parent=302"}],"curies":[{"name":"wp","href":"https:\/\/api.w.org\/{rel}","templated":true}]}}