{"id":297,"date":"2022-05-24T10:01:40","date_gmt":"2022-05-24T13:01:40","guid":{"rendered":"https:\/\/wp.ufpel.edu.br\/acervosdocumentaisndh\/?page_id=297"},"modified":"2022-05-31T09:02:06","modified_gmt":"2022-05-31T12:02:06","slug":"imprensa","status":"publish","type":"page","link":"https:\/\/wp.ufpel.edu.br\/acervosdocumentaisndh\/imprensa\/","title":{"rendered":"Imprensa"},"content":{"rendered":"<p style=\"text-align: justify;\">O acervo da Imprensa \u00e9 um dos que constituem o Projeto de Extens\u00e3o \u201cAcervos Documentais do N\u00facleo de Documenta\u00e7\u00e3o Hist\u00f3ria da Universidade Federal de Pelotas\u201d. Nesse acervo est\u00e3o presentes exemplares de v\u00e1rios jornais, apresentando um material diversificado. Alguns exemplos de jornais que constituem esse acervo s\u00e3o: <em>Movimento<\/em>, que apresenta n\u00fameros entre os anos de 1975 e 1981, <em>Pasquim<\/em>, <em>Tribuna Metal\u00fagica<\/em> (com edi\u00e7\u00f5es que compreendem os anos de 1989 a 1997), <em>Voz da Unidade<\/em>, <em>Afro-Am\u00e9rica Latina Versus<\/em>, <em>Hora do Povo<\/em>, <em>Em Tempo<\/em>, entre outros.<\/p>\n<p style=\"text-align: justify;\">O acervo relativo \u00e0 hist\u00f3ria da imprensa ainda est\u00e1 em seu processo inicial de organiza\u00e7\u00e3o e cataloga\u00e7\u00e3o \u2013 devido a grande quantidade de material que o comp\u00f5e \u2013 sendo esses procedimentos realizados individualmente para cada documento. Na confec\u00e7\u00e3o do cat\u00e1logo est\u00e3o dispostas as seguintes informa\u00e7\u00f5es sobre os documentos: a caixa em que estava localizado o jornal, seu tipo documental, o t\u00edtulo do jornal, a mat\u00e9ria de destaque na capa, sua origem, data e n\u00famero de edi\u00e7\u00e3o, bem como a cidade e ano de circula\u00e7\u00e3o de cada um dos t\u00edtulos.<\/p>\n<p>Confira os Jornais e Revistas j\u00e1 dispon\u00edveis!<\/p>\n<p>Jornais:<\/p>\n<p><a href=\"https:\/\/wp.ufpel.edu.br\/acervosdocumentaisndh\/folha-da-princesa\/\"><strong>Folha da Princesa<\/strong><\/a> (publica\u00e7\u00e3o da Escola de Comunica\u00e7\u00e3o Social da Universidade Cat\u00f3lica de Pelotas)<\/p>\n","protected":false},"excerpt":{"rendered":"<p>O acervo da Imprensa \u00e9 um dos que constituem o Projeto de Extens\u00e3o \u201cAcervos Documentais do N\u00facleo de Documenta\u00e7\u00e3o Hist\u00f3ria da Universidade Federal de Pelotas\u201d. Nesse acervo est\u00e3o presentes exemplares de v\u00e1rios jornais, apresentando um material diversificado. Alguns exemplos de jornais que constituem esse acervo s\u00e3o: Movimento, que apresenta n\u00fameros entre os anos de 1975 [&hellip;]<\/p>\n","protected":false},"author":1007,"featured_media":0,"parent":0,"menu_order":0,"comment_status":"closed","ping_status":"closed","template":"","meta":{"footnotes":""},"class_list":["post-297","page","type-page","status-publish","hentry"],"_links":{"self":[{"href":"https:\/\/wp.ufpel.edu.br\/acervosdocumentaisndh\/wp-json\/wp\/v2\/pages\/297","targetHints":{"allow":["GET"]}}],"collection":[{"href":"https:\/\/wp.ufpel.edu.br\/acervosdocumentaisndh\/wp-json\/wp\/v2\/pages"}],"about":[{"href":"https:\/\/wp.ufpel.edu.br\/acervosdocumentaisndh\/wp-json\/wp\/v2\/types\/page"}],"author":[{"embeddable":true,"href":"https:\/\/wp.ufpel.edu.br\/acervosdocumentaisndh\/wp-json\/wp\/v2\/users\/1007"}],"replies":[{"embeddable":true,"href":"https:\/\/wp.ufpel.edu.br\/acervosdocumentaisndh\/wp-json\/wp\/v2\/comments?post=297"}],"version-history":[{"count":6,"href":"https:\/\/wp.ufpel.edu.br\/acervosdocumentaisndh\/wp-json\/wp\/v2\/pages\/297\/revisions"}],"predecessor-version":[{"id":463,"href":"https:\/\/wp.ufpel.edu.br\/acervosdocumentaisndh\/wp-json\/wp\/v2\/pages\/297\/revisions\/463"}],"wp:attachment":[{"href":"https:\/\/wp.ufpel.edu.br\/acervosdocumentaisndh\/wp-json\/wp\/v2\/media?parent=297"}],"curies":[{"name":"wp","href":"https:\/\/api.w.org\/{rel}","templated":true}]}}