{"id":293,"date":"2022-05-24T09:59:54","date_gmt":"2022-05-24T12:59:54","guid":{"rendered":"https:\/\/wp.ufpel.edu.br\/acervosdocumentaisndh\/?page_id=293"},"modified":"2022-05-24T10:44:47","modified_gmt":"2022-05-24T13:44:47","slug":"delegacia-regional-do-trabalho","status":"publish","type":"page","link":"https:\/\/wp.ufpel.edu.br\/acervosdocumentaisndh\/delegacia-regional-do-trabalho\/","title":{"rendered":"Delegacia Regional do Trabalho"},"content":{"rendered":"<p style=\"text-align: justify;\">O Acervo da Delegacia Regional do Trabalho do Rio Grande do Sul \u2013 DRT\/RS \u00e9 constitu\u00eddo por aproximadamente 630.000 Fichas de Qualifica\u00e7\u00e3o Profissional. Este era o documento que era preenchido no momento em que o trabalhador solicitava a sua carteira profissional. Os campos da ficha de qualifica\u00e7\u00e3o profissional s\u00e3o minuciosos e permitem observar detalhes da vida do trabalhador que solicitava o documento.<\/p>\n<p style=\"text-align: justify;\"><img loading=\"lazy\" decoding=\"async\" class=\"wp-image-117 size-medium alignright\" src=\"https:\/\/wp.ufpel.edu.br\/acervosdocumentaisndh\/files\/2020\/05\/1f-32577-275x400.jpg\" alt=\"\" width=\"275\" height=\"400\" srcset=\"https:\/\/wp.ufpel.edu.br\/acervosdocumentaisndh\/files\/2020\/05\/1f-32577-275x400.jpg 275w, https:\/\/wp.ufpel.edu.br\/acervosdocumentaisndh\/files\/2020\/05\/1f-32577-704x1024.jpg 704w, https:\/\/wp.ufpel.edu.br\/acervosdocumentaisndh\/files\/2020\/05\/1f-32577-768x1117.jpg 768w, https:\/\/wp.ufpel.edu.br\/acervosdocumentaisndh\/files\/2020\/05\/1f-32577-1056x1536.jpg 1056w, https:\/\/wp.ufpel.edu.br\/acervosdocumentaisndh\/files\/2020\/05\/1f-32577-1408x2048.jpg 1408w, https:\/\/wp.ufpel.edu.br\/acervosdocumentaisndh\/files\/2020\/05\/1f-32577-scaled.jpg 1761w\" sizes=\"auto, (max-width: 275px) 100vw, 275px\" \/>H\u00e1 um grupo de itens que se refere aos dados pessoais do trabalhador: nome, sexo, altura, cor da pele, cor dos cabelos e cor dos olhos e, se do sexo masculino, barba e bigode. Ainda \u00e9 poss\u00edvel saber se o trabalhador possui sinais particulares, ou seja: falta de membros, calv\u00edcie, cicatrizes, marcas de var\u00edola, defici\u00eancias f\u00edsicas, queimaduras, entre outros. Aparecem dados como: a filia\u00e7\u00e3o, se solteiro, casado ou vi\u00favo, o n\u00famero de filhos. Tamb\u00e9m eram solicitados os dados do nascimento do trabalhador: a data, o local do nascimento, com o nome da cidade e do estado e, se estrangeiro, o ano da chegada no Brasil e, quando realizada, o ano da naturaliza\u00e7\u00e3o. Outras informa\u00e7\u00f5es solicitadas eram o endere\u00e7o e o grau de instru\u00e7\u00e3o do trabalhador. Outro grupo de campos se referia \u00e0s atividades profissionais do trabalhador, nos quais eram registrados: a profiss\u00e3o, o nome e a esp\u00e9cie do estabelecimento profissional, a cidade e o endere\u00e7o do estabelecimento, e se o trabalhador fosse sindicalizado o n\u00famero da matr\u00edcula e o nome do sindicato.<\/p>\n<p style=\"text-align: justify;\">Todos esses campos se localizavam na primeira p\u00e1gina da ficha de qualifica\u00e7\u00e3o profissional que recebia ainda a data da solicita\u00e7\u00e3o da carteira, o n\u00famero da solicita\u00e7\u00e3o, o n\u00famero do livro, a s\u00e9rie, e caso fosse uma segunda via, tamb\u00e9m era poss\u00edvel registrar. J\u00e1 o verso da ficha recebia uma foto \u00be do trabalhador, as impress\u00f5es dos dedos das m\u00e3os e se fosse necess\u00e1rio registrar outras informa\u00e7\u00f5es, estas tamb\u00e9m eram feitas no verso.<\/p>\n<p style=\"text-align: justify;\"><img loading=\"lazy\" decoding=\"async\" class=\"wp-image-118 size-medium alignleft\" src=\"https:\/\/wp.ufpel.edu.br\/acervosdocumentaisndh\/files\/2020\/05\/1v-32577-272x400.jpg\" alt=\"\" width=\"272\" height=\"400\" srcset=\"https:\/\/wp.ufpel.edu.br\/acervosdocumentaisndh\/files\/2020\/05\/1v-32577-272x400.jpg 272w, https:\/\/wp.ufpel.edu.br\/acervosdocumentaisndh\/files\/2020\/05\/1v-32577-697x1024.jpg 697w, https:\/\/wp.ufpel.edu.br\/acervosdocumentaisndh\/files\/2020\/05\/1v-32577-768x1129.jpg 768w, https:\/\/wp.ufpel.edu.br\/acervosdocumentaisndh\/files\/2020\/05\/1v-32577-1045x1536.jpg 1045w, https:\/\/wp.ufpel.edu.br\/acervosdocumentaisndh\/files\/2020\/05\/1v-32577-1394x2048.jpg 1394w, https:\/\/wp.ufpel.edu.br\/acervosdocumentaisndh\/files\/2020\/05\/1v-32577-scaled.jpg 1742w\" sizes=\"auto, (max-width: 272px) 100vw, 272px\" \/>O trabalho de pesquisa desenvolvido nos projetos com o acervo da DRT\/RS foi facilitado desde a cria\u00e7\u00e3o de um banco de dados para armazenar todas as informa\u00e7\u00f5es declaradas nas fichas pelos trabalhadores. Esse banco de dados reproduz os mesmos campos da ficha permitindo que toda a informa\u00e7\u00e3o de uma ficha fique dispon\u00edvel ao pesquisador e possibilitando o seu cruzamento com aquelas de outros trabalhadores. Dessa forma, \u00e9 poss\u00edvel estudar determinados grupos de trabalhadores, profiss\u00f5es, grau de instru\u00e7\u00e3o, entre outros. No momento, \u00e9 poss\u00edvel consultar informa\u00e7\u00f5es de aproximadamente 46 mil fichas correspondentes aos anos entre 1933 e 1944.<\/p>\n<p>&nbsp;<\/p>\n<p>Para saber mais sobre as pesquisas realizadas com os dados do acervo da DRT\/RS, verifique a aba &#8220;pesquisas&#8221;.<\/p>\n","protected":false},"excerpt":{"rendered":"<p>O Acervo da Delegacia Regional do Trabalho do Rio Grande do Sul \u2013 DRT\/RS \u00e9 constitu\u00eddo por aproximadamente 630.000 Fichas de Qualifica\u00e7\u00e3o Profissional. Este era o documento que era preenchido no momento em que o trabalhador solicitava a sua carteira profissional. Os campos da ficha de qualifica\u00e7\u00e3o profissional s\u00e3o minuciosos e permitem observar detalhes da [&hellip;]<\/p>\n","protected":false},"author":1007,"featured_media":0,"parent":0,"menu_order":0,"comment_status":"closed","ping_status":"closed","template":"","meta":{"footnotes":""},"class_list":["post-293","page","type-page","status-publish","hentry"],"_links":{"self":[{"href":"https:\/\/wp.ufpel.edu.br\/acervosdocumentaisndh\/wp-json\/wp\/v2\/pages\/293","targetHints":{"allow":["GET"]}}],"collection":[{"href":"https:\/\/wp.ufpel.edu.br\/acervosdocumentaisndh\/wp-json\/wp\/v2\/pages"}],"about":[{"href":"https:\/\/wp.ufpel.edu.br\/acervosdocumentaisndh\/wp-json\/wp\/v2\/types\/page"}],"author":[{"embeddable":true,"href":"https:\/\/wp.ufpel.edu.br\/acervosdocumentaisndh\/wp-json\/wp\/v2\/users\/1007"}],"replies":[{"embeddable":true,"href":"https:\/\/wp.ufpel.edu.br\/acervosdocumentaisndh\/wp-json\/wp\/v2\/comments?post=293"}],"version-history":[{"count":5,"href":"https:\/\/wp.ufpel.edu.br\/acervosdocumentaisndh\/wp-json\/wp\/v2\/pages\/293\/revisions"}],"predecessor-version":[{"id":361,"href":"https:\/\/wp.ufpel.edu.br\/acervosdocumentaisndh\/wp-json\/wp\/v2\/pages\/293\/revisions\/361"}],"wp:attachment":[{"href":"https:\/\/wp.ufpel.edu.br\/acervosdocumentaisndh\/wp-json\/wp\/v2\/media?parent=293"}],"curies":[{"name":"wp","href":"https:\/\/api.w.org\/{rel}","templated":true}]}}