{"id":1567,"date":"2025-09-23T14:20:43","date_gmt":"2025-09-23T17:20:43","guid":{"rendered":"https:\/\/wp.ufpel.edu.br\/acervosdocumentaisndh\/?page_id=1567"},"modified":"2025-10-03T15:08:45","modified_gmt":"2025-10-03T18:08:45","slug":"faculdade-de-direito","status":"publish","type":"page","link":"https:\/\/wp.ufpel.edu.br\/acervosdocumentaisndh\/faculdade-de-direito\/","title":{"rendered":"Faculdade de Direito"},"content":{"rendered":"<p><img loading=\"lazy\" decoding=\"async\" class=\"aligncenter\" src=\"https:\/\/wp.ufpel.edu.br\/direito\/files\/2019\/04\/4072119019_0638f06653_b.jpg\" alt=\"Faculdade de Direito \u2013 Universidade Federal de Pelotas\" width=\"1024\" height=\"334\" \/>Documentos aqui disponibilizados est\u00e3o postados por ordem de cria\u00e7\u00e3o.<\/p>\n<p>&nbsp;<\/p>\n<p><a href=\"https:\/\/wp.ufpel.edu.br\/acervosdocumentaisndh\/files\/2025\/09\/Atas-Congregacao-da-Faculdade-de-Direito-16.11.1914.pdf\" target=\"_blank\" rel=\"noopener\"><strong>1914. Atas da Congrega\u00e7\u00e3o da Faculdade de Direito.<\/strong><\/a><\/p>\n<p><a href=\"https:\/\/wp.ufpel.edu.br\/acervosdocumentaisndh\/files\/2025\/09\/Livro-de-Inspecao-07.12.1931.pdf\" target=\"_blank\" rel=\"noopener\"><strong>1931. Livro de Inspe\u00e7\u00e3o (07\/12\/1931).<\/strong><\/a><\/p>\n<p><a href=\"https:\/\/wp.ufpel.edu.br\/acervosdocumentaisndh\/files\/2025\/09\/Album-de-formatura.pdf\" target=\"_blank\" rel=\"noopener\"><strong>1936. \u00c1lbum de formatura de graduados em Direito.<\/strong><\/a><\/p>\n<p><a href=\"https:\/\/wp.ufpel.edu.br\/acervosdocumentaisndh\/files\/2025\/09\/Diplomas-de-formados-1951-e-1952.pdf\" target=\"_blank\" rel=\"noopener\"><strong>1951 e 1952. Diplomas de formados.<\/strong><\/a><\/p>\n<p><a href=\"https:\/\/wp.ufpel.edu.br\/acervosdocumentaisndh\/files\/2025\/10\/Diplomas-direito.pdf\" target=\"_blank\" rel=\"noopener\"><strong>D\u00e9cada de 1960. Diplomas de formados.<\/strong><\/a><\/p>\n<p><strong><a href=\"https:\/\/wp.ufpel.edu.br\/acervosdocumentaisndh\/consun-urgs\/\">D\u00e9cada de 1960. Atas do Conselho Universit\u00e1rio da Universidade do Rio Grande do Sul<\/a><\/strong><\/p>\n<p><a href=\"https:\/\/wp.ufpel.edu.br\/acervosdocumentaisndh\/files\/2025\/09\/Atas-Congregacao-da-Faculdade-de-Direito-08.09.1965.pdf\" target=\"_blank\" rel=\"noopener\"><strong>1965. Atas da Congrega\u00e7\u00e3o da Faculdade de Direito.<\/strong><\/a><\/p>\n<p><strong><a href=\"https:\/\/wp.ufpel.edu.br\/acervosdocumentaisndh\/files\/2025\/09\/Atas-Conselho-Tecnico-Administrativo-da-Faculdade-de-Direito-11.09.1965.pdf\" target=\"_blank\" rel=\"noopener\">1965. Atas do Conselho T\u00e9cnico Administrativo da Faculdade de Direito.<\/a><\/strong><\/p>\n<p><a href=\"https:\/\/wp.ufpel.edu.br\/acervosdocumentaisndh\/files\/2025\/09\/Normas-da-UFPel.pdf\" target=\"_blank\" rel=\"noopener\"><strong>1969. Normas da UFPel<\/strong><\/a>, contendo o Decreto-Lei N\u00ba 750, de 8 de agosto de 1969, o Estatuto da Funda\u00e7\u00e3o, o Estatuto da Universidade, o Regimento Geral da UFPel e o Decreto N\u00ba 49.529, de 13 de dezembro de 1960 (cria a Universidade Rural do Sul &#8211; U.R.S.).<\/p>\n<p><a href=\"https:\/\/wp.ufpel.edu.br\/acervosdocumentaisndh\/files\/2025\/09\/Livro-de-Reunioes-do-Conselho-Departamental-.pdf\" target=\"_blank\" rel=\"noopener\"><strong>1976. Livro de reuni\u00f5es do Conselho Departamental,<\/strong><\/a> contendo resumo hist\u00f3rico da Faculdade de Direito, Regimento do Departamento de Direito Civil e Comercial e outros documentos variados.<\/p>\n<p><strong><a href=\"https:\/\/wp.ufpel.edu.br\/acervosdocumentaisndh\/files\/2025\/10\/1980.18.11.-Ata-Assembleia-geral-dos-professores-FD.pdf\" target=\"_blank\" rel=\"noopener\">1980. Assembleia Geral de Professores (18\/11\/1980)<\/a><\/strong>.<\/p>\n<p><a href=\"https:\/\/wp.ufpel.edu.br\/acervosdocumentaisndh\/files\/2025\/10\/1982.26.04.-Ata-n.-8-Colegio-Eleitoral.pdf\" target=\"_blank\" rel=\"noopener\"><strong>1982. Ata n. 8 Col\u00e9gio Eleitoral.<\/strong><\/a><\/p>\n","protected":false},"excerpt":{"rendered":"<p>Documentos aqui disponibilizados est\u00e3o postados por ordem de cria\u00e7\u00e3o. &nbsp; 1914. Atas da Congrega\u00e7\u00e3o da Faculdade de Direito. 1931. Livro de Inspe\u00e7\u00e3o (07\/12\/1931). 1936. \u00c1lbum de formatura de graduados em Direito. 1951 e 1952. Diplomas de formados. D\u00e9cada de 1960. Diplomas de formados. D\u00e9cada de 1960. Atas do Conselho Universit\u00e1rio da Universidade do Rio Grande [&hellip;]<\/p>\n","protected":false},"author":1007,"featured_media":0,"parent":0,"menu_order":0,"comment_status":"closed","ping_status":"closed","template":"","meta":{"footnotes":""},"class_list":["post-1567","page","type-page","status-publish","hentry"],"_links":{"self":[{"href":"https:\/\/wp.ufpel.edu.br\/acervosdocumentaisndh\/wp-json\/wp\/v2\/pages\/1567","targetHints":{"allow":["GET"]}}],"collection":[{"href":"https:\/\/wp.ufpel.edu.br\/acervosdocumentaisndh\/wp-json\/wp\/v2\/pages"}],"about":[{"href":"https:\/\/wp.ufpel.edu.br\/acervosdocumentaisndh\/wp-json\/wp\/v2\/types\/page"}],"author":[{"embeddable":true,"href":"https:\/\/wp.ufpel.edu.br\/acervosdocumentaisndh\/wp-json\/wp\/v2\/users\/1007"}],"replies":[{"embeddable":true,"href":"https:\/\/wp.ufpel.edu.br\/acervosdocumentaisndh\/wp-json\/wp\/v2\/comments?post=1567"}],"version-history":[{"count":4,"href":"https:\/\/wp.ufpel.edu.br\/acervosdocumentaisndh\/wp-json\/wp\/v2\/pages\/1567\/revisions"}],"predecessor-version":[{"id":1905,"href":"https:\/\/wp.ufpel.edu.br\/acervosdocumentaisndh\/wp-json\/wp\/v2\/pages\/1567\/revisions\/1905"}],"wp:attachment":[{"href":"https:\/\/wp.ufpel.edu.br\/acervosdocumentaisndh\/wp-json\/wp\/v2\/media?parent=1567"}],"curies":[{"name":"wp","href":"https:\/\/api.w.org\/{rel}","templated":true}]}}