{"id":1143,"date":"2025-06-05T14:44:11","date_gmt":"2025-06-05T17:44:11","guid":{"rendered":"https:\/\/wp.ufpel.edu.br\/acervosdocumentaisndh\/?page_id=1143"},"modified":"2025-10-01T15:23:58","modified_gmt":"2025-10-01T18:23:58","slug":"faculdade-de-ciencias-domesticas","status":"publish","type":"page","link":"https:\/\/wp.ufpel.edu.br\/acervosdocumentaisndh\/faculdade-de-ciencias-domesticas\/","title":{"rendered":"Faculdade de Ci\u00eancias Dom\u00e9sticas"},"content":{"rendered":"<p><img decoding=\"async\" src=\"https:\/\/i0.wp.com\/wp.ufpel.edu.br\/agrometeorologia\/files\/2014\/08\/cabecalho.jpg?fit=640%2C160&amp;ssl=1\" alt=\"AGROMETEOROLOGIA \u00bb Faculdade de Agronomia Eliseu Maciel\/UFPel\" \/><\/p>\n<p style=\"text-align: justify;\">A Faculdade de Ci\u00eancias Dom\u00e9sticas da UFPel surge no contexto pelotense nos anos nos anos de 1940, vinculada \u00e0 Faculdade de Agronomia Eliseu Maciel, com o objetivo de \u00a0preparar mulheres, sobretudo do meio rural, para melhorar gerenciar recursos naturais e humanos neste meio espec\u00edfico.<\/p>\n<p style=\"text-align: justify;\"><span data-huuid=\"3986418248200142022\">Na UFPel, foi uma das unidades criadoras da Universidade, juntamente com a pr\u00f3pria FAEM, a Odontologia, o Direito, o CAVG, o ISP, a Medicina (agregada) e outros \u00f3rg\u00e3os j\u00e1 existentes no munic\u00edpio.<\/span><\/p>\n<p style=\"text-align: justify;\"><span data-huuid=\"3986418248200142137\">A institui\u00e7\u00e3o, que formava bachar\u00e9is e licenciados em Ci\u00eancias Dom\u00e9sticas, tinha como foco a fam\u00edlia, principalmente a de baixa renda, e suas mem\u00f3rias fazem parte das ra\u00edzes da UFPel. Teve suas atividades encerradas no ano de 1997.<\/span><\/p>\n<p style=\"text-align: justify;\">O acervo da faculdade encontra-se, atualmente, dividido entre o NDH e o <strong><a href=\"https:\/\/wp.ufpel.edu.br\/ndh\/files\/2025\/06\/ciencias-domesticas.pdf\" target=\"_blank\" rel=\"noopener\">Projeto Fototeca Mem\u00f3ria UFPel<\/a><\/strong>.<\/p>\n<p><a href=\"https:\/\/wp.ufpel.edu.br\/acervosdocumentaisndh\/files\/2025\/10\/1964.12.-Universidade-Rural-do-Sul-Curso-de-Ciencias-domesticas-Curriculo.pdf\" target=\"_blank\" rel=\"noopener\"><strong>1964. Curr\u00edculo do Curso Superior de Ci\u00eancias Dom\u00e9sticas.<\/strong><\/a><\/p>\n<p><strong><a href=\"https:\/\/wp.ufpel.edu.br\/acervosdocumentaisndh\/files\/2025\/06\/Memorial-sobre-criacao-da-Universidade-Federal-de-Pelotas-fcd.pdf\" target=\"_blank\" rel=\"noopener\">1967. Memorial sobre a Universidade de Pelotas &#8211; exposi\u00e7\u00e3o de motivos da Faculdade de Ci\u00eancias Dom\u00e9sticas para transforma\u00e7\u00e3o da Universidade Rural do Sul em Universidade Federal de Pelotas.<\/a><\/strong><\/p>\n<p><a href=\"https:\/\/wp.ufpel.edu.br\/acervosdocumentaisndh\/files\/2025\/10\/1969.07.-Mem.Circ_.-56-Reforma-Universitaria.pdf\" target=\"_blank\" rel=\"noopener\"><strong>1969. Memorando-Circular n. 56. Distribui\u00e7\u00e3o de disciplinas resultantes da Reforma da Universidade Brasileira.<\/strong><\/a><\/p>\n<p><a href=\"https:\/\/wp.ufpel.edu.br\/acervosdocumentaisndh\/files\/2025\/10\/S.d.-Projeto-de-Lei-reorganiza-a-Universidade-Federal-Rural-do-RS.pdf\" target=\"_blank\" rel=\"noopener\"><strong>1969. Projeto de Decreto. Reorganiza a Universidade Federal Rural do Rio Grande do Sul, com sua transforma\u00e7\u00e3o em Universidade Federal de Pelotas.<\/strong><\/a><\/p>\n<p><a href=\"https:\/\/wp.ufpel.edu.br\/acervosdocumentaisndh\/files\/2025\/10\/1982.04.-Boletim-Interno-Gab.-Reitor-n.-3.pdf\" target=\"_blank\" rel=\"noopener\"><strong>1982. Boletim interno do Gabinete do Reitor n. 3. Segunda quinzena de abril.<\/strong><\/a><\/p>\n<p><a href=\"https:\/\/wp.ufpel.edu.br\/acervosdocumentaisndh\/files\/2025\/10\/1982.08.-Boletim-Interno-Gab.-Reitor-n.-11.pdf\" target=\"_blank\" rel=\"noopener\"><strong>1982. Boletim interno do Gabinete do Reitor n. 11. Segunda quinzena de agosto.<\/strong><\/a><\/p>\n","protected":false},"excerpt":{"rendered":"<p>A Faculdade de Ci\u00eancias Dom\u00e9sticas da UFPel surge no contexto pelotense nos anos nos anos de 1940, vinculada \u00e0 Faculdade de Agronomia Eliseu Maciel, com o objetivo de \u00a0preparar mulheres, sobretudo do meio rural, para melhorar gerenciar recursos naturais e humanos neste meio espec\u00edfico. Na UFPel, foi uma das unidades criadoras da Universidade, juntamente com [&hellip;]<\/p>\n","protected":false},"author":1007,"featured_media":0,"parent":0,"menu_order":0,"comment_status":"closed","ping_status":"closed","template":"","meta":{"footnotes":""},"class_list":["post-1143","page","type-page","status-publish","hentry"],"_links":{"self":[{"href":"https:\/\/wp.ufpel.edu.br\/acervosdocumentaisndh\/wp-json\/wp\/v2\/pages\/1143","targetHints":{"allow":["GET"]}}],"collection":[{"href":"https:\/\/wp.ufpel.edu.br\/acervosdocumentaisndh\/wp-json\/wp\/v2\/pages"}],"about":[{"href":"https:\/\/wp.ufpel.edu.br\/acervosdocumentaisndh\/wp-json\/wp\/v2\/types\/page"}],"author":[{"embeddable":true,"href":"https:\/\/wp.ufpel.edu.br\/acervosdocumentaisndh\/wp-json\/wp\/v2\/users\/1007"}],"replies":[{"embeddable":true,"href":"https:\/\/wp.ufpel.edu.br\/acervosdocumentaisndh\/wp-json\/wp\/v2\/comments?post=1143"}],"version-history":[{"count":3,"href":"https:\/\/wp.ufpel.edu.br\/acervosdocumentaisndh\/wp-json\/wp\/v2\/pages\/1143\/revisions"}],"predecessor-version":[{"id":1885,"href":"https:\/\/wp.ufpel.edu.br\/acervosdocumentaisndh\/wp-json\/wp\/v2\/pages\/1143\/revisions\/1885"}],"wp:attachment":[{"href":"https:\/\/wp.ufpel.edu.br\/acervosdocumentaisndh\/wp-json\/wp\/v2\/media?parent=1143"}],"curies":[{"name":"wp","href":"https:\/\/api.w.org\/{rel}","templated":true}]}}