{"id":1025,"date":"2025-04-15T16:32:23","date_gmt":"2025-04-15T19:32:23","guid":{"rendered":"https:\/\/wp.ufpel.edu.br\/acervosdocumentaisndh\/?page_id=1025"},"modified":"2025-04-16T14:06:37","modified_gmt":"2025-04-16T17:06:37","slug":"historia-dos-trabalhadores-radiocom-pelotas","status":"publish","type":"page","link":"https:\/\/wp.ufpel.edu.br\/acervosdocumentaisndh\/historia-dos-trabalhadores-radiocom-pelotas\/","title":{"rendered":"Hist\u00f3ria dos Trabalhadores &#8211; RadioCom Pelotas"},"content":{"rendered":"<p>Entrevistas realizadas pelo sindicalista Lair de Mattos (sindicato da Alimenta\u00e7\u00e3o de Pelotas) com trabalhadores da cidade e transmitidas pela <a href=\"https:\/\/www.radiocom.org.br\/\" target=\"_blank\" rel=\"noopener\"><strong>RadioCom Pelotas<\/strong><\/a>, no programa Hist\u00f3ria dos Trabalhadores, parceria entre a R\u00e1dio e o <a href=\"https:\/\/www.instagram.com\/explore\/locations\/1027734374\/sindicato-da-alimentacao-de-pelotas\/\" target=\"_blank\" rel=\"noopener\"><strong>Sindicato da Alimenta\u00e7\u00e3o de Pelotas<\/strong><\/a>.<\/p>\n<p style=\"text-align: justify;\"><strong>Leci Quevedo<\/strong>, popularmente conhecido como Seu Quevedo, migrou muito cedo junto com sua fam\u00edlia do interior de Cangu\u00e7u para tentar a vida em Pelotas. A hist\u00f3ria de muitos trabalhadores e trabalhadoras rurais que, na dificuldade de cultivar e ter sua pr\u00f3pria terra, mudavam para cidade em busca de uma condi\u00e7\u00e3o de vida um pouco menos sofrida em rela\u00e7\u00e3o ao cen\u00e1rio que os despossu\u00eddos de terra encontravam no interior do estado.<br \/>\n<iframe loading=\"lazy\" title=\"YouTube video player\" src=\"https:\/\/www.youtube.com\/embed\/Cf6ew7PwY-E?si=rhUJSJZKt8_ssbaw\" width=\"560\" height=\"315\" frameborder=\"0\" allowfullscreen=\"allowfullscreen\"><\/iframe><\/p>\n<p style=\"text-align: justify;\"><strong>Edgar Pretto<\/strong>, \u00e9 formado em Gest\u00e3o P\u00fablica, come\u00e7ou a trabalhar na pequena propriedade rural da fam\u00edlia e depois seguiu os passos do seu pai, Ad\u00e3o Pretto, na pol\u00edtica. Foi deputado estadual pelo Rio Grande do Sul desde 2011, filiado ao Partido dos Trabalhadores. Em 2017 foi presidente da Assembleia Legislativa do Estado do Rio Grande do Sul. Atualmente \u00e9 presidente da Companhia Nacional de Abastecimento (CONAB)<br \/>\n<iframe loading=\"lazy\" title=\"YouTube video player\" src=\"https:\/\/www.youtube.com\/embed\/eOAp6vODxPs?si=w2XL0lKsO7QElJL0\" width=\"560\" height=\"315\" frameborder=\"0\" allowfullscreen=\"allowfullscreen\"><\/iframe><\/p>\n<p style=\"text-align: justify;\"><strong>Jorge Reinaldo Barreto<\/strong>, militante e diretor do Sindicato dos Metal\u00fargicos. Jorge, como tantos trabalhadores de Pelotas no passado, tamb\u00e9m veio de uma cidade vizinha em busca de emprego e melhores condi\u00e7\u00f5es de vida. Desde cedo trabalhando na zona rural com seu pai, e mais tarde, trabalhador do setor metal\u00fargico da cidade, ele nos conta um pouco da sua trajet\u00f3ria pessoal e tamb\u00e9m de sua vida como lutador social.<br \/>\n<iframe loading=\"lazy\" title=\"YouTube video player\" src=\"https:\/\/www.youtube.com\/embed\/SO2YQnrwAUk?si=WJ2PGWRX3oN-EAuq\" width=\"560\" height=\"315\" frameborder=\"0\" allowfullscreen=\"allowfullscreen\"><\/iframe><\/p>\n<p style=\"text-align: justify;\"><strong>Jorge Luiz Silveira da Luz<\/strong>, dirigente do Sindicato da Alimenta\u00e7\u00e3o e trabalhador da Arrozeira Nelson Wendt. Jorginho, natural de Pelotas, cresceu no bairro do Porto, \u00e0s margens do S\u00e3o Gon\u00e7alo, e testemunhou toda a transforma\u00e7\u00e3o pela qual o bairro passou; de setor industrial e pujante da cidade, at\u00e9 o descaso dos dias atuais. F\u00e3 e figura viva do futebol amador da nossa regi\u00e3o, ele nos conta um pouco da sua vida como trabalhador e como desportista tamb\u00e9m.<br \/>\n<iframe loading=\"lazy\" title=\"YouTube video player\" src=\"https:\/\/www.youtube.com\/embed\/z9kUJH1p9ak?si=gn2jr8Itspc1z_LK\" width=\"560\" height=\"315\" frameborder=\"0\" allowfullscreen=\"allowfullscreen\"><\/iframe><\/p>\n<p style=\"text-align: justify;\"><strong>Rodemar de \u00c1vila Fagundes<\/strong>, ex-militar que serviu durante a ditadura e ajudou grupos e militantes de esquerda. Rodemar nasceu em Piratini, interior do RS, e serviu no ex\u00e9rcito exatamente no pior per\u00edodo das liberdades democr\u00e1ticas pelo qual nosso pa\u00eds j\u00e1 passou. Sempre interessado em pol\u00edtica, queria entender al\u00e9m do que a realidade e a m\u00eddia simplesmente mostravam, e assim, desenvolveu sua consci\u00eancia social que o fez lutar a favor da liberdade e igualdade mesmo em um cen\u00e1rio t\u00e3o adverso. Rodemar nos conta como foi servir nesta \u00e9poca e sua milit\u00e2ncia na clandestinidade.<br \/>\n<iframe loading=\"lazy\" title=\"YouTube video player\" src=\"https:\/\/www.youtube.com\/embed\/YHILwCywK7g?si=ecN5gu-iLiwRhB6C\" width=\"560\" height=\"315\" frameborder=\"0\" allowfullscreen=\"allowfullscreen\"><\/iframe><\/p>\n<p style=\"text-align: justify;\"><strong>Maria de Lourdes Ferreira Viegas, <\/strong>ex-trabalhadora do Marfrig e trabalhadora da ind\u00fastria da Alimenta\u00e7\u00e3o. Mariazinha, como popularmente \u00e9 conhecida, nasceu no Bairro Areal, em Pelotas, mas residiu a maior parte da sua vida no munic\u00edpio vizinho do Cap\u00e3o do Le\u00e3o, polo da ind\u00fastria de carnes da metade sul por um bom per\u00edodo de tempo. E \u00e9 neste cen\u00e1rio que ela nos conta um pouco da sua vida pessoal e de sua trajet\u00f3ria como trabalhadora do setor dos frigor\u00edficos.<br \/>\n<iframe loading=\"lazy\" style=\"border: none; overflow: hidden;\" src=\"https:\/\/www.facebook.com\/plugins\/video.php?height=314&amp;href=https%3A%2F%2Fwww.facebook.com%2Fradiocompelotas%2Fvideos%2F510042963559874%2F&amp;show_text=false&amp;width=560&amp;t=0\" width=\"560\" height=\"314\" frameborder=\"0\" scrolling=\"no\" allowfullscreen=\"allowfullscreen\"><\/iframe><\/p>\n<p style=\"text-align: justify;\"><strong>Daltro Sodr\u00e9<\/strong>, por muitos anos diretor do Sindicato da Alimenta\u00e7\u00e3o e trabalhador do setor da panifica\u00e7\u00e3o. Daltro, como tantos outros de sua gera\u00e7\u00e3o, cresceu no interior do estado e migrou para Pelotas em busca de uma vida melhor junto com seus pais e irm\u00e3os. Desde pequeno trabalhando em granjas, se estabeleceu como trabalhador de padaria pouco depois de completar 18 anos e fez desta sua profiss\u00e3o maior. Na conversa de hoje ele nos fala sobre sua vida de trabalho, sindicalista e sua experi\u00eancia transformador com o MST (Movimento dos Trabalhadores Sem Terra).<br \/>\n<iframe loading=\"lazy\" title=\"YouTube video player\" src=\"https:\/\/www.youtube.com\/embed\/79fuZFeBu4o?si=dn8WfYBX5R12FkQU\" width=\"560\" height=\"315\" frameborder=\"0\" allowfullscreen=\"allowfullscreen\"><\/iframe><\/p>\n<p style=\"text-align: justify;\"><strong>Jaime Fonseca<\/strong>, membro do Conselho de Sa\u00fade de Pelotas e trabalhador aposentado do setor metal\u00fargico. Jaime, nascido no interior de Pelotas na Col\u00f4nia Cascata, desde crian\u00e7a teve no futebol uma paix\u00e3o e at\u00e9 mesmo um trabalho. Mais tarde, formado em eletrot\u00e9cnica pelo antigo CEFET (hoje IFSul), trabalhou muitos anos em Porto Alegre at\u00e9 voltar para Pelotas j\u00e1 depois da aposentadoria e ingressar no Conselho Municipal de Sa\u00fade. Do preconceito que sofreu como jogador negro no interior da cidade, \u00e0 milit\u00e2ncia no Conselho, Jaime conta um pouco da sua hist\u00f3ria pra gente.<br \/>\n<iframe loading=\"lazy\" title=\"YouTube video player\" src=\"https:\/\/www.youtube.com\/embed\/1viBqkCQ4gY?si=FgB7Oh8HUQgr7l3L\" width=\"560\" height=\"315\" frameborder=\"0\" allowfullscreen=\"allowfullscreen\"><\/iframe><\/p>\n<p style=\"text-align: justify;\"><strong>G\u00fcenther Riechel<\/strong>, pequeno agricultor e militante da agroecologia. G\u00fcenther, nascido na regi\u00e3o das Miss\u00f5es, veio muito cedo para Pelotas com sua fam\u00edlia. Sempre cultivando a terra e tirando dela seu sustento, tamb\u00e9m sempre compreendeu as injusti\u00e7as sociais presentes no campo, onde muitas vezes quem quer plantar n\u00e3o tem terra, e quem tem terra n\u00e3o quer plantar. E \u00e9 esta trajet\u00f3ria e esta vis\u00e3o da agricultura que ele nos conta no programa de hoje.<br \/>\n<iframe loading=\"lazy\" title=\"YouTube video player\" src=\"https:\/\/www.youtube.com\/embed\/ZqxgmhDTWc8?si=FFN1L7eySzhqcLJV\" width=\"560\" height=\"315\" frameborder=\"0\" allowfullscreen=\"allowfullscreen\"><\/iframe><\/p>\n<p style=\"text-align: justify;\"><strong>Eva Santos<\/strong>, Feminista e militante do Movimento Negro. Eva, nascida em Camaqu\u00e3, teve sua vida pol\u00edtica e de trabalhadora constru\u00edda na cidade de Pelotas. De professora da Escola Sul da CUT, a assistente social no estado de S\u00e3o Paulo, ela nos conta parte desta sua caminhada.<br \/>\n<iframe loading=\"lazy\" title=\"YouTube video player\" src=\"https:\/\/www.youtube.com\/embed\/xBBCDnBm6Rc?si=0wPVZC_RdiRuvgIG\" width=\"560\" height=\"315\" frameborder=\"0\" allowfullscreen=\"allowfullscreen\"><\/iframe><\/p>\n<p style=\"text-align: justify;\"><strong>Ana Paula Rosa Dias, <\/strong>Trabalhadora da Educa\u00e7\u00e3o e Militante do CPERS-RS. Ana, natural de Pelotas, crescida no bairro da Balsa, trabalhou desde crian\u00e7a para ajudar os pais em casa. Mas foi as 18 anos ap\u00f3s passar no concurso do estado para servidora educacional que sua hist\u00f3ria de luta e milit\u00e2ncia pela educa\u00e7\u00e3o come\u00e7ou. Da identifica\u00e7\u00e3o com os alunos pobres que muitas vezes iam pra escola sem ter nada para comer, \u00e0s greves mobilizadas junto ao Sindicato do CPERS, Ana nos conta parte de sua trajet\u00f3ria como sindicalista, mulher negra e lutadora social.<br \/>\n<iframe loading=\"lazy\" style=\"border: none; overflow: hidden;\" src=\"https:\/\/www.facebook.com\/plugins\/video.php?height=314&amp;href=https%3A%2F%2Fwww.facebook.com%2Fradiocompelotas%2Fvideos%2F158001016423979%2F&amp;show_text=false&amp;width=560&amp;t=0\" width=\"560\" height=\"314\" frameborder=\"0\" scrolling=\"no\" allowfullscreen=\"allowfullscreen\"><\/iframe><\/p>\n<p style=\"text-align: justify;\"><strong>Jos\u00e9 Carlos Coimbra (Mortoza), <\/strong>um dos idealizadores da R\u00e1dioCom e trabalhador da comunica\u00e7\u00e3o. Mortosa nasceu em Pelotas e foi criado no Fragata. Xavante fan\u00e1tico, sempre teve sua vida ligada ao r\u00e1dio e \u00e0 m\u00fasica. Ele nos conta um pouco de sua trajet\u00f3ria trabalhando nas discotecas e sua experi\u00eancia na cria\u00e7\u00e3o da R\u00e1dioCom.<br \/>\n<iframe loading=\"lazy\" style=\"border: none; overflow: hidden;\" src=\"https:\/\/www.facebook.com\/plugins\/video.php?height=314&amp;href=https%3A%2F%2Fwww.facebook.com%2Fradiocompelotas%2Fvideos%2F4128261303966907%2F&amp;show_text=false&amp;width=560&amp;t=0\" width=\"560\" height=\"314\" frameborder=\"0\" scrolling=\"no\" allowfullscreen=\"allowfullscreen\"><\/iframe><\/p>\n<p style=\"text-align: justify;\"><strong>Flor\u00eancio Silva, <\/strong>diretor do Sindicato dos Metal\u00fargicos, natural de Herval onde residiu muito tempo trabalhando na campanha e em tambos de leite, at\u00e9 vir se estabelecer no setor da metalurgia em Pelotas na d\u00e9cada de 80. Das linhas de trem entre Herval e Pelotas e da sua vida como trabalhador, ele nos conta parte de sua trajet\u00f3ria.<br \/>\n<iframe loading=\"lazy\" title=\"YouTube video player\" src=\"https:\/\/www.youtube.com\/embed\/ZiWUvkSWDq8?si=I1U08oPVClMtRobg\" width=\"560\" height=\"315\" frameborder=\"0\" allowfullscreen=\"allowfullscreen\"><\/iframe><\/p>\n<p style=\"text-align: justify;\"><strong>Maria Cec\u00edlia Moreira Hyp\u00f3lito. <\/strong>Professora aposentada da rede municipal de ensino de Pelotas, ex-dirigente do <strong><a href=\"https:\/\/simpelotas.com.br\/site\/\" target=\"_blank\" rel=\"noopener\">Sindicato dos Municip\u00e1rios de Pelotas<\/a><\/strong>, do qual foi sua primeira presidenta, ex-vereadora municipal em Pelotas, ex-deputada estadual do Rio Grande do Sul. Fundadora do PT em Pelotas, Cec\u00edlia destacou-se por suas atividades na \u00e1rea sindical. Tamb\u00e9m foi fundadora da CUT na regi\u00e3o sul do Estado.<br \/>\n<iframe loading=\"lazy\" title=\"YouTube video player\" src=\"https:\/\/www.youtube.com\/embed\/WdhFx4Pagvo?si=tI7d7nClshOwUWft\" width=\"560\" height=\"315\" frameborder=\"0\" allowfullscreen=\"allowfullscreen\"><\/iframe><\/p>\n<p style=\"text-align: justify;\"><strong>Zelly Garcia<\/strong><br \/>\n<iframe loading=\"lazy\" title=\"YouTube video player\" src=\"https:\/\/www.youtube.com\/embed\/-JrYhw_Wvv0?si=4BY3_mhtvjcznT5Z\" width=\"560\" height=\"315\" frameborder=\"0\" allowfullscreen=\"allowfullscreen\"><\/iframe><\/p>\n<p><strong>G\u00e9rson Pintado<\/strong><br \/>\n<iframe loading=\"lazy\" title=\"YouTube video player\" src=\"https:\/\/www.youtube.com\/embed\/cZY4nkfLJHs?si=UbpwLuliL76QzpwM\" width=\"560\" height=\"315\" frameborder=\"0\" allowfullscreen=\"allowfullscreen\"><\/iframe><br \/>\n<strong>Vera Lopes<\/strong><br \/>\n<iframe loading=\"lazy\" title=\"YouTube video player\" src=\"https:\/\/www.youtube.com\/embed\/1cBEioJUYQ4?si=vp_YysPmgAL8Lj_U\" width=\"560\" height=\"315\" frameborder=\"0\" allowfullscreen=\"allowfullscreen\"><\/iframe><\/p>\n<p style=\"text-align: justify;\"><strong>Oleto Eslab\u00e3o<\/strong>, j\u00e1 foi agricultor, radialista, oper\u00e1rio de engenho, mas n\u00e3o importando a profiss\u00e3o, \u00e9 admirado e respeitado por onde passou. Nascido na Col\u00f4nia Reserva, do morro Redondo\/RS, veio pra Pelotas cedo tentar a vida nas empresas da cidade. Seu Oleto nos conta um pouco da sua trajet\u00f3ria de vida e seu amor pela m\u00fasica.<\/p>\n<p><iframe loading=\"lazy\" title=\"YouTube video player\" src=\"https:\/\/www.youtube.com\/embed\/2n2KVGAInlA?si=AVzTjk96UOwAG--P\" width=\"560\" height=\"315\" frameborder=\"0\" allowfullscreen=\"allowfullscreen\"><\/iframe><\/p>\n<p style=\"text-align: justify;\"><strong>Jorge Luiz Silveira da Luz<\/strong>, dirigente do Sindicato da Alimenta\u00e7\u00e3o e trabalhador da Arrozeira Nelson Wendt. Jorginho, natural de Pelotas, cresceu no bairro do Porto, \u00e0s margens do S\u00e3o Gon\u00e7alo, e testemunhou toda a transforma\u00e7\u00e3o pela qual o bairro passou; de setor industrial e pujante da cidade, at\u00e9 o descaso dos dias atuais. F\u00e3 e figura viva do futebol amador da nossa regi\u00e3o, ele nos conta um pouco da sua vida como trabalhador e como desportista tamb\u00e9m.<\/p>\n<p><iframe loading=\"lazy\" title=\"YouTube video player\" src=\"https:\/\/www.youtube.com\/embed\/z9kUJH1p9ak?si=uhZXUHS_ImLV2usv\" width=\"560\" height=\"315\" frameborder=\"0\" allowfullscreen=\"allowfullscreen\"><\/iframe><\/p>\n<p style=\"text-align: justify;\"><strong>Jos\u00e9 Luiz Moraes<\/strong>, mais conhecido como Z\u00e9 Luiz. Seu Z\u00e9 nasceu em Vacaria\/RS, a chamada porteira do Rio Grande, e desde pequeno nutria um amor especial pelo r\u00e1dio. Apaixonado por futebol, come\u00e7ou a trabalhar cedo na R\u00e1dio Difusora, e bem mais tarde, na d\u00e9cada de 80, o destino o trouxe at\u00e9 Pelotas, onde hoje ocupa o cargo de Coordenador Geral da R\u00e1dio Com Pelotas.<\/p>\n<p><iframe loading=\"lazy\" title=\"YouTube video player\" src=\"https:\/\/www.youtube.com\/embed\/AQLrO81icXw?si=9SEVf4Om-atih6h0\" width=\"560\" height=\"315\" frameborder=\"0\" allowfullscreen=\"allowfullscreen\"><\/iframe><br \/>\n<strong>Paulo Oppa Ribeiro<\/strong><br \/>\n<iframe loading=\"lazy\" title=\"YouTube video player\" src=\"https:\/\/www.youtube.com\/embed\/D2-3F-RWGMk?si=LihMekg0OlG9lu9F\" width=\"560\" height=\"315\" frameborder=\"0\" allowfullscreen=\"allowfullscreen\"><\/iframe><br \/>\n<strong>Jos\u00e9 Maria Moura<\/strong><br \/>\n<iframe loading=\"lazy\" title=\"YouTube video player\" src=\"https:\/\/www.youtube.com\/embed\/HlvYxA_aaNk?si=JMnEgMy6peHOTuXp\" width=\"560\" height=\"315\" frameborder=\"0\" allowfullscreen=\"allowfullscreen\"><\/iframe><\/p>\n<h6>As entrevistas aqui divulgadas s\u00e3o de responsabilidade de seus realizadores.<br \/>\nAs opini\u00f5es nelas contidas n\u00e3o necessariamente s\u00e3o compartilhadas pela equipe do N\u00facleo de Documenta\u00e7\u00e3o Hist\u00f3rica da UFPel.<\/h6>\n","protected":false},"excerpt":{"rendered":"<p>Entrevistas realizadas pelo sindicalista Lair de Mattos (sindicato da Alimenta\u00e7\u00e3o de Pelotas) com trabalhadores da cidade e transmitidas pela RadioCom Pelotas, no programa Hist\u00f3ria dos Trabalhadores, parceria entre a R\u00e1dio e o Sindicato da Alimenta\u00e7\u00e3o de Pelotas. Leci Quevedo, popularmente conhecido como Seu Quevedo, migrou muito cedo junto com sua fam\u00edlia do interior de Cangu\u00e7u [&hellip;]<\/p>\n","protected":false},"author":1007,"featured_media":0,"parent":0,"menu_order":0,"comment_status":"closed","ping_status":"closed","template":"","meta":{"footnotes":""},"class_list":["post-1025","page","type-page","status-publish","hentry"],"_links":{"self":[{"href":"https:\/\/wp.ufpel.edu.br\/acervosdocumentaisndh\/wp-json\/wp\/v2\/pages\/1025","targetHints":{"allow":["GET"]}}],"collection":[{"href":"https:\/\/wp.ufpel.edu.br\/acervosdocumentaisndh\/wp-json\/wp\/v2\/pages"}],"about":[{"href":"https:\/\/wp.ufpel.edu.br\/acervosdocumentaisndh\/wp-json\/wp\/v2\/types\/page"}],"author":[{"embeddable":true,"href":"https:\/\/wp.ufpel.edu.br\/acervosdocumentaisndh\/wp-json\/wp\/v2\/users\/1007"}],"replies":[{"embeddable":true,"href":"https:\/\/wp.ufpel.edu.br\/acervosdocumentaisndh\/wp-json\/wp\/v2\/comments?post=1025"}],"version-history":[{"count":51,"href":"https:\/\/wp.ufpel.edu.br\/acervosdocumentaisndh\/wp-json\/wp\/v2\/pages\/1025\/revisions"}],"predecessor-version":[{"id":1081,"href":"https:\/\/wp.ufpel.edu.br\/acervosdocumentaisndh\/wp-json\/wp\/v2\/pages\/1025\/revisions\/1081"}],"wp:attachment":[{"href":"https:\/\/wp.ufpel.edu.br\/acervosdocumentaisndh\/wp-json\/wp\/v2\/media?parent=1025"}],"curies":[{"name":"wp","href":"https:\/\/api.w.org\/{rel}","templated":true}]}}