{"id":1003,"date":"2025-03-10T10:49:50","date_gmt":"2025-03-10T13:49:50","guid":{"rendered":"https:\/\/wp.ufpel.edu.br\/acervosdocumentaisndh\/?page_id=1003"},"modified":"2025-10-03T17:09:28","modified_gmt":"2025-10-03T20:09:28","slug":"gazeta-pelotense","status":"publish","type":"page","link":"https:\/\/wp.ufpel.edu.br\/acervosdocumentaisndh\/gazeta-pelotense\/","title":{"rendered":"Gazeta Pelotense"},"content":{"rendered":"<p><em>[em constru\u00e7\u00e3o]<\/em><\/p>\n<p>Acesse abaixo os n\u00fameros j\u00e1 dispon\u00edveis para consulta e downloads!<\/p>\n<ul>\n<li><span style=\"font-size: 10pt;\"><a href=\"https:\/\/wp.ufpel.edu.br\/acervosdocumentaisndh\/files\/2025\/03\/Gazeta-Pelotense-0.pdf\" target=\"_blank\" rel=\"noopener\"><strong>N\u00famero &#8220;0&#8221;<\/strong><\/a> &#8211; 30 de agosto de 1976<\/span><\/li>\n<li><span style=\"font-size: 10pt;\"><a href=\"https:\/\/wp.ufpel.edu.br\/acervosdocumentaisndh\/files\/2025\/03\/Gazeta-Pelotense-1.pdf\" target=\"_blank\" rel=\"noopener\"><strong>N\u00famero 1<\/strong><\/a> &#8211; 25 de setembro de 1976<\/span><\/li>\n<li><span style=\"font-size: 10pt;\"><a href=\"https:\/\/wp.ufpel.edu.br\/acervosdocumentaisndh\/files\/2025\/03\/Gazeta-Pelotense-2.pdf\" target=\"_blank\" rel=\"noopener\"><strong>N\u00famero 2<\/strong><\/a> &#8211;\u00a026 de setembro de 1976<\/span><\/li>\n<li><span style=\"font-size: 10pt;\"><a href=\"https:\/\/wp.ufpel.edu.br\/acervosdocumentaisndh\/files\/2025\/03\/Gazeta-Pelotense-3.pdf\" target=\"_blank\" rel=\"noopener\"><strong>N\u00famero 3<\/strong><\/a> &#8211; 28 de setembro de 1976<\/span><\/li>\n<li><span style=\"font-size: 10pt;\"><strong><a href=\"https:\/\/wp.ufpel.edu.br\/acervosdocumentaisndh\/files\/2025\/07\/Gazeta-Pelotense-04.pdf\" target=\"_blank\" rel=\"noopener\">N\u00famero 4<\/a>\u00a0<\/strong>&#8211; 3 de outubro de 1976\u00a0<\/span><\/li>\n<li><span style=\"font-size: 10pt;\"><a href=\"https:\/\/wp.ufpel.edu.br\/acervosdocumentaisndh\/files\/2025\/10\/GAZETA-N.5.pdf\" target=\"_blank\" rel=\"noopener\"><strong>N\u00famero 5 <\/strong><\/a>&#8211; 4 de outubro de 1976<\/span><\/li>\n<li><span style=\"font-size: 10pt;\"><a href=\"https:\/\/wp.ufpel.edu.br\/acervosdocumentaisndh\/files\/2025\/10\/GAZETA-N.6.pdf\" target=\"_blank\" rel=\"noopener\"><strong>N\u00famero 6 <\/strong><\/a>&#8211; 5 de outubro de 1976<\/span><\/li>\n<li><span style=\"font-size: 10pt;\"><a href=\"https:\/\/wp.ufpel.edu.br\/acervosdocumentaisndh\/files\/2025\/10\/GAZETA-N.7.pdf\" target=\"_blank\" rel=\"noopener\"><strong>N\u00famero 7 <\/strong><\/a>&#8211; 6 de outubro de 1976<\/span><\/li>\n<li><span style=\"font-size: 10pt;\"><strong><a href=\"https:\/\/wp.ufpel.edu.br\/acervosdocumentaisndh\/files\/2025\/07\/Gazeta-Pelotense-08-incompleto.pdf\" target=\"_blank\" rel=\"noopener\">N\u00famero 8 <\/a><\/strong>&#8211; 7 de outubro de 1976<\/span><\/li>\n<li><span style=\"font-size: 10pt;\"><a href=\"https:\/\/wp.ufpel.edu.br\/acervosdocumentaisndh\/files\/2025\/10\/GAZETA-N.9.pdf\" target=\"_blank\" rel=\"noopener\"><strong>N\u00famero 9 <\/strong><\/a>&#8211; 9 de outubro de 1976<strong><br \/>\n<\/strong><\/span><\/li>\n<li><span style=\"font-size: 10pt;\"><a href=\"https:\/\/wp.ufpel.edu.br\/acervosdocumentaisndh\/files\/2025\/07\/Gazeta-Pelotense-10.pdf\" target=\"_blank\" rel=\"noopener\"><strong>N\u00famero 10 <\/strong><\/a>&#8211; 9 de outubro de 1976<strong><br \/>\n<\/strong><\/span><\/li>\n<li><span style=\"font-size: 10pt;\"><a href=\"https:\/\/wp.ufpel.edu.br\/acervosdocumentaisndh\/files\/2025\/07\/Gazeta-Pelotense-11.pdf\" target=\"_blank\" rel=\"noopener\"><strong>N\u00famero 11 <\/strong><\/a>&#8211; 10 de outubro de 1976<\/span><\/li>\n<li><span style=\"font-size: 10pt;\"><a href=\"https:\/\/wp.ufpel.edu.br\/acervosdocumentaisndh\/files\/2025\/04\/Gazeta-Pelotense-12.pdf\" target=\"_blank\" rel=\"noopener\"><strong>N\u00famero 12<\/strong><\/a> &#8211; 11 de outubro de 1976<\/span><\/li>\n<li><span style=\"font-size: 10pt;\"><a href=\"https:\/\/wp.ufpel.edu.br\/acervosdocumentaisndh\/files\/2025\/10\/GAZETA-N.13.pdf\" target=\"_blank\" rel=\"noopener\"><strong>N\u00famero 13 <\/strong><\/a>&#8211; 13 de outubro de 1976<\/span><\/li>\n<li><span style=\"font-size: 10pt;\"><a href=\"https:\/\/wp.ufpel.edu.br\/acervosdocumentaisndh\/files\/2025\/07\/Gazeta-Pelotense-14.pdf\" target=\"_blank\" rel=\"noopener\"><strong>N\u00famero 14 <\/strong><\/a>&#8211; 13 de outubro de 1976<\/span><\/li>\n<li><span style=\"font-size: 10pt;\"><a href=\"https:\/\/wp.ufpel.edu.br\/acervosdocumentaisndh\/files\/2025\/07\/Gazeta-Pelotense-15.pdf\" target=\"_blank\" rel=\"noopener\"><strong>N\u00famero 15 <\/strong><\/a>&#8211; 14 de outubro de 1976\u00a0<\/span><\/li>\n<li><span style=\"font-size: 10pt;\"><a href=\"https:\/\/wp.ufpel.edu.br\/acervosdocumentaisndh\/files\/2025\/10\/GAZETA-N.16.pdf\" target=\"_blank\" rel=\"noopener\"><strong>N\u00famero 16 <\/strong><\/a>&#8211; 15 de outubro de 1976<\/span><\/li>\n<li><span style=\"font-size: 10pt;\"><a href=\"https:\/\/wp.ufpel.edu.br\/acervosdocumentaisndh\/files\/2025\/10\/GAZETA-N.17.pdf\" target=\"_blank\" rel=\"noopener\"><strong>N\u00famero 17 <\/strong><\/a>&#8211; 16 de outubro de 1976<\/span><\/li>\n<li><span style=\"font-size: 10pt;\"><a href=\"https:\/\/wp.ufpel.edu.br\/acervosdocumentaisndh\/files\/2025\/04\/Gazeta-Pelotense-18.pdf\" target=\"_blank\" rel=\"noopener\"><strong>N\u00famero 18<\/strong><\/a> &#8211; 17 de outubro de 1976<\/span><\/li>\n<li><span style=\"font-size: 10pt;\"><a href=\"https:\/\/wp.ufpel.edu.br\/acervosdocumentaisndh\/files\/2025\/10\/GAZETA-N.19.pdf\" target=\"_blank\" rel=\"noopener\"><strong>N\u00famero 19 <\/strong><\/a>&#8211; 18 de outubro de 1976<\/span><\/li>\n<li><span style=\"font-size: 10pt;\"><a href=\"https:\/\/wp.ufpel.edu.br\/acervosdocumentaisndh\/files\/2025\/04\/Gazeta-Pelotense-20.pdf\" target=\"_blank\" rel=\"noopener\"><strong>N\u00famero 20<\/strong><\/a> &#8211; 19 de outubro de 1976<\/span><\/li>\n<li><span style=\"font-size: 10pt;\"><a href=\"https:\/\/wp.ufpel.edu.br\/acervosdocumentaisndh\/files\/2025\/07\/Gazeta-Pelotense-21.pdf\" target=\"_blank\" rel=\"noopener\"><strong>N\u00famero 21 <\/strong><\/a>&#8211; 20 de outubro de 1976<\/span><\/li>\n<li><span style=\"font-size: 10pt;\"><a href=\"https:\/\/wp.ufpel.edu.br\/acervosdocumentaisndh\/files\/2025\/10\/GAZETA-N.22.pdf\" target=\"_blank\" rel=\"noopener\"><strong>N\u00famero 22 <\/strong><\/a>&#8211; 21 de outubro de 1976<\/span><\/li>\n<li><span style=\"font-size: 10pt;\"><a href=\"https:\/\/wp.ufpel.edu.br\/acervosdocumentaisndh\/files\/2025\/10\/GAZETA-22-OUT-1976-n23.pdf\" target=\"_blank\" rel=\"noopener\"><strong>N\u00famero 23 <\/strong><\/a>&#8211; 22 de outubro de 1976<\/span><\/li>\n<li><span style=\"font-size: 10pt;\"><a href=\"https:\/\/wp.ufpel.edu.br\/acervosdocumentaisndh\/files\/2025\/10\/GAZETA-23-OUT-1976-n24.pdf\" target=\"_blank\" rel=\"noopener\"><strong>N\u00famero 24 <\/strong><\/a>&#8211; 23 de outubro de 1976<\/span><\/li>\n<li><span style=\"font-size: 10pt;\"><a href=\"https:\/\/wp.ufpel.edu.br\/acervosdocumentaisndh\/files\/2025\/04\/Gazeta-Pelotense-25.pdf\" target=\"_blank\" rel=\"noopener\"><strong>N\u00famero 25 <\/strong><\/a>&#8211; 24 de outubro de 1976<\/span><\/li>\n<li><span style=\"font-size: 10pt;\"><a href=\"https:\/\/wp.ufpel.edu.br\/acervosdocumentaisndh\/files\/2025\/04\/Gazeta-Pelotense-26.pdf\" target=\"_blank\" rel=\"noopener\"><strong>N\u00famero 26<\/strong><\/a> &#8211; 25 de outubro de 1976<\/span><\/li>\n<li><span style=\"font-size: 10pt;\"><a href=\"https:\/\/wp.ufpel.edu.br\/acervosdocumentaisndh\/files\/2025\/04\/Gazeta-Pelotense-27.pdf\" target=\"_blank\" rel=\"noopener\"><strong>N\u00famero 27<\/strong><\/a> &#8211; 26 de outubro de 1976<\/span><\/li>\n<li><span style=\"font-size: 10pt;\"><strong>N\u00famero 28 <\/strong><\/span><\/li>\n<li><span style=\"font-size: 10pt;\"><strong>N\u00famero 29 <\/strong><\/span><\/li>\n<li><span style=\"font-size: 10pt;\"><strong>N\u00famero 30 <\/strong><\/span><\/li>\n<li><span style=\"font-size: 10pt;\"><strong>N\u00famero 31 <\/strong><\/span><\/li>\n<li><span style=\"font-size: 10pt;\"><strong>N\u00famero 32 <\/strong><\/span><\/li>\n<li><span style=\"font-size: 10pt;\"><strong>N\u00famero 33<\/strong><\/span><\/li>\n<li><span style=\"font-size: 10pt;\"><a href=\"https:\/\/wp.ufpel.edu.br\/acervosdocumentaisndh\/files\/2025\/04\/Gazeta-Pelotense-34.pdf\" target=\"_blank\" rel=\"noopener\"><strong>N\u00famero 34<\/strong><\/a> &#8211; 2 de novembro de 1976<\/span><\/li>\n<li><span style=\"font-size: 10pt;\"><a href=\"https:\/\/wp.ufpel.edu.br\/acervosdocumentaisndh\/files\/2025\/04\/Gazeta-Pelotense-35.pdf\" target=\"_blank\" rel=\"noopener\"><strong>N\u00famero 35<\/strong><\/a> &#8211; 4 de novembro de 1976<\/span><\/li>\n<li><span style=\"font-size: 10pt;\"><a href=\"https:\/\/wp.ufpel.edu.br\/acervosdocumentaisndh\/files\/2025\/04\/Gazeta-Pelotense-36.pdf\" target=\"_blank\" rel=\"noopener\"><strong>N\u00famero 36<\/strong><\/a> &#8211; 5 de novembro de 1976<\/span><\/li>\n<li><span style=\"font-size: 10pt;\"><a href=\"https:\/\/wp.ufpel.edu.br\/acervosdocumentaisndh\/files\/2025\/04\/Gazeta-Pelotense-37.pdf\" target=\"_blank\" rel=\"noopener\"><strong>N\u00famero 37<\/strong><\/a> &#8211; 6 de novembro de 1976<\/span><\/li>\n<li><span style=\"font-size: 10pt;\"><a href=\"https:\/\/wp.ufpel.edu.br\/acervosdocumentaisndh\/files\/2025\/04\/Gazeta-Pelotense-38.pdf\" target=\"_blank\" rel=\"noopener\"><strong>N\u00famero 38<\/strong><\/a> &#8211; 7 de novembro de 1976<\/span><\/li>\n<li><span style=\"font-size: 10pt;\"><a href=\"https:\/\/wp.ufpel.edu.br\/acervosdocumentaisndh\/files\/2025\/04\/Gazeta-Pelotense-39.pdf\" target=\"_blank\" rel=\"noopener\"><strong>N\u00famero 39<\/strong><\/a> &#8211; 8 de novembro de 1976<\/span><\/li>\n<li><span style=\"font-size: 10pt;\"><a href=\"https:\/\/wp.ufpel.edu.br\/acervosdocumentaisndh\/files\/2025\/04\/Gazeta-Pelotense-40.pdf\" target=\"_blank\" rel=\"noopener\"><strong>N\u00famero 40<\/strong><\/a> &#8211; 9 de novembro de 1976<\/span><\/li>\n<li><span style=\"font-size: 10pt;\"><a href=\"https:\/\/wp.ufpel.edu.br\/acervosdocumentaisndh\/files\/2025\/04\/Gazeta-Pelotense-41.pdf\" target=\"_blank\" rel=\"noopener\"><strong>N\u00famero 41<\/strong><\/a> &#8211; 10 de novembro de 1976<\/span><\/li>\n<li><span style=\"font-size: 10pt;\"><a href=\"https:\/\/wp.ufpel.edu.br\/ndh\/files\/2025\/05\/Gazeta-Pelotense-42.pdf\" target=\"_blank\" rel=\"noopener\"><strong>N\u00famero 42<\/strong><\/a> &#8211; 11 de novembro de 1976<\/span><\/li>\n<li><span style=\"font-size: 10pt;\"><a href=\"https:\/\/wp.ufpel.edu.br\/ndh\/files\/2025\/05\/Gazeta-Pelotense-43.pdf\" target=\"_blank\" rel=\"noopener\"><strong>N\u00famero 43<\/strong><\/a> &#8211; 12 de novembro de 1976<\/span><\/li>\n<li><span style=\"font-size: 10pt;\"><a href=\"https:\/\/wp.ufpel.edu.br\/ndh\/files\/2025\/05\/Gazeta-Pelotense-44.pdf\" target=\"_blank\" rel=\"noopener\"><strong>N\u00famero 44<\/strong><\/a> &#8211; 13 de novembro de 1976<\/span><\/li>\n<li><span style=\"font-size: 10pt;\"><a href=\"https:\/\/wp.ufpel.edu.br\/ndh\/files\/2025\/05\/Gazeta-Pelotense-45.pdf\" target=\"_blank\" rel=\"noopener\"><strong>N\u00famero 45<\/strong><\/a> &#8211; 14 de novembro de 1976<\/span><\/li>\n<li><span style=\"font-size: 10pt;\"><strong>N\u00famero 46<\/strong><\/span><\/li>\n<li><span style=\"font-size: 10pt;\"><a href=\"https:\/\/wp.ufpel.edu.br\/ndh\/files\/2025\/05\/Gazeta-Pelotense-47.pdf\" target=\"_blank\" rel=\"noopener\"><strong>N\u00famero 47<\/strong><\/a> &#8211; 17 de novembro de 1976<\/span><\/li>\n<li><span style=\"font-size: 10pt;\"><a href=\"https:\/\/wp.ufpel.edu.br\/ndh\/files\/2025\/05\/Gazeta-Pelotense-48.pdf\" target=\"_blank\" rel=\"noopener\"><strong>N\u00famero 48<\/strong><\/a> &#8211; 18 de novembro de 1976<\/span><\/li>\n<li><span style=\"font-size: 10pt;\"><a href=\"https:\/\/wp.ufpel.edu.br\/ndh\/files\/2025\/05\/Gazeta-Pelotense-49.pdf\" target=\"_blank\" rel=\"noopener\"><strong>N\u00famero 49<\/strong><\/a> &#8211; 19 de novembro de 1976<\/span><\/li>\n<li><span style=\"font-size: 10pt;\"><a href=\"https:\/\/wp.ufpel.edu.br\/acervosdocumentaisndh\/files\/2025\/04\/Gazeta-Pelotense-50.pdf\" target=\"_blank\" rel=\"noopener\"><strong>N\u00famero 50<\/strong><\/a> &#8211; 20 de novembro de 1976<\/span><\/li>\n<li><span style=\"font-size: 10pt;\"><a href=\"https:\/\/wp.ufpel.edu.br\/acervosdocumentaisndh\/files\/2025\/04\/Gazeta-Pelotense-51.pdf\" target=\"_blank\" rel=\"noopener\"><strong>N\u00famero 51<\/strong><\/a> &#8211; 21 de novembro de 1976<\/span><\/li>\n<li><span style=\"font-size: 10pt;\"><a href=\"https:\/\/wp.ufpel.edu.br\/acervosdocumentaisndh\/files\/2025\/04\/Gazeta-Pelotense-52.pdf\" target=\"_blank\" rel=\"noopener\"><strong>N\u00famero 52<\/strong><\/a> &#8211; 22 de novembro de 1976<\/span><\/li>\n<li><span style=\"font-size: 10pt;\"><a href=\"https:\/\/wp.ufpel.edu.br\/acervosdocumentaisndh\/files\/2025\/04\/Gazeta-Pelotense-53.pdf\" target=\"_blank\" rel=\"noopener\"><strong>N\u00famero 53<\/strong><\/a> &#8211; 23 de novembro de 1976<\/span><\/li>\n<li><span style=\"font-size: 10pt;\"><a href=\"https:\/\/wp.ufpel.edu.br\/acervosdocumentaisndh\/files\/2025\/04\/Gazeta-Pelotense-54.pdf\" target=\"_blank\" rel=\"noopener\"><strong>N\u00famero 54<\/strong><\/a> &#8211; 24 de novembro de 1976<\/span><\/li>\n<li><span style=\"font-size: 10pt;\"><a href=\"https:\/\/wp.ufpel.edu.br\/acervosdocumentaisndh\/files\/2025\/04\/Gazeta-Pelotense-55.pdf\" target=\"_blank\" rel=\"noopener\"><strong>N\u00famero 55<\/strong><\/a> &#8211; 25 de novembro de 1976<\/span><\/li>\n<li><span style=\"font-size: 10pt;\"><strong>N\u00famero 56 <\/strong><\/span><\/li>\n<li><span style=\"font-size: 10pt;\"><strong>N\u00famero 57<\/strong><\/span><\/li>\n<li><span style=\"font-size: 10pt;\"><a href=\"https:\/\/wp.ufpel.edu.br\/acervosdocumentaisndh\/files\/2025\/04\/Gazeta-Pelotense-58.pdf\" target=\"_blank\" rel=\"noopener\"><strong>N\u00famero 58<\/strong> <\/a>&#8211; 28 de novembro de 1976<\/span><\/li>\n<li><span style=\"font-size: 10pt;\"><a href=\"https:\/\/wp.ufpel.edu.br\/acervosdocumentaisndh\/files\/2025\/04\/Gazeta-Pelotense-59.pdf\" target=\"_blank\" rel=\"noopener\"><strong>N\u00famero 59<\/strong><\/a> &#8211; 29 de novembro de 1976<\/span><\/li>\n<li><span style=\"font-size: 10pt;\"><a href=\"https:\/\/wp.ufpel.edu.br\/acervosdocumentaisndh\/files\/2025\/04\/Gazeta-Pelotense-60.pdf\" target=\"_blank\" rel=\"noopener\"><strong>N\u00famero 60 <\/strong><\/a>&#8211; 30 de novembro de 1976<\/span><\/li>\n<li><span style=\"font-size: 10pt;\"><a href=\"https:\/\/wp.ufpel.edu.br\/acervosdocumentaisndh\/files\/2025\/04\/Gazeta-Pelotense-61.pdf\" target=\"_blank\" rel=\"noopener\"><strong>N\u00famero 61 <\/strong><\/a>&#8211; 1 de dezembro de 1976<\/span><\/li>\n<li><span style=\"font-size: 10pt;\"><a href=\"https:\/\/wp.ufpel.edu.br\/acervosdocumentaisndh\/files\/2025\/04\/Gazeta-Pelotense-62.pdf\" target=\"_blank\" rel=\"noopener\"><strong>N\u00famero 62 <\/strong><\/a>&#8211; 2 de dezembro de 1976<\/span><\/li>\n<li><span style=\"font-size: 10pt;\"><a href=\"https:\/\/wp.ufpel.edu.br\/acervosdocumentaisndh\/files\/2025\/04\/Gazeta-Pelotense-63.pdf\" target=\"_blank\" rel=\"noopener\"><strong>N\u00famero 63 <\/strong><\/a>&#8211; 3 de dezembro de 1976<\/span><\/li>\n<li><span style=\"font-size: 10pt;\"><a href=\"https:\/\/wp.ufpel.edu.br\/acervosdocumentaisndh\/files\/2025\/04\/Gazeta-Pelotense-64.pdf\" target=\"_blank\" rel=\"noopener\"><strong>N\u00famero 64 <\/strong><\/a>&#8211; 4 de dezembro de 1976<\/span><\/li>\n<li><span style=\"font-size: 10pt;\"><a href=\"https:\/\/wp.ufpel.edu.br\/acervosdocumentaisndh\/files\/2025\/04\/Gazeta-Pelotense-65.pdf\" target=\"_blank\" rel=\"noopener\"><strong>N\u00famero 65 <\/strong><\/a>&#8211; 5 de dezembro de 1976<\/span><\/li>\n<li><span style=\"font-size: 10pt;\"><a href=\"https:\/\/wp.ufpel.edu.br\/ndh\/files\/2025\/04\/Gazeta-Pelotense-66.pdf\" target=\"_blank\" rel=\"noopener\"><strong>N\u00famero 66 <\/strong><\/a>&#8211; 6 de dezembro de 1976<\/span><\/li>\n<li><span style=\"font-size: 10pt;\"><a href=\"https:\/\/wp.ufpel.edu.br\/ndh\/files\/2025\/04\/Gazeta-Pelotense-67.pdf\" target=\"_blank\" rel=\"noopener\"><strong>N\u00famero 67 <\/strong><\/a>&#8211; 7 de dezembro de 1976<\/span><\/li>\n<li><span style=\"font-size: 10pt;\"><a href=\"https:\/\/wp.ufpel.edu.br\/ndh\/files\/2025\/04\/Gazeta-Pelotense-68.pdf\" target=\"_blank\" rel=\"noopener\"><strong>N\u00famero 68 <\/strong><\/a>&#8211; 8 de dezembro de 1976<\/span><\/li>\n<li><span style=\"font-size: 10pt;\"><a href=\"https:\/\/wp.ufpel.edu.br\/ndh\/files\/2025\/04\/Gazeta-Pelotense-69.pdf\" target=\"_blank\" rel=\"noopener\"><strong>N\u00famero 69 <\/strong><\/a>&#8211; 9 de dezembro de 1976<\/span><\/li>\n<li><span style=\"font-size: 10pt;\"><a href=\"https:\/\/wp.ufpel.edu.br\/ndh\/files\/2025\/04\/Gazeta-Pelotense-70.pdf\" target=\"_blank\" rel=\"noopener\"><strong>N\u00famero 70 <\/strong><\/a>&#8211; 10 de dezembro de 1976<\/span><\/li>\n<li><span style=\"font-size: 10pt;\"><a href=\"https:\/\/wp.ufpel.edu.br\/ndh\/files\/2025\/04\/Gazeta-Pelotense-71.pdf\" target=\"_blank\" rel=\"noopener\"><strong>N\u00famero 71 <\/strong><\/a>&#8211; 11 de dezembro de 1976<\/span><\/li>\n<li><span style=\"font-size: 10pt;\"><strong>N\u00famero 72\u00a0<\/strong><\/span><\/li>\n<li><span style=\"font-size: 10pt;\"><a href=\"https:\/\/wp.ufpel.edu.br\/ndh\/files\/2025\/04\/Gazeta-Pelotense-73.pdf\" target=\"_blank\" rel=\"noopener\"><strong>N\u00famero 73 <\/strong><\/a>&#8211; 13 de dezembro de 1976<\/span><\/li>\n<li><span style=\"font-size: 10pt;\"><a href=\"https:\/\/wp.ufpel.edu.br\/ndh\/files\/2025\/04\/Gazeta-Pelotense-74.pdf\" target=\"_blank\" rel=\"noopener\"><strong>N\u00famero 74 <\/strong><\/a>&#8211; 14 de dezembro de 1976<\/span><\/li>\n<li><span style=\"font-size: 10pt;\"><a href=\"https:\/\/wp.ufpel.edu.br\/ndh\/files\/2025\/04\/Gazeta-Pelotense-75.pdf\" target=\"_blank\" rel=\"noopener\"><strong>N\u00famero 75 <\/strong><\/a>&#8211; 15 de dezembro de 1976<\/span><\/li>\n<li><span style=\"font-size: 10pt;\"><a href=\"https:\/\/wp.ufpel.edu.br\/ndh\/files\/2025\/04\/Gazeta-Pelotense-76.pdf\" target=\"_blank\" rel=\"noopener\"><strong>N\u00famero 76 <\/strong><\/a>&#8211; 16 de dezembro de 1976<\/span><\/li>\n<li><span style=\"font-size: 10pt;\"><a href=\"https:\/\/wp.ufpel.edu.br\/ndh\/files\/2025\/04\/Gazeta-Pelotense-77.pdf\" target=\"_blank\" rel=\"noopener\"><strong>N\u00famero 77 <\/strong><\/a>&#8211; 17 de dezembro de 1976<\/span><\/li>\n<li><span style=\"font-size: 10pt;\"><a href=\"https:\/\/wp.ufpel.edu.br\/ndh\/files\/2025\/04\/Gazeta-Pelotense-78.pdf\" target=\"_blank\" rel=\"noopener\"><strong>N\u00famero 78 <\/strong><\/a>&#8211; 18 de dezembro de 1976<\/span><\/li>\n<li><span style=\"font-size: 10pt;\"><a href=\"https:\/\/wp.ufpel.edu.br\/ndh\/files\/2025\/04\/Gazeta-Pelotense-79.pdf\" target=\"_blank\" rel=\"noopener\"><strong>N\u00famero 79 <\/strong><\/a>&#8211; 19 de dezembro de 1976<\/span><\/li>\n<li><span style=\"font-size: 10pt;\"><a href=\"https:\/\/wp.ufpel.edu.br\/ndh\/files\/2025\/04\/Gazeta-Pelotense-80.pdf\" target=\"_blank\" rel=\"noopener\"><strong>N\u00famero 80 <\/strong><\/a>&#8211; 20 de dezembro de 1976<\/span><\/li>\n<li><span style=\"font-size: 10pt;\"><a href=\"https:\/\/wp.ufpel.edu.br\/ndh\/files\/2025\/04\/Gazeta-Pelotense-81.pdf\" target=\"_blank\" rel=\"noopener\"><strong>N\u00famero 81 <\/strong><\/a>&#8211; 21 de dezembro de 1976<\/span><\/li>\n<li><span style=\"font-size: 10pt;\"><a href=\"https:\/\/wp.ufpel.edu.br\/ndh\/files\/2025\/04\/Gazeta-Pelotense-82.pdf\" target=\"_blank\" rel=\"noopener\"><strong>N\u00famero 82 <\/strong><\/a>&#8211; 22 de dezembro de 1976<\/span><\/li>\n<li><span style=\"font-size: 10pt;\"><a href=\"https:\/\/wp.ufpel.edu.br\/ndh\/files\/2025\/04\/Gazeta-Pelotense-83.pdf\" target=\"_blank\" rel=\"noopener\"><strong>N\u00famero 83 <\/strong><\/a>&#8211; 23 de dezembro de 1976<\/span><\/li>\n<li><span style=\"font-size: 10pt;\"><a href=\"https:\/\/wp.ufpel.edu.br\/ndh\/files\/2025\/04\/Gazeta-Pelotense-84.pdf\" target=\"_blank\" rel=\"noopener\"><strong>N\u00famero 84 <\/strong><\/a>&#8211; 24 de dezembro de 1976<\/span><\/li>\n<li><span style=\"font-size: 10pt;\"><a href=\"https:\/\/wp.ufpel.edu.br\/ndh\/files\/2025\/04\/Gazeta-Pelotense-85.pdf\" target=\"_blank\" rel=\"noopener\"><strong>N\u00famero 85 <\/strong><\/a>&#8211; 25 e 26 de dezembro de 1976<\/span><\/li>\n<li><span style=\"font-size: 10pt;\"><a href=\"https:\/\/wp.ufpel.edu.br\/ndh\/files\/2025\/05\/Gazeta-Pelotense-86.pdf\" target=\"_blank\" rel=\"noopener\"><strong>N\u00famero 86 <\/strong><\/a>&#8211; 28 de dezembro de 1976<\/span><\/li>\n<li><span style=\"font-size: 10pt;\"><a href=\"https:\/\/wp.ufpel.edu.br\/ndh\/files\/2025\/05\/Gazeta-Pelotense-87.pdf\" target=\"_blank\" rel=\"noopener\"><strong>N\u00famero 87<\/strong><\/a>&#8211; 29 de dezembro de 1976<\/span><\/li>\n<li><span style=\"font-size: 10pt;\"><a href=\"https:\/\/wp.ufpel.edu.br\/ndh\/files\/2025\/05\/Gazeta-Pelotense-88.pdf\" target=\"_blank\" rel=\"noopener\"><strong>N\u00famero 88 <\/strong><\/a>&#8211; 30 de dezembro de 1976<\/span><\/li>\n<li><span style=\"font-size: 10pt;\"><a href=\"https:\/\/wp.ufpel.edu.br\/ndh\/files\/2025\/05\/Gazeta-Pelotense-89.pdf\" target=\"_blank\" rel=\"noopener\"><strong>N\u00famero 89 <\/strong><\/a>&#8211; 31 de dezembro de 1976<\/span><\/li>\n<li><span style=\"font-size: 10pt;\"><a href=\"https:\/\/wp.ufpel.edu.br\/ndh\/files\/2025\/05\/Gazeta-Pelotense-90.pdf\" target=\"_blank\" rel=\"noopener\"><strong>N\u00famero 90 <\/strong><\/a>&#8211; 1\u00ba e 2 de janeiro de 1977<\/span><\/li>\n<\/ul>\n<h6 style=\"text-align: justify;\"><strong>* Opini\u00f5es, editoriais, artigos, not\u00edcias e imagens constantes dos n\u00fameros aqui disponibilizados s\u00e3o de responsabilidades de seus autores e, n\u00e3o necessariamente, expressam as ideias e pensamentos defendidos pela equipe do NDH;<\/strong><br \/>\n<strong>* O NDH autoriza o download e uso cient\u00edfico-acad\u00eamico-cultural do conte\u00fado por ele disponibilizado, resguardado o direito \u00e0 cr\u00e9dito da fonte de pesquisa (N\u00facleo de Documenta\u00e7\u00e3o Hist\u00f3rica da UFPel &#8211; Profa. Beatriz Loner).<\/strong><\/h6>\n","protected":false},"excerpt":{"rendered":"<p>[em constru\u00e7\u00e3o] Acesse abaixo os n\u00fameros j\u00e1 dispon\u00edveis para consulta e downloads! N\u00famero &#8220;0&#8221; &#8211; 30 de agosto de 1976 N\u00famero 1 &#8211; 25 de setembro de 1976 N\u00famero 2 &#8211;\u00a026 de setembro de 1976 N\u00famero 3 &#8211; 28 de setembro de 1976 N\u00famero 4\u00a0&#8211; 3 de outubro de 1976\u00a0 N\u00famero 5 &#8211; 4 de [&hellip;]<\/p>\n","protected":false},"author":1007,"featured_media":0,"parent":0,"menu_order":0,"comment_status":"closed","ping_status":"closed","template":"","meta":{"footnotes":""},"class_list":["post-1003","page","type-page","status-publish","hentry"],"_links":{"self":[{"href":"https:\/\/wp.ufpel.edu.br\/acervosdocumentaisndh\/wp-json\/wp\/v2\/pages\/1003","targetHints":{"allow":["GET"]}}],"collection":[{"href":"https:\/\/wp.ufpel.edu.br\/acervosdocumentaisndh\/wp-json\/wp\/v2\/pages"}],"about":[{"href":"https:\/\/wp.ufpel.edu.br\/acervosdocumentaisndh\/wp-json\/wp\/v2\/types\/page"}],"author":[{"embeddable":true,"href":"https:\/\/wp.ufpel.edu.br\/acervosdocumentaisndh\/wp-json\/wp\/v2\/users\/1007"}],"replies":[{"embeddable":true,"href":"https:\/\/wp.ufpel.edu.br\/acervosdocumentaisndh\/wp-json\/wp\/v2\/comments?post=1003"}],"version-history":[{"count":3,"href":"https:\/\/wp.ufpel.edu.br\/acervosdocumentaisndh\/wp-json\/wp\/v2\/pages\/1003\/revisions"}],"predecessor-version":[{"id":1917,"href":"https:\/\/wp.ufpel.edu.br\/acervosdocumentaisndh\/wp-json\/wp\/v2\/pages\/1003\/revisions\/1917"}],"wp:attachment":[{"href":"https:\/\/wp.ufpel.edu.br\/acervosdocumentaisndh\/wp-json\/wp\/v2\/media?parent=1003"}],"curies":[{"name":"wp","href":"https:\/\/api.w.org\/{rel}","templated":true}]}}