{"id":10,"date":"2020-05-18T18:45:01","date_gmt":"2020-05-18T21:45:01","guid":{"rendered":"https:\/\/wp.ufpel.edu.br\/acervosdocumentaisndh\/?page_id=10"},"modified":"2020-05-26T21:47:57","modified_gmt":"2020-05-27T00:47:57","slug":"equipe","status":"publish","type":"page","link":"https:\/\/wp.ufpel.edu.br\/acervosdocumentaisndh\/equipe\/","title":{"rendered":"Equipe"},"content":{"rendered":"<p>Prof. Dr. Aristeu Elisandro Machado Lopes<\/p>\n<p>Coordenador<\/p>\n<p>Prof. Dr. Jonas Moreira Vargas<\/p>\n<p>Prof. Dr. Mauro Dillmann Tavares<\/p>\n<p>Beth\u00e2nia Luisa Lessa Werner (graduanda Hist\u00f3ria\/UFPel &#8211; Bolsista Inicia\u00e7\u00e3o ao Ensino-PRE\/UFPel)<\/p>\n<p>Euler Fabres Zanetti (mestrando Hist\u00f3ria PPGH\/UFPel)<\/p>\n<p>Jana\u00edna Gon\u00e7alves Alves (graduanda Hist\u00f3ria\/UFPel &#8211; Bolsista de Inicia\u00e7\u00e3o Cient\u00edfica PBIP-A\u00e7\u00f5es Afirmativas\/UFPel)<\/p>\n<p>J\u00e9ssica Bitencourt Lopes (mestranda Hist\u00f3ria PPGH\/UFPel)<\/p>\n<p>Larissa Ceroni de Morais (graduanda Hist\u00f3ria\/UFPel &#8211; Bolsista de Inicia\u00e7\u00e3o Cient\u00edfica PIBIC\/CNPq\/UFPel)<\/p>\n<p>Nathalia Lima Estevam (graduanda Hist\u00f3ria\/UFPel &#8211; Bolsista PBA-Extens\u00e3o\/A\u00e7\u00f5es Afirmativas\/UFPel)<\/p>\n","protected":false},"excerpt":{"rendered":"<p>Prof. Dr. Aristeu Elisandro Machado Lopes Coordenador Prof. Dr. Jonas Moreira Vargas Prof. Dr. Mauro Dillmann Tavares Beth\u00e2nia Luisa Lessa Werner (graduanda Hist\u00f3ria\/UFPel &#8211; Bolsista Inicia\u00e7\u00e3o ao Ensino-PRE\/UFPel) Euler Fabres Zanetti (mestrando Hist\u00f3ria PPGH\/UFPel) Jana\u00edna Gon\u00e7alves Alves (graduanda Hist\u00f3ria\/UFPel &#8211; Bolsista de Inicia\u00e7\u00e3o Cient\u00edfica PBIP-A\u00e7\u00f5es Afirmativas\/UFPel) J\u00e9ssica Bitencourt Lopes (mestranda Hist\u00f3ria PPGH\/UFPel) Larissa Ceroni de [&hellip;]<\/p>\n","protected":false},"author":1007,"featured_media":0,"parent":0,"menu_order":0,"comment_status":"closed","ping_status":"closed","template":"","meta":{"footnotes":""},"class_list":["post-10","page","type-page","status-publish","hentry"],"_links":{"self":[{"href":"https:\/\/wp.ufpel.edu.br\/acervosdocumentaisndh\/wp-json\/wp\/v2\/pages\/10","targetHints":{"allow":["GET"]}}],"collection":[{"href":"https:\/\/wp.ufpel.edu.br\/acervosdocumentaisndh\/wp-json\/wp\/v2\/pages"}],"about":[{"href":"https:\/\/wp.ufpel.edu.br\/acervosdocumentaisndh\/wp-json\/wp\/v2\/types\/page"}],"author":[{"embeddable":true,"href":"https:\/\/wp.ufpel.edu.br\/acervosdocumentaisndh\/wp-json\/wp\/v2\/users\/1007"}],"replies":[{"embeddable":true,"href":"https:\/\/wp.ufpel.edu.br\/acervosdocumentaisndh\/wp-json\/wp\/v2\/comments?post=10"}],"version-history":[{"count":6,"href":"https:\/\/wp.ufpel.edu.br\/acervosdocumentaisndh\/wp-json\/wp\/v2\/pages\/10\/revisions"}],"predecessor-version":[{"id":148,"href":"https:\/\/wp.ufpel.edu.br\/acervosdocumentaisndh\/wp-json\/wp\/v2\/pages\/10\/revisions\/148"}],"wp:attachment":[{"href":"https:\/\/wp.ufpel.edu.br\/acervosdocumentaisndh\/wp-json\/wp\/v2\/media?parent=10"}],"curies":[{"name":"wp","href":"https:\/\/api.w.org\/{rel}","templated":true}]}}